{"id":152386,"date":"2021-03-16T08:15:01","date_gmt":"2021-03-16T13:15:01","guid":{"rendered":"https:\/\/www.acrartex.com\/products\/projecteur-rcl-300a\/"},"modified":"2026-02-03T14:06:43","modified_gmt":"2026-02-03T19:06:43","slug":"projecteur-rcl-300a","status":"publish","type":"product","link":"https:\/\/www.acrartex.com\/fr\/products\/projecteur-rcl-300a\/","title":{"rendered":"Projecteur RCL -300A"},"content":{"rendered":"<p>Il est dot\u00e9 d&#8217;un joint d&#8217;\u00e9tanch\u00e9it\u00e9 et d&#8217;une finition pour r\u00e9sister \u00e0 l&#8217;environnement marin, et toutes les fonctions peuvent \u00eatre actionn\u00e9es \u00e0 l&#8217;aide du Point Pad\u2122 et du contr\u00f4leur principal fournis (jusqu&#8217;\u00e0 trois t\u00e9l\u00e9commandes peuvent \u00eatre install\u00e9es).<\/p>\n<ul>\n<li>Le m\u00e9canisme d&#8217;\u00e9l\u00e9vation interne permet de contr\u00f4ler la hauteur du faisceau du projecteur ; prot\u00e8ge le m\u00e9canisme d&#8217;\u00e9l\u00e9vation des intemp\u00e9ries<\/li>\n<li>Comprend une t\u00e9l\u00e9commande Point Pad\u2122 du bout des doigts&nbsp;; jusqu&#8217;\u00e0 trois unit\u00e9s Point Pad\u2122 distantes peuvent \u00eatre install\u00e9es sur le syst\u00e8me&nbsp;; options de montage en surface\/encastr\u00e9 incluses<\/li>\n<li>Bo\u00eetier robuste en aluminium de qualit\u00e9 marine, triplement appr\u00eat\u00e9 et scell\u00e9<\/li>\n<li>La fonction XRCiZ\u2122 fait pivoter et d\u00e9place l&#8217;assemblage d&#8217;\u00e9clairage tous les 30 jours \u00e0 compter de l&#8217;activation pour maintenir toutes les surfaces d&#8217;appui exemptes de corrosion et tous les contacts \u00e9lectriques fonctionnels<\/li>\n<li>Construction r\u00e9sistante \u00e0 l&#8217;eau sal\u00e9e avec rondelles en nylon et ph\u00e9noliques, vis en acier inoxydable aluminis\u00e9 avec lubrifiant isolant<\/li>\n<li>Faisceau de c\u00e2bles inclus<\/li>\n<li>* Les lampes HID aux halog\u00e9nures m\u00e9talliques jumel\u00e9es de 35 W fournissent plus de 500 000 CD chacune et 1 million de CD efficaces lorsqu&#8217;elles sont combin\u00e9es.<\/li>\n<\/ul>\n<p>\u00c9tiquettes&nbsp;: projecteurs, projecteur, projecteur RCL , RCL 300, projecteur de bateau, projecteur marin, projecteurs marins, projecteur ACR, 1933, r\u00e9f. 1933<\/p>\n","protected":false},"excerpt":{"rendered":"<p>Deux lampes HID aux halog\u00e9nures m\u00e9talliques de 35 watts cr\u00e9ent un projecteur \u00e0 faisceau \u00e9troit, id\u00e9al pour les grands yachts de sport et les m\u00e9ga-yachts, ainsi que pour les grands navires de p\u00eache sportive et les navires commerciaux. Le projecteur RCL -300A est con\u00e7u pour am\u00e9liorer la s\u00e9curit\u00e9 en mer pendant les op\u00e9rations de nuit. Son utilisation est simple gr\u00e2ce \u00e0 son joystick de qualit\u00e9 professionnelle, certifi\u00e9 IP 69K et dot\u00e9 d&#8217;un \u00e9clairage puissant.  <\/p>\n<p><a href=\"https:\/\/www.dropbox.com\/s\/8343nj28z0d7bxa\/Prop%2065%20-%20BPA.pdf?dl=0\">AVERTISSEMENT : PROPOSITION 65<\/a><\/p>\n","protected":false},"featured_media":152387,"template":"","meta":{"_acf_changed":false,"om_disable_all_campaigns":false},"product_brand":[],"product_cat":[5721,7163],"product_tag":[7173,7167,7174,7172,7169,7170,7166,7168,7176,7175,7171,7164,7180],"class_list":{"0":"post-152386","1":"product","2":"type-product","3":"status-publish","4":"has-post-thumbnail","6":"product_cat-marin-fr","7":"product_cat-projecteurs","8":"product_tag-entreprise-de-projecteurs","9":"product_tag-projecteur","10":"product_tag-projecteur-acr","11":"product_tag-projecteur-au-xenon","12":"product_tag-projecteur-de-bateau","13":"product_tag-projecteur-marin","14":"product_tag-projecteurs","15":"product_tag-projecteurs-a-vendre","16":"product_tag-projecteurs-acr","17":"product_tag-projecteurs-au-xenon","18":"product_tag-projecteurs-marins","19":"product_tag-rcl-fr","20":"product_tag-rcl-300a-fr","21":"pa_product-projecteurs","23":"first","24":"instock","25":"taxable","26":"shipping-taxable","27":"purchasable","28":"product-type-simple"},"acf":[],"_links":{"self":[{"href":"https:\/\/www.acrartex.com\/fr\/wp-json\/wp\/v2\/product\/152386","targetHints":{"allow":["GET"]}}],"collection":[{"href":"https:\/\/www.acrartex.com\/fr\/wp-json\/wp\/v2\/product"}],"about":[{"href":"https:\/\/www.acrartex.com\/fr\/wp-json\/wp\/v2\/types\/product"}],"wp:featuredmedia":[{"embeddable":true,"href":"https:\/\/www.acrartex.com\/fr\/wp-json\/wp\/v2\/media\/152387"}],"wp:attachment":[{"href":"https:\/\/www.acrartex.com\/fr\/wp-json\/wp\/v2\/media?parent=152386"}],"wp:term":[{"taxonomy":"product_brand","embeddable":true,"href":"https:\/\/www.acrartex.com\/fr\/wp-json\/wp\/v2\/product_brand?post=152386"},{"taxonomy":"product_cat","embeddable":true,"href":"https:\/\/www.acrartex.com\/fr\/wp-json\/wp\/v2\/product_cat?post=152386"},{"taxonomy":"product_tag","embeddable":true,"href":"https:\/\/www.acrartex.com\/fr\/wp-json\/wp\/v2\/product_tag?post=152386"}],"curies":[{"name":"wp","href":"https:\/\/api.w.org\/{rel}","templated":true}]}}