{"id":152378,"date":"2021-03-16T08:14:56","date_gmt":"2021-03-16T13:14:56","guid":{"rendered":"https:\/\/www.acrartex.com\/products\/projecteur-rcl-600a\/"},"modified":"2026-02-03T14:10:15","modified_gmt":"2026-02-03T19:10:15","slug":"projecteur-rcl-600a","status":"publish","type":"product","link":"https:\/\/www.acrartex.com\/fr\/products\/projecteur-rcl-600a\/","title":{"rendered":"Projecteur RCL -600A"},"content":{"rendered":"<p>Le projecteur robuste en aluminium avec rev\u00eatement en poudre, dot\u00e9 de tous les moteurs internes\/prot\u00e9g\u00e9s et de m\u00e9canismes d&#8217;\u00e9l\u00e9vation, r\u00e9sistera \u00e0 l&#8217;environnement marin difficile pendant des ann\u00e9es de service utile.<\/p>\n<ul>\n<li>Le retour automatique ram\u00e8ne la lumi\u00e8re \u00e0 une position pr\u00e9d\u00e9finie<\/li>\n<li>La lampe au x\u00e9non et le r\u00e9flecteur parabolique fournissent un faisceau de projecteur hyper-intense de 6 000 000 candelas<\/li>\n<li>Le bo\u00eetier pivote \u00e0 360\u00b0, permettant un \u00e9clairage complet<\/li>\n<li>Les rondelles d&#8217;\u00e9paulement en nylon \u00e0 la base \u00e9liminent la r\u00e9action galvanique<\/li>\n<li>Bo\u00eetier en aluminium de qualit\u00e9 marine pour des ann\u00e9es de service fiable et r\u00e9sistant aux intemp\u00e9ries<\/li>\n<li>Esth\u00e9tiquement con\u00e7u pour r\u00e9pondre aux exigences de performance des grands yachts de plaisance<\/li>\n<li>Le m\u00e9canisme d&#8217;\u00e9l\u00e9vation interne permet de contr\u00f4ler la hauteur du projecteur tout en prot\u00e9geant le m\u00e9canisme d&#8217;\u00e9l\u00e9vation des intemp\u00e9ries<\/li>\n<\/ul>\n<p>\u00c9tiquettes&nbsp;: projecteurs, projecteur, projecteur RCL , RCL 600, projecteur de bateau, projecteur marin, projecteurs marins, projecteur ACR , 1941, r\u00e9f. 1941<\/p>\n","protected":false},"excerpt":{"rendered":"<p>Avec ses 6 millions de candelas, ce projecteur haut de gamme perce m\u00eame la nuit la plus sombre. Son ampoule x\u00e9non haute intensit\u00e9 de 150 watts et son r\u00e9flecteur parabolique offrent une puissance exceptionnelle aux navires commerciaux, tandis que son design esth\u00e9tique r\u00e9pond aux besoins des grands yachts de plaisance. Passez facilement du mode projecteur au mode projecteur et visez avec pr\u00e9cision gr\u00e2ce au joystick d\u00e9port\u00e9.  <\/p>\n","protected":false},"featured_media":152379,"template":"","meta":{"_acf_changed":false,"om_disable_all_campaigns":false},"product_brand":[],"product_cat":[5950,5721,5948,5946,7163],"product_tag":[7173,7167,7174,7172,7169,7165,7177,7170,7178,7166,7168,7176,7175,7171,7164],"class_list":{"0":"post-152378","1":"product","2":"type-product","3":"status-publish","4":"has-post-thumbnail","6":"product_cat-commercial-fr","7":"product_cat-marin-fr","8":"product_cat-offshore-fr","9":"product_cat-pres-du-rivage","10":"product_cat-projecteurs","11":"product_tag-entreprise-de-projecteurs","12":"product_tag-projecteur","13":"product_tag-projecteur-acr","14":"product_tag-projecteur-au-xenon","15":"product_tag-projecteur-de-bateau","16":"product_tag-projecteur-de-recherche-rcl","17":"product_tag-projecteur-jabsco","18":"product_tag-projecteur-marin","19":"product_tag-projecteur-telecommande","20":"product_tag-projecteurs","21":"product_tag-projecteurs-a-vendre","22":"product_tag-projecteurs-acr","23":"product_tag-projecteurs-au-xenon","24":"product_tag-projecteurs-marins","25":"product_tag-rcl-fr","26":"pa_boat-type-cargo","27":"pa_boat-type-location-de-yacht","28":"pa_boat-type-peche-commerciale","29":"pa_boat-type-yacht-fr","30":"pa_product-projecteurs","32":"first","33":"instock","34":"taxable","35":"shipping-taxable","36":"purchasable","37":"product-type-simple"},"acf":[],"_links":{"self":[{"href":"https:\/\/www.acrartex.com\/fr\/wp-json\/wp\/v2\/product\/152378","targetHints":{"allow":["GET"]}}],"collection":[{"href":"https:\/\/www.acrartex.com\/fr\/wp-json\/wp\/v2\/product"}],"about":[{"href":"https:\/\/www.acrartex.com\/fr\/wp-json\/wp\/v2\/types\/product"}],"wp:featuredmedia":[{"embeddable":true,"href":"https:\/\/www.acrartex.com\/fr\/wp-json\/wp\/v2\/media\/152379"}],"wp:attachment":[{"href":"https:\/\/www.acrartex.com\/fr\/wp-json\/wp\/v2\/media?parent=152378"}],"wp:term":[{"taxonomy":"product_brand","embeddable":true,"href":"https:\/\/www.acrartex.com\/fr\/wp-json\/wp\/v2\/product_brand?post=152378"},{"taxonomy":"product_cat","embeddable":true,"href":"https:\/\/www.acrartex.com\/fr\/wp-json\/wp\/v2\/product_cat?post=152378"},{"taxonomy":"product_tag","embeddable":true,"href":"https:\/\/www.acrartex.com\/fr\/wp-json\/wp\/v2\/product_tag?post=152378"}],"curies":[{"name":"wp","href":"https:\/\/api.w.org\/{rel}","templated":true}]}}