{"id":152323,"date":"2021-03-16T08:14:06","date_gmt":"2021-03-16T13:14:06","guid":{"rendered":"https:\/\/www.acrartex.com\/products\/interrupteur-a-distance-lear\/"},"modified":"2021-03-16T08:14:06","modified_gmt":"2021-03-16T13:14:06","slug":"interrupteur-a-distance-lear","status":"publish","type":"product","link":"https:\/\/www.acrartex.com\/fr\/products\/interrupteur-a-distance-lear\/","title":{"rendered":"Interrupteur \u00e0 distance \u2013 Lear"},"content":{"rendered":"","protected":false},"excerpt":{"rendered":"<p>Cet interrupteur \u00e0 distance a \u00e9t\u00e9 con\u00e7u pour r\u00e9pondre aux exigences des jets d&#8217;affaires Lear.<\/p>\n<p>&nbsp;<\/p>\n","protected":false},"featured_media":152324,"template":"","meta":{"_acf_changed":false,"om_disable_all_campaigns":false},"product_brand":[],"product_cat":[2922],"product_tag":[7024,7022,6407,6406,6405,6404,6408,7025,7020],"class_list":{"0":"post-152323","1":"product","2":"type-product","3":"status-publish","4":"has-post-thumbnail","6":"product_cat-non-categorise","7":"product_tag-apprendre-a-changer-delt","8":"product_tag-apprendre-linterrupteur-elt","9":"product_tag-apprentissage-de-linterrupteur-a-distance","10":"product_tag-interrupteur-a-distance-cessna","11":"product_tag-interrupteur-a-distance-oem","12":"product_tag-interrupteur-a-distance-oem-elt","13":"product_tag-interrupteur-elt-militaire","14":"product_tag-interrupteur-elt-oem","15":"product_tag-panneau-boeing-elt","17":"first","18":"instock","19":"taxable","20":"shipping-taxable","21":"product-type-simple"},"acf":[],"_links":{"self":[{"href":"https:\/\/www.acrartex.com\/fr\/wp-json\/wp\/v2\/product\/152323","targetHints":{"allow":["GET"]}}],"collection":[{"href":"https:\/\/www.acrartex.com\/fr\/wp-json\/wp\/v2\/product"}],"about":[{"href":"https:\/\/www.acrartex.com\/fr\/wp-json\/wp\/v2\/types\/product"}],"wp:featuredmedia":[{"embeddable":true,"href":"https:\/\/www.acrartex.com\/fr\/wp-json\/wp\/v2\/media\/152324"}],"wp:attachment":[{"href":"https:\/\/www.acrartex.com\/fr\/wp-json\/wp\/v2\/media?parent=152323"}],"wp:term":[{"taxonomy":"product_brand","embeddable":true,"href":"https:\/\/www.acrartex.com\/fr\/wp-json\/wp\/v2\/product_brand?post=152323"},{"taxonomy":"product_cat","embeddable":true,"href":"https:\/\/www.acrartex.com\/fr\/wp-json\/wp\/v2\/product_cat?post=152323"},{"taxonomy":"product_tag","embeddable":true,"href":"https:\/\/www.acrartex.com\/fr\/wp-json\/wp\/v2\/product_tag?post=152323"}],"curies":[{"name":"wp","href":"https:\/\/api.w.org\/{rel}","templated":true}]}}