{"id":152318,"date":"2021-03-16T08:14:14","date_gmt":"2021-03-16T13:14:14","guid":{"rendered":"https:\/\/www.acrartex.com\/products\/interrupteur-a-distance-cessna\/"},"modified":"2021-03-16T08:14:14","modified_gmt":"2021-03-16T13:14:14","slug":"interrupteur-a-distance-cessna","status":"publish","type":"product","link":"https:\/\/www.acrartex.com\/fr\/products\/interrupteur-a-distance-cessna\/","title":{"rendered":"Interrupteur \u00e0 distance \u2013 Cessna"},"content":{"rendered":"","protected":false},"excerpt":{"rendered":"<p>Cet interrupteur \u00e0 distance a \u00e9t\u00e9 con\u00e7u pour r\u00e9pondre aux exigences de Cessna visant \u00e0 faire correspondre la couleur de leur couvercle d&#8217;interrupteur avec la couleur de leur tableau de bord.<\/p>\n<p>&nbsp;<\/p>\n","protected":false},"featured_media":152326,"template":"","meta":{"_acf_changed":false,"om_disable_all_campaigns":false},"product_brand":[],"product_cat":[2922],"product_tag":[7024,7022,6407,6895,6406,7028,6405,6404,7032,7030,7025,7020,6296],"class_list":{"0":"post-152318","1":"product","2":"type-product","3":"status-publish","4":"has-post-thumbnail","6":"product_cat-non-categorise","7":"product_tag-apprendre-a-changer-delt","8":"product_tag-apprendre-linterrupteur-elt","9":"product_tag-apprentissage-de-linterrupteur-a-distance","10":"product_tag-interrupteur-a-distance","11":"product_tag-interrupteur-a-distance-cessna","12":"product_tag-interrupteur-a-distance-elt","13":"product_tag-interrupteur-a-distance-oem","14":"product_tag-interrupteur-a-distance-oem-elt","15":"product_tag-interrupteur-boeing-elt","16":"product_tag-interrupteur-elt-cessna","17":"product_tag-interrupteur-elt-oem","18":"product_tag-panneau-boeing-elt","19":"product_tag-telecommande","21":"first","22":"instock","23":"taxable","24":"shipping-taxable","25":"product-type-simple"},"acf":[],"_links":{"self":[{"href":"https:\/\/www.acrartex.com\/fr\/wp-json\/wp\/v2\/product\/152318","targetHints":{"allow":["GET"]}}],"collection":[{"href":"https:\/\/www.acrartex.com\/fr\/wp-json\/wp\/v2\/product"}],"about":[{"href":"https:\/\/www.acrartex.com\/fr\/wp-json\/wp\/v2\/types\/product"}],"wp:featuredmedia":[{"embeddable":true,"href":"https:\/\/www.acrartex.com\/fr\/wp-json\/wp\/v2\/media\/152326"}],"wp:attachment":[{"href":"https:\/\/www.acrartex.com\/fr\/wp-json\/wp\/v2\/media?parent=152318"}],"wp:term":[{"taxonomy":"product_brand","embeddable":true,"href":"https:\/\/www.acrartex.com\/fr\/wp-json\/wp\/v2\/product_brand?post=152318"},{"taxonomy":"product_cat","embeddable":true,"href":"https:\/\/www.acrartex.com\/fr\/wp-json\/wp\/v2\/product_cat?post=152318"},{"taxonomy":"product_tag","embeddable":true,"href":"https:\/\/www.acrartex.com\/fr\/wp-json\/wp\/v2\/product_tag?post=152318"}],"curies":[{"name":"wp","href":"https:\/\/api.w.org\/{rel}","templated":true}]}}