{"id":152286,"date":"2021-03-16T08:14:18","date_gmt":"2021-03-16T13:14:18","guid":{"rendered":"https:\/\/www.acrartex.com\/products\/interrupteur-a-distance-me406-ace-455-0023\/"},"modified":"2025-07-07T12:48:40","modified_gmt":"2025-07-07T17:48:40","slug":"interrupteur-a-distance-me406-ace-455-0023","status":"publish","type":"product","link":"https:\/\/www.acrartex.com\/fr\/products\/interrupteur-a-distance-me406-ace-455-0023\/","title":{"rendered":"Interrupteur \u00e0 distance, ME406 ACE 455-0023"},"content":{"rendered":"<p>L&#8217;interrupteur \u00e0 distance contient une petite pile au lithium d&#8217;une dur\u00e9e de vie de 5 ans qui alimente la LED, permettant ainsi au syst\u00e8me ELT d&#8217;\u00eatre ind\u00e9pendant de l&#8217;alimentation de l&#8217;avion. \u00c0 l&#8217;arri\u00e8re de l&#8217;interrupteur \u00e0 distance se trouve le connecteur pour le c\u00e2ble t\u00e9l\u00e9phonique d\u00e9j\u00e0 install\u00e9 et r\u00e9utilis\u00e9 de l&#8217;installation ELT ACK ou Ameri-King. <\/p>\n","protected":false},"excerpt":{"rendered":"<p>Ce commutateur \u00e0 distance contient une petite pile au lithium d&#8217;une dur\u00e9e de vie de 5 ans, con\u00e7ue pour alimenter sa LED, permettant ainsi au syst\u00e8me ELT d&#8217;\u00eatre ind\u00e9pendant de l&#8217;alimentation de l&#8217;avion. \u00c0 l&#8217;arri\u00e8re du commutateur \u00e0 distance se trouve le connecteur pour le fil t\u00e9l\u00e9phonique d\u00e9j\u00e0 install\u00e9 et r\u00e9utilis\u00e9 de l&#8217;installation ELT ACK ou Ameri-King. Le commutateur \u00e0 distance du ME406 ACE s&#8217;ins\u00e8re parfaitement dans la d\u00e9coupe du commutateur \u00e0 distance ACK ELT sur le tableau de bord de l&#8217;avion. Cependant, pour les mises \u00e0 niveau du syst\u00e8me ELT Ameri-King, la d\u00e9coupe doit \u00eatre l\u00e9g\u00e8rement adapt\u00e9e.  <\/p>\n<p>&nbsp;<\/p>\n","protected":false},"featured_media":152290,"template":"","meta":{"_acf_changed":false,"om_disable_all_campaigns":false},"product_brand":[],"product_cat":[5628],"product_tag":[6948,6895,6414,6413,6945,6280,6947,6949,6952,6950,6954,6296],"class_list":{"0":"post-152286","1":"product","2":"type-product","3":"status-publish","4":"has-post-thumbnail","6":"product_cat-aviation-fr","7":"product_tag-453-0023-fr","8":"product_tag-interrupteur-a-distance","9":"product_tag-interrupteur-a-distance-de-vision-nocturne","10":"product_tag-interrupteur-a-distance-nvg","11":"product_tag-interrupteur-de-test-a-distance","12":"product_tag-interrupteurs-a-distance-elt","13":"product_tag-numero-de-piece-453-0023","14":"product_tag-pn-453-0023-fr","15":"product_tag-pn453-0023-fr","16":"product_tag-ref-453-0023","17":"product_tag-ref-453-0023-fr","18":"product_tag-telecommande","20":"first","21":"instock","22":"taxable","23":"shipping-taxable","24":"product-type-simple"},"acf":[],"_links":{"self":[{"href":"https:\/\/www.acrartex.com\/fr\/wp-json\/wp\/v2\/product\/152286","targetHints":{"allow":["GET"]}}],"collection":[{"href":"https:\/\/www.acrartex.com\/fr\/wp-json\/wp\/v2\/product"}],"about":[{"href":"https:\/\/www.acrartex.com\/fr\/wp-json\/wp\/v2\/types\/product"}],"wp:featuredmedia":[{"embeddable":true,"href":"https:\/\/www.acrartex.com\/fr\/wp-json\/wp\/v2\/media\/152290"}],"wp:attachment":[{"href":"https:\/\/www.acrartex.com\/fr\/wp-json\/wp\/v2\/media?parent=152286"}],"wp:term":[{"taxonomy":"product_brand","embeddable":true,"href":"https:\/\/www.acrartex.com\/fr\/wp-json\/wp\/v2\/product_brand?post=152286"},{"taxonomy":"product_cat","embeddable":true,"href":"https:\/\/www.acrartex.com\/fr\/wp-json\/wp\/v2\/product_cat?post=152286"},{"taxonomy":"product_tag","embeddable":true,"href":"https:\/\/www.acrartex.com\/fr\/wp-json\/wp\/v2\/product_tag?post=152286"}],"curies":[{"name":"wp","href":"https:\/\/api.w.org\/{rel}","templated":true}]}}