{"id":152237,"date":"2021-03-16T08:13:07","date_gmt":"2021-03-16T13:13:07","guid":{"rendered":"https:\/\/www.acrartex.com\/products\/support-epirb-sea-shelter-3-cat-i\/"},"modified":"2025-07-29T15:04:03","modified_gmt":"2025-07-29T20:04:03","slug":"support-epirb-sea-shelter-3-cat-i","status":"publish","type":"product","link":"https:\/\/www.acrartex.com\/fr\/products\/support-epirb-sea-shelter-3-cat-i\/","title":{"rendered":"Support EPIRB Sea Shelter \u2122 3 Cat I"},"content":{"rendered":"<ul>\n<li>M\u00e9canisme de lib\u00e9ration hydrostatique innovant \u00e0 changement rapide<\/li>\n<li>Le montage unidirectionnel \u00e9limine la possibilit\u00e9 d&#8217;installer EPIRB \u00e0 l&#8217;envers<\/li>\n<li>L&#8217;aimant de d\u00e9sactivation int\u00e9gr\u00e9 emp\u00eache l&#8217; EPIRB de transmettre jusqu&#8217;\u00e0 son d\u00e9ploiement<\/li>\n<li>D\u00e9ploie EPIRB lorsqu&#8217;il est immerg\u00e9 dans l&#8217;eau \u00e0 une profondeur comprise entre 4,9 et 13,1 pieds (1,5 \u00e0 4 m)<\/li>\n<\/ul>\n","protected":false},"excerpt":{"rendered":"<p>Les conditions difficiles n&#8217;ont aucune chance contre le Sea Shelter \u2122 3 Cat I. Ce support EPIRB est enti\u00e8rement ferm\u00e9, offrant une protection m\u00eame lors de vos aventures les plus extr\u00eames. Si votre embarcation prend l&#8217;eau, le Sea Shelter d\u00e9ploiera automatiquement votre EPIRB et enverra un signal \u00e0 un r\u00e9seau mondial de satellites de recherche et de sauvetage. <\/p>\n<p>&nbsp;<\/p>\n<p>Ce support EPIRB fonctionne avec les produits suivants :<\/p>\n<ul>\n<li>GlobalFix \u2122 iPRO (RLB-36)<\/li>\n<li>GlobalFix \u2122 PRO (RLB-37)<\/li>\n<li>SATELLITE 3 406\u2122 (RLB-38)<\/li>\n<\/ul>\n<p>REMARQUE&nbsp;: Le support de remplacement Sea Shelter \u2122 3 (r\u00e9f. 9501) n&#8217;inclut pas le dispositif de largage hydrostatique (HRU). Ce dispositif (r\u00e9f. 9490.1) doit \u00eatre command\u00e9 s\u00e9par\u00e9ment. <\/p>\n<p>&nbsp;<\/p>\n<p>&nbsp;<\/p>\n","protected":false},"featured_media":152238,"template":"","meta":{"_acf_changed":false,"om_disable_all_campaigns":false},"product_brand":[],"product_cat":[5950,5944,5721,5948,5946],"product_tag":[6851,6850,6857,6858,6842,6846,6852,6853,6849,6845,6847,6848,6843,6844,6855,6854,6856],"class_list":{"0":"post-152237","1":"product","2":"type-product","3":"status-publish","4":"has-post-thumbnail","6":"product_cat-commercial-fr","7":"product_cat-interieur","8":"product_cat-marin-fr","9":"product_cat-offshore-fr","10":"product_cat-pres-du-rivage","11":"product_tag-acr-cat-1-fr","12":"product_tag-acr-cat-i-fr","13":"product_tag-balise-de-detresse-de-categorie-1","14":"product_tag-balises-de-detresse-de-categorie-1","15":"product_tag-chat-i","16":"product_tag-cospas-sarsat-fr","17":"product_tag-epirb-a-declenchement-automatique","18":"product_tag-epirb-a-declenchement-hydrostatique","19":"product_tag-epirb-cat-1-fr","20":"product_tag-epirb-seche","21":"product_tag-securite-de-la-navigation","22":"product_tag-securite-nautique","23":"product_tag-support-406-mhz","24":"product_tag-support-acr","25":"product_tag-support-de-categorie-1","26":"product_tag-support-de-liberation-hydrostatique","27":"product_tag-tranche-de-categorie-i","28":"pa_boat-size-0-20-fr","29":"pa_boat-size-21-40-fr","30":"pa_boat-size-40-80-fr","31":"pa_boat-size-80-fr","32":"pa_boat-type-bateau-a-moteur","33":"pa_boat-type-cargo","34":"pa_boat-type-location-de-yacht","35":"pa_boat-type-peche-commerciale","36":"pa_boat-type-remorqueur","37":"pa_boat-type-sportcraft-fr","38":"pa_boat-type-voilier","39":"pa_boat-type-yacht-fr","40":"pa_product-accessoires-de-securite","41":"pa_product-rescue-beacons-fr","42":"pa_product-rescue-beacons-vhf-sart-fr","44":"first","45":"outofstock","46":"taxable","47":"shipping-taxable","48":"purchasable","49":"product-type-simple"},"acf":[],"_links":{"self":[{"href":"https:\/\/www.acrartex.com\/fr\/wp-json\/wp\/v2\/product\/152237","targetHints":{"allow":["GET"]}}],"collection":[{"href":"https:\/\/www.acrartex.com\/fr\/wp-json\/wp\/v2\/product"}],"about":[{"href":"https:\/\/www.acrartex.com\/fr\/wp-json\/wp\/v2\/types\/product"}],"wp:featuredmedia":[{"embeddable":true,"href":"https:\/\/www.acrartex.com\/fr\/wp-json\/wp\/v2\/media\/152238"}],"wp:attachment":[{"href":"https:\/\/www.acrartex.com\/fr\/wp-json\/wp\/v2\/media?parent=152237"}],"wp:term":[{"taxonomy":"product_brand","embeddable":true,"href":"https:\/\/www.acrartex.com\/fr\/wp-json\/wp\/v2\/product_brand?post=152237"},{"taxonomy":"product_cat","embeddable":true,"href":"https:\/\/www.acrartex.com\/fr\/wp-json\/wp\/v2\/product_cat?post=152237"},{"taxonomy":"product_tag","embeddable":true,"href":"https:\/\/www.acrartex.com\/fr\/wp-json\/wp\/v2\/product_tag?post=152237"}],"curies":[{"name":"wp","href":"https:\/\/api.w.org\/{rel}","templated":true}]}}