{"id":152186,"date":"2021-03-16T08:14:10","date_gmt":"2021-03-16T13:14:10","guid":{"rendered":"https:\/\/www.acrartex.com\/products\/interrupteur-a-distance-cessna-mustang\/"},"modified":"2021-03-16T08:14:10","modified_gmt":"2021-03-16T13:14:10","slug":"interrupteur-a-distance-cessna-mustang","status":"publish","type":"product","link":"https:\/\/www.acrartex.com\/fr\/products\/interrupteur-a-distance-cessna-mustang\/","title":{"rendered":"Interrupteur \u00e0 distance, Cessna Mustang"},"content":{"rendered":"","protected":false},"excerpt":{"rendered":"<p>Cet interrupteur \u00e0 distance a \u00e9t\u00e9 con\u00e7u sp\u00e9cifiquement pour les jets Cessna Mustang.<\/p>\n","protected":false},"featured_media":152191,"template":"","meta":{"_acf_changed":false,"om_disable_all_campaigns":false},"product_brand":[],"product_cat":[2922],"product_tag":[],"class_list":{"0":"post-152186","1":"product","2":"type-product","3":"status-publish","4":"has-post-thumbnail","6":"product_cat-non-categorise","8":"first","9":"instock","10":"taxable","11":"shipping-taxable","12":"product-type-simple"},"acf":[],"_links":{"self":[{"href":"https:\/\/www.acrartex.com\/fr\/wp-json\/wp\/v2\/product\/152186","targetHints":{"allow":["GET"]}}],"collection":[{"href":"https:\/\/www.acrartex.com\/fr\/wp-json\/wp\/v2\/product"}],"about":[{"href":"https:\/\/www.acrartex.com\/fr\/wp-json\/wp\/v2\/types\/product"}],"wp:featuredmedia":[{"embeddable":true,"href":"https:\/\/www.acrartex.com\/fr\/wp-json\/wp\/v2\/media\/152191"}],"wp:attachment":[{"href":"https:\/\/www.acrartex.com\/fr\/wp-json\/wp\/v2\/media?parent=152186"}],"wp:term":[{"taxonomy":"product_brand","embeddable":true,"href":"https:\/\/www.acrartex.com\/fr\/wp-json\/wp\/v2\/product_brand?post=152186"},{"taxonomy":"product_cat","embeddable":true,"href":"https:\/\/www.acrartex.com\/fr\/wp-json\/wp\/v2\/product_cat?post=152186"},{"taxonomy":"product_tag","embeddable":true,"href":"https:\/\/www.acrartex.com\/fr\/wp-json\/wp\/v2\/product_tag?post=152186"}],"curies":[{"name":"wp","href":"https:\/\/api.w.org\/{rel}","templated":true}]}}