{"id":152163,"date":"2021-03-16T08:13:16","date_gmt":"2021-03-16T13:13:16","guid":{"rendered":"https:\/\/www.acrartex.com\/products\/support-de-deverrouillage-manuel-globalfix-v4\/"},"modified":"2025-07-29T15:03:01","modified_gmt":"2025-07-29T20:03:01","slug":"support-de-deverrouillage-manuel-globalfix-v4","status":"publish","type":"product","link":"https:\/\/www.acrartex.com\/fr\/products\/support-de-deverrouillage-manuel-globalfix-v4\/","title":{"rendered":"Support de d\u00e9verrouillage manuel GlobalFix V4"},"content":{"rendered":"<ul>\n<li>Le montage unidirectionnel \u00e9limine la possibilit\u00e9 d&#8217;installer EPIRB \u00e0 l&#8217;envers<\/li>\n<li>L&#8217;aimant de d\u00e9sactivation int\u00e9gr\u00e9 emp\u00eache l&#8217; EPIRB de transmettre jusqu&#8217;\u00e0 son d\u00e9ploiement<\/li>\n<li>Fonctionne avec l&#8217; ACR GlobalFix \u2122 V4 (RLB-41)<\/li>\n<\/ul>\n","protected":false},"excerpt":{"rendered":"<p>Assurez une s\u00e9curit\u00e9 accrue en mer avec le support de d\u00e9verrouillage manuel GlobalFix V4. Ce support EPIRB permet de ranger votre EPIRB en toute s\u00e9curit\u00e9, o\u00f9 que vous soyez. En cas d&#8217;urgence en mer, le support GlobalFix V4 offre un d\u00e9verrouillage rapide, vous permettant d&#8217;envoyer rapidement et facilement un signal aux satellites de recherche et de sauvetage. Ce support est uniquement compatible avec les EPIRB GlobalFix \u2122 V4.   <\/p>\n<p>&nbsp;<\/p>\n<p>&nbsp;<\/p>\n<p>&nbsp;<\/p>\n","protected":false},"featured_media":152166,"template":"","meta":{"_acf_changed":false,"om_disable_all_campaigns":false},"product_brand":[],"product_cat":[6680,5950,5944,5721,5948,5946],"product_tag":[6703,6709,6682,6699,6691,6706,6695],"class_list":{"0":"post-152163","1":"product","2":"type-product","3":"status-publish","4":"has-post-thumbnail","6":"product_cat-accessoires-de-securite","7":"product_cat-commercial-fr","8":"product_cat-interieur","9":"product_cat-marin-fr","10":"product_cat-offshore-fr","11":"product_cat-pres-du-rivage","12":"product_tag-categorie-2-fr","13":"product_tag-rlb-fr","14":"product_tag-rlb-41-fr","15":"product_tag-rlb-41-categorie-ii-fr","16":"product_tag-support","17":"product_tag-support-de-deverrouillage","18":"product_tag-support-de-deverrouillage-manuel-rlb-41-categorie-ii","19":"pa_boat-size-0-20-fr","20":"pa_boat-size-21-40-fr","21":"pa_boat-size-40-80-fr","22":"pa_boat-size-80-fr","23":"pa_boat-type-bateau-a-moteur","24":"pa_boat-type-cargo","25":"pa_boat-type-location-de-yacht","26":"pa_boat-type-peche-commerciale","27":"pa_boat-type-remorqueur","28":"pa_boat-type-sportcraft-fr","29":"pa_boat-type-voilier","30":"pa_boat-type-yacht-fr","31":"pa_product-accessoires-de-securite","32":"pa_product-rescue-beacons-fr","33":"pa_product-rescue-beacons-vhf-sart-fr","35":"first","36":"onbackorder","37":"taxable","38":"shipping-taxable","39":"purchasable","40":"product-type-simple"},"acf":[],"_links":{"self":[{"href":"https:\/\/www.acrartex.com\/fr\/wp-json\/wp\/v2\/product\/152163","targetHints":{"allow":["GET"]}}],"collection":[{"href":"https:\/\/www.acrartex.com\/fr\/wp-json\/wp\/v2\/product"}],"about":[{"href":"https:\/\/www.acrartex.com\/fr\/wp-json\/wp\/v2\/types\/product"}],"wp:featuredmedia":[{"embeddable":true,"href":"https:\/\/www.acrartex.com\/fr\/wp-json\/wp\/v2\/media\/152166"}],"wp:attachment":[{"href":"https:\/\/www.acrartex.com\/fr\/wp-json\/wp\/v2\/media?parent=152163"}],"wp:term":[{"taxonomy":"product_brand","embeddable":true,"href":"https:\/\/www.acrartex.com\/fr\/wp-json\/wp\/v2\/product_brand?post=152163"},{"taxonomy":"product_cat","embeddable":true,"href":"https:\/\/www.acrartex.com\/fr\/wp-json\/wp\/v2\/product_cat?post=152163"},{"taxonomy":"product_tag","embeddable":true,"href":"https:\/\/www.acrartex.com\/fr\/wp-json\/wp\/v2\/product_tag?post=152163"}],"curies":[{"name":"wp","href":"https:\/\/api.w.org\/{rel}","templated":true}]}}