{"id":152113,"date":"2021-03-16T08:14:02","date_gmt":"2021-03-16T13:14:02","guid":{"rendered":"https:\/\/www.acrartex.com\/products\/interrupteur-a-distance-raytheon\/"},"modified":"2021-03-16T08:14:02","modified_gmt":"2021-03-16T13:14:02","slug":"interrupteur-a-distance-raytheon","status":"publish","type":"product","link":"https:\/\/www.acrartex.com\/fr\/products\/interrupteur-a-distance-raytheon\/","title":{"rendered":"Interrupteur \u00e0 distance \u2013 Raytheon"},"content":{"rendered":"","protected":false},"excerpt":{"rendered":"<p>Cet interrupteur \u00e0 distance a \u00e9t\u00e9 con\u00e7u pour r\u00e9pondre aux exigences des jets d&#8217;affaires Raytheon.<\/p>\n<p>&nbsp;<\/p>\n","protected":false},"featured_media":152114,"template":"","meta":{"_acf_changed":false,"om_disable_all_campaigns":false},"product_brand":[],"product_cat":[2922],"product_tag":[6407,6410,6406,6414,6409,6413,6405,6404,6412,6411,6408,6280],"class_list":{"0":"post-152113","1":"product","2":"type-product","3":"status-publish","4":"has-post-thumbnail","6":"product_cat-non-categorise","7":"product_tag-apprentissage-de-linterrupteur-a-distance","8":"product_tag-commutateur-militaire-pour-elt","9":"product_tag-interrupteur-a-distance-cessna","10":"product_tag-interrupteur-a-distance-de-vision-nocturne","11":"product_tag-interrupteur-a-distance-militaire","12":"product_tag-interrupteur-a-distance-nvg","13":"product_tag-interrupteur-a-distance-oem","14":"product_tag-interrupteur-a-distance-oem-elt","15":"product_tag-interrupteur-de-test-a-distance-militaire","16":"product_tag-interrupteur-elt-de-test-militaire","17":"product_tag-interrupteur-elt-militaire","18":"product_tag-interrupteurs-a-distance-elt","20":"first","21":"instock","22":"taxable","23":"shipping-taxable","24":"product-type-simple"},"acf":[],"_links":{"self":[{"href":"https:\/\/www.acrartex.com\/fr\/wp-json\/wp\/v2\/product\/152113","targetHints":{"allow":["GET"]}}],"collection":[{"href":"https:\/\/www.acrartex.com\/fr\/wp-json\/wp\/v2\/product"}],"about":[{"href":"https:\/\/www.acrartex.com\/fr\/wp-json\/wp\/v2\/types\/product"}],"wp:featuredmedia":[{"embeddable":true,"href":"https:\/\/www.acrartex.com\/fr\/wp-json\/wp\/v2\/media\/152114"}],"wp:attachment":[{"href":"https:\/\/www.acrartex.com\/fr\/wp-json\/wp\/v2\/media?parent=152113"}],"wp:term":[{"taxonomy":"product_brand","embeddable":true,"href":"https:\/\/www.acrartex.com\/fr\/wp-json\/wp\/v2\/product_brand?post=152113"},{"taxonomy":"product_cat","embeddable":true,"href":"https:\/\/www.acrartex.com\/fr\/wp-json\/wp\/v2\/product_cat?post=152113"},{"taxonomy":"product_tag","embeddable":true,"href":"https:\/\/www.acrartex.com\/fr\/wp-json\/wp\/v2\/product_tag?post=152113"}],"curies":[{"name":"wp","href":"https:\/\/api.w.org\/{rel}","templated":true}]}}