{"id":152069,"date":"2021-03-16T08:13:54","date_gmt":"2021-03-16T13:13:54","guid":{"rendered":"https:\/\/www.acrartex.com\/products\/interrupteur-a-distance-norme-8304\/"},"modified":"2021-03-16T08:13:54","modified_gmt":"2021-03-16T13:13:54","slug":"interrupteur-a-distance-norme-8304","status":"publish","type":"product","link":"https:\/\/www.acrartex.com\/fr\/products\/interrupteur-a-distance-norme-8304\/","title":{"rendered":"Interrupteur \u00e0 distance, norme 8304"},"content":{"rendered":"","protected":false},"excerpt":{"rendered":"<p>Ce commutateur \u00e0 distance a \u00e9t\u00e9 con\u00e7u pour r\u00e9duire les co\u00fbts d&#8217;installation et s&#8217;adapter aux installations \u00e0 deux fils utilis\u00e9es sur les anciens ELT 121,5 MHz. Bien que le commutateur \u00e0 trois positions soit toujours r\u00e9gl\u00e9 par d\u00e9faut sur le mode ARM\u00c9, vous pouvez modifier les param\u00e8tres pour tester votre ELT ou l&#8217;activer depuis le cockpit. <\/p>\n","protected":false},"featured_media":152080,"template":"","meta":{"_acf_changed":false,"om_disable_all_campaigns":false},"product_brand":[],"product_cat":[2922],"product_tag":[6289,6299,6282,6280,6286,6291,6293,6296],"class_list":{"0":"post-152069","1":"product","2":"type-product","3":"status-publish","4":"has-post-thumbnail","6":"product_cat-non-categorise","7":"product_tag-8304-fr","8":"product_tag-commutateurs","9":"product_tag-interrupteur-a-distance-elt-1000","10":"product_tag-interrupteurs-a-distance-elt","11":"product_tag-numero-de-piece-8304","12":"product_tag-pn-345-6196-fr","13":"product_tag-ref-8304","14":"product_tag-telecommande","16":"first","17":"instock","18":"taxable","19":"shipping-taxable","20":"product-type-simple"},"acf":[],"_links":{"self":[{"href":"https:\/\/www.acrartex.com\/fr\/wp-json\/wp\/v2\/product\/152069","targetHints":{"allow":["GET"]}}],"collection":[{"href":"https:\/\/www.acrartex.com\/fr\/wp-json\/wp\/v2\/product"}],"about":[{"href":"https:\/\/www.acrartex.com\/fr\/wp-json\/wp\/v2\/types\/product"}],"wp:featuredmedia":[{"embeddable":true,"href":"https:\/\/www.acrartex.com\/fr\/wp-json\/wp\/v2\/media\/152080"}],"wp:attachment":[{"href":"https:\/\/www.acrartex.com\/fr\/wp-json\/wp\/v2\/media?parent=152069"}],"wp:term":[{"taxonomy":"product_brand","embeddable":true,"href":"https:\/\/www.acrartex.com\/fr\/wp-json\/wp\/v2\/product_brand?post=152069"},{"taxonomy":"product_cat","embeddable":true,"href":"https:\/\/www.acrartex.com\/fr\/wp-json\/wp\/v2\/product_cat?post=152069"},{"taxonomy":"product_tag","embeddable":true,"href":"https:\/\/www.acrartex.com\/fr\/wp-json\/wp\/v2\/product_tag?post=152069"}],"curies":[{"name":"wp","href":"https:\/\/api.w.org\/{rel}","templated":true}]}}