{"id":152064,"date":"2021-03-16T08:13:31","date_gmt":"2021-03-16T13:13:31","guid":{"rendered":"https:\/\/www.acrartex.com\/products\/resqlink-2\/"},"modified":"2025-07-07T12:33:35","modified_gmt":"2025-07-07T17:33:35","slug":"resqlink-2","status":"publish","type":"product","link":"https:\/\/www.acrartex.com\/fr\/products\/resqlink-2\/","title":{"rendered":"ResQLink \u2122+"},"content":{"rendered":"<p><a href=\"https:\/\/www.acrartex.com\/products\/resqlink-view\/\"><em><strong>Ce produit a \u00e9t\u00e9 mis \u00e0 niveau.  <\/strong><\/em><\/a><\/p>\n<p>Avec un poids de 147 g et une longueur maximale de 11,4 cm, le ResQLink + est une Personal Locator Beacon compacte et flottante. Assez compacte pour \u00eatre transport\u00e9e dans une poche, accroch\u00e9e \u00e0 un sac \u00e0 dos ou rang\u00e9e dans un gilet de sauvetage gonflable. <\/p>\n<p>Gr\u00e2ce \u00e0 trois niveaux de technologie de signal int\u00e9gr\u00e9s (positionnement GPS , puissant signal de 406 MHz et fonction de radioguidage de 121,5 MHz), le ResQLink +\u2122 transmet rapidement et pr\u00e9cis\u00e9ment votre position \u00e0 un r\u00e9seau mondial de satellites de recherche et de sauvetage. Un flash int\u00e9gr\u00e9 assure la visibilit\u00e9 lors des sauvetages de nuit. <\/p>\n<p>Les PLB ont fait leurs preuves dans des endroits parmi les plus recul\u00e9s et les conditions les plus p\u00e9rilleuses du monde. Il suffit de demander aux quelque 400 pilotes, plaisanciers et explorateurs de l&#8217;arri\u00e8re-pays sauv\u00e9s par une PLB lors d&#8217;un programme de tests rigoureux en Alaska. En grande partie gr\u00e2ce aux r\u00e9sultats de ces tests, le gouvernement f\u00e9d\u00e9ral a approuv\u00e9 l&#8217;utilisation des PLB aux \u00c9tats-Unis en 2003.  <\/p>\n<p>M\u00eame dans des conditions et situations extr\u00eames, le ResQLink + s&#8217;active facilement. Il suffit de d\u00e9ployer l&#8217;antenne et d&#8217;appuyer sur le bouton ON. Gr\u00e2ce \u00e0 son puissant GPS 66 canaux, le ResQLink +\u2122 guide les sauveteurs \u00e0 100 m\u00e8tres ou moins de votre position. Aux \u00c9tats-Unis continentaux, les \u00e9quipes de recherche et de sauvetage sont g\u00e9n\u00e9ralement alert\u00e9es de votre position en seulement cinq minutes gr\u00e2ce \u00e0 une PLB GPS comme le ResQLink +.   <\/p>\n<p>Deux tests int\u00e9gr\u00e9s vous permettent de v\u00e9rifier r\u00e9guli\u00e8rement que le ResQLink + fonctionne et est pr\u00eat \u00e0 l&#8217;emploi \u2013 en appuyant sur un bouton, vous pouvez facilement tester l&#8217;\u00e9lectronique interne et la fonctionnalit\u00e9 GPS .<\/p>\n<ul>\n<li>Flottable<\/li>\n<li>Aucun frais d&#8217;abonnement<\/li>\n<li>Stroboscope LED super lumineux<\/li>\n<li>GPS embarqu\u00e9 \u00e0 66 canaux<\/li>\n<li>Fonctionnalit\u00e9s d&#8217;auto-test et de test GPS<\/li>\n<li>Performance typique 30 heures<\/li>\n<li>Batterie non dangereuse<\/li>\n<li>Fabriqu\u00e9 aux \u00c9tats-Unis<\/li>\n<li>Si vous l&#8217;utilisez, nous la remplacerons <a href=\"http:\/\/www.survivorclub.com\/\">gratuitement<\/a> . Soumettez simplement votre histoire via notre lien Survivor Club , renvoyez-nous votre balise usag\u00e9e pour qu&#8217;elle soit int\u00e9gr\u00e9e \u00e0 notre Mur des c\u00e9l\u00e9brit\u00e9s et nous vous enverrons une balise neuve de valeur \u00e9gale ou sup\u00e9rieure. <\/li>\n<\/ul>\n<p>Balises&nbsp;: Personal Locator Beacon , PLB , PLB, 406&nbsp;MHz, SurvivorClub, Flotteurs, Flottant, Lumi\u00e8re stroboscopique, Balise de d\u00e9tresse, Sans abonnement, EPIRB personnelle, Localisateur GPS<\/p>\n","protected":false},"excerpt":{"rendered":"<p><em><strong>Ce produit a \u00e9t\u00e9 mis \u00e0 niveau. <a href=\"https:\/\/www.acrartex.com\/products\/resqlink-view\/\">Cliquez ici<\/a> pour d\u00e9couvrir les mises \u00e0 niveau disponibles.<\/strong><\/em><\/p>\n<p>Petite, mais robuste. La Personal Locator Beacon ( PLB ) ResQLink \u2122+ est une balise de sauvetage flottante et \u00e9quip\u00e9e d&#8217; GPS , id\u00e9ale pour les aventures en plein air de toutes tailles (randonn\u00e9e, v\u00e9lo, chasse, p\u00eache). En cas de situation de survie inattendue, la PLB ResQLink + transmettra votre position \u00e0 un r\u00e9seau de satellites de recherche et de sauvetage, permettant ainsi aux premiers secours locaux de vous ramener plus facilement chez vous sain et sauf.  <\/p>\n<p><strong>Soyez pr\u00eat \u00e0 l\u2019impr\u00e9visible !<\/strong><\/p>\n<p>&nbsp;<\/p>\n<ul>\n<li>Flottable<\/li>\n<li>Lumi\u00e8re stroboscopique \u00e0 LED<\/li>\n<li>Auto-test<\/li>\n<li>GPS 66 canaux<\/li>\n<li>Activation d&#8217;urgence facile<\/li>\n<li>Clip d&#8217;antenne<\/li>\n<\/ul>\n<p style=\"margin-left: 0in; margin-right: 0in;\"><span style=\"font-size: 11pt;\"><span style=\"font-family: Calibri,sans-serif;\"><a style=\"color: blue; text-decoration: underline;\" href=\"https:\/\/www.dropbox.com\/s\/ezakylsa2478sav\/Prop%2065%20-%20DINP%20and%20BPA.pdf?dl=0\"><span style=\"color: #000000;\">AVERTISSEMENT : PROPOSITION 65<\/span><\/a><\/span><\/span><\/p>\n<p style=\"margin-left: 0in; margin-right: 0in;\">\n","protected":false},"featured_media":152090,"template":"","meta":{"_acf_changed":false,"om_disable_all_campaigns":false},"product_brand":[],"product_cat":[5628,5959,5950,5787,5956,5967,5969,5944,5721,5943,5948,5965,5963,5946,5952,5954,5958],"product_tag":[5637,6246,6278,6279,6249,5794,6285,6322,6281,6313,6325,6288,6253,6265,6270,6316,6277,5789,6258,5980,5978,6319,5971,6262,6274],"class_list":{"0":"post-152064","1":"product","2":"type-product","3":"status-publish","4":"has-post-thumbnail","6":"product_cat-aviation-fr","7":"product_cat-aviation-generale","8":"product_cat-commercial-fr","9":"product_cat-de-plein-air","10":"product_cat-equipement-de-voyage","11":"product_cat-forces-navales","12":"product_cat-forces-terrestres-speciales","13":"product_cat-interieur","14":"product_cat-marin-fr","15":"product_cat-militaire","16":"product_cat-offshore-fr","17":"product_cat-patrouille-aerienne","18":"product_cat-police-municipalite","19":"product_cat-pres-du-rivage","20":"product_cat-randonnee-escalade-camp","21":"product_cat-sport-daction-tout-terrain","22":"product_cat-sports-de-pagaie-peche","23":"product_tag-406-fr","24":"product_tag-406-mhz-fr","25":"product_tag-66-canaux","26":"product_tag-activation-facile","27":"product_tag-balise","28":"product_tag-balise-de-localisation-personnelle","29":"product_tag-balise-de-randonnee","30":"product_tag-balise-de-survie","31":"product_tag-balise-jaune","32":"product_tag-chasse","33":"product_tag-equipement-de-sauvetage","34":"product_tag-escalade","35":"product_tag-flottable","36":"product_tag-flotteurs","37":"product_tag-localisateur-gps","38":"product_tag-peche","39":"product_tag-petite-balise","40":"product_tag-plb-fr","41":"product_tag-plb-flottant","42":"product_tag-plb-375-fr","43":"product_tag-plb375-fr","44":"product_tag-premiers-intervenants","45":"product_tag-resqlink-fr","46":"product_tag-resqlink-plus-fr","47":"product_tag-rls-personnelle","48":"pa_product-heritage","50":"first","51":"outofstock","52":"taxable","53":"shipping-taxable","54":"product-type-simple"},"acf":[],"_links":{"self":[{"href":"https:\/\/www.acrartex.com\/fr\/wp-json\/wp\/v2\/product\/152064","targetHints":{"allow":["GET"]}}],"collection":[{"href":"https:\/\/www.acrartex.com\/fr\/wp-json\/wp\/v2\/product"}],"about":[{"href":"https:\/\/www.acrartex.com\/fr\/wp-json\/wp\/v2\/types\/product"}],"wp:featuredmedia":[{"embeddable":true,"href":"https:\/\/www.acrartex.com\/fr\/wp-json\/wp\/v2\/media\/152090"}],"wp:attachment":[{"href":"https:\/\/www.acrartex.com\/fr\/wp-json\/wp\/v2\/media?parent=152064"}],"wp:term":[{"taxonomy":"product_brand","embeddable":true,"href":"https:\/\/www.acrartex.com\/fr\/wp-json\/wp\/v2\/product_brand?post=152064"},{"taxonomy":"product_cat","embeddable":true,"href":"https:\/\/www.acrartex.com\/fr\/wp-json\/wp\/v2\/product_cat?post=152064"},{"taxonomy":"product_tag","embeddable":true,"href":"https:\/\/www.acrartex.com\/fr\/wp-json\/wp\/v2\/product_tag?post=152064"}],"curies":[{"name":"wp","href":"https:\/\/api.w.org\/{rel}","templated":true}]}}