{"id":151977,"date":"2021-03-16T08:13:46","date_gmt":"2021-03-16T13:13:46","guid":{"rendered":"https:\/\/www.acrartex.com\/products\/aqualink\/"},"modified":"2021-03-16T08:13:46","modified_gmt":"2021-03-16T13:13:46","slug":"aqualink","status":"publish","type":"product","link":"https:\/\/www.acrartex.com\/fr\/products\/aqualink\/","title":{"rendered":"AquaLink\u2122"},"content":{"rendered":"<p><em><strong><a href=\"https:\/\/www.acrartex.com\/products\/resqlink-400\/\">Ce produit a \u00e9t\u00e9 mis \u00e0 niveau. <\/a> <\/strong><\/em><\/p>\n<p>L&#8217;AquaLink\u2122 diffuse un signal de d\u00e9tresse unique et enregistr\u00e9 qui indique non seulement votre position aux sauveteurs, mais aussi votre identit\u00e9. Le GPS embarqu\u00e9 peut d\u00e9terminer votre position \u00e0 100 m\u00e8tres pr\u00e8s et utilise ensuite un puissant signal de 406 MHz pour relayer votre appel de d\u00e9tresse aux satellites en orbite. Lors du d\u00e9ploiement des \u00e9quipes de recherche et de sauvetage locales, un signal de guidage distinct et un flash LED int\u00e9gr\u00e9 guident les sauveteurs vers votre position exacte.  <\/p>\n<p>&nbsp;<\/p>\n<p>L&#8217;AquaLink\u2122 est suffisamment compact pour \u00eatre facilement transport\u00e9 dans un sac ou une poche, ou port\u00e9 sur le pont, \u00e0 la barre, dans les quartiers ou sur un gilet de sauvetage. Il flottera en cas de chute accidentelle par-dessus bord. Un auto-test fonctionnel complet des circuits internes de la PLB , de la tension et de la puissance de la batterie, ainsi que de la transmission 406 MHz, vous assure une tranquillit\u00e9 d&#8217;esprit&nbsp;: votre PLB fonctionnera au moment o\u00f9 vous en aurez le plus besoin. <\/p>\n<p>&nbsp;<\/p>\n<p>Exclusivit\u00e9 ACR&nbsp;: Le mode de test d&#8217;acquisition GPS int\u00e9gr\u00e9 vous permet de tester les fonctionnalit\u00e9s GPS jusqu&#8217;\u00e0 12 fois pendant toute la dur\u00e9e de vie de la batterie. B\u00e9n\u00e9ficiez de la m\u00eame technologie de sauvetage \u00e9prouv\u00e9e sur le terrain que celle utilis\u00e9e par l&#8217;arm\u00e9e am\u00e9ricaine, les garde-c\u00f4tes, les forces sp\u00e9ciales de l&#8217;OTAN et les explorateurs de l&#8217;Arctique. <\/p>\n<p>&nbsp;<\/p>\n<ul>\n<li>Aucun frais d&#8217;abonnement<\/li>\n<li>Flotteurs<\/li>\n<li>Stroboscope LED super lumineux<\/li>\n<li>GPS embarqu\u00e9 \u00e0 66 canaux<\/li>\n<li>Fonctionnalit\u00e9s d&#8217;auto-test et de test GPS<\/li>\n<li>Performance typique 35 heures<\/li>\n<li>Batterie non dangereuse<\/li>\n<li>Fabriqu\u00e9 aux \u00c9tats-Unis<\/li>\n<\/ul>\n<p>&nbsp;<\/p>\n<p>Si vous l&#8217;utilisez, nous le remplacerons gratuitement. Envoyez-nous simplement votre t\u00e9moignage de survivant, renvoyez-nous votre balise usag\u00e9e et nous vous enverrons la derni\u00e8re version de votre dispositif de sauvetage. <\/p>\n","protected":false},"excerpt":{"rendered":"<p><em><strong>Ce produit a \u00e9t\u00e9 mis \u00e0 niveau. <a href=\"https:\/\/www.acrartex.com\/products\/resqlink-400\/\">Cliquez ici<\/a> pour d\u00e9couvrir les mises \u00e0 niveau disponibles.<\/strong><\/em><\/p>\n<p>#PrepLikeAPro avec la PLB AquaLink\u2122. Cette balise de d\u00e9tresse est suffisamment compacte pour tenir dans votre poche, mais suffisamment puissante pour relayer avec pr\u00e9cision votre position \u00e0 un r\u00e9seau de satellites de recherche et de sauvetage en cas d&#8217;urgence. Ayez l&#8217;esprit tranquille&nbsp;: cette balise de d\u00e9tresse personnelle simplifie syst\u00e9matiquement les recherches.  <\/p>\n<p>&nbsp;<\/p>\n<p style=\"margin-left: 0in; margin-right: 0in;\"><span style=\"font-size: 11pt;\"><span style=\"font-family: Calibri,sans-serif;\"><a style=\"color: blue; text-decoration: underline;\" href=\"https:\/\/www.dropbox.com\/s\/8343nj28z0d7bxa\/Prop%2065%20-%20BPA.pdf?dl=0\"><span style=\"color: #000000;\">AVERTISSEMENT : PROPOSITION 65<\/span><\/a><\/span><\/span><\/p>\n<p style=\"margin-left: 0in; margin-right: 0in;\">\n","protected":false},"featured_media":151978,"template":"","meta":{"_acf_changed":false,"om_disable_all_campaigns":false},"product_brand":[],"product_cat":[5787,5721],"product_tag":[5637,5803,5800,5794,5809,5797,5806,6120,5789,6119,6121,6122],"class_list":{"0":"post-151977","1":"product","2":"type-product","3":"status-publish","4":"has-post-thumbnail","6":"product_cat-de-plein-air","7":"product_cat-marin-fr","8":"product_tag-406-fr","9":"product_tag-aqua-fr","10":"product_tag-aqualink-fr","11":"product_tag-balise-de-localisation-personnelle","12":"product_tag-eau","13":"product_tag-gps-fr","14":"product_tag-lien-aquatique","15":"product_tag-localisateur-durgence","16":"product_tag-plb-fr","17":"product_tag-plb-350-fr","18":"product_tag-plb-350b-fr","19":"product_tag-plb350b-fr","20":"pa_product-heritage","22":"first","23":"outofstock","24":"taxable","25":"shipping-taxable","26":"product-type-simple"},"acf":[],"_links":{"self":[{"href":"https:\/\/www.acrartex.com\/fr\/wp-json\/wp\/v2\/product\/151977","targetHints":{"allow":["GET"]}}],"collection":[{"href":"https:\/\/www.acrartex.com\/fr\/wp-json\/wp\/v2\/product"}],"about":[{"href":"https:\/\/www.acrartex.com\/fr\/wp-json\/wp\/v2\/types\/product"}],"wp:featuredmedia":[{"embeddable":true,"href":"https:\/\/www.acrartex.com\/fr\/wp-json\/wp\/v2\/media\/151978"}],"wp:attachment":[{"href":"https:\/\/www.acrartex.com\/fr\/wp-json\/wp\/v2\/media?parent=151977"}],"wp:term":[{"taxonomy":"product_brand","embeddable":true,"href":"https:\/\/www.acrartex.com\/fr\/wp-json\/wp\/v2\/product_brand?post=151977"},{"taxonomy":"product_cat","embeddable":true,"href":"https:\/\/www.acrartex.com\/fr\/wp-json\/wp\/v2\/product_cat?post=151977"},{"taxonomy":"product_tag","embeddable":true,"href":"https:\/\/www.acrartex.com\/fr\/wp-json\/wp\/v2\/product_tag?post=151977"}],"curies":[{"name":"wp","href":"https:\/\/api.w.org\/{rel}","templated":true}]}}