{"id":151337,"date":"2021-03-16T08:07:35","date_gmt":"2021-03-16T13:07:35","guid":{"rendered":"https:\/\/www.acrartex.com\/products\/resqlink\/"},"modified":"2021-03-16T08:07:35","modified_gmt":"2021-03-16T13:07:35","slug":"resqlink","status":"publish","type":"product","link":"https:\/\/www.acrartex.com\/fr\/products\/resqlink\/","title":{"rendered":"ResQLink \u2122"},"content":{"rendered":"<p><a href=\"https:\/\/www.acrartex.com\/products\/resqlink-400\/\"><em><strong>Ce produit a \u00e9t\u00e9 mis \u00e0 niveau.<\/strong><\/em><\/a><\/p>\n<p>Avec ses 127 g, la balise de d\u00e9tresse ResQLink p\u00e8se moins que deux barres \u00e9nerg\u00e9tiques. Avec seulement 99 cm, elle est plus petite que votre t\u00e9l\u00e9phone portable. Petites et puissantes, les PLB ResQLink \u2122 sont des balises de sauvetage puissantes et compatibles GPS , con\u00e7ues pour les p\u00eacheurs, les pilotes et les sportifs de haute montagne.  <\/p>\n<p>&nbsp;<\/p>\n<p>Dot\u00e9e de trois niveaux de technologie de signal int\u00e9gr\u00e9e (positionnement GPS , puissant signal 406 MHz et fonction de radioguidage 121,5 MHz), la PLB ResQLink transmet rapidement et pr\u00e9cis\u00e9ment votre position \u00e0 un r\u00e9seau mondial de satellites de recherche et de sauvetage. Un flash int\u00e9gr\u00e9 assure la visibilit\u00e9 lors des sauvetages de nuit. <\/p>\n<p>&nbsp;<\/p>\n<p>Les PLB ont fait leurs preuves dans des endroits parmi les plus recul\u00e9s et les conditions les plus p\u00e9rilleuses du monde. Il suffit de demander aux quelque 400 pilotes, plaisanciers et explorateurs de l&#8217;arri\u00e8re-pays sauv\u00e9s par une PLB lors d&#8217;un programme de tests rigoureux en Alaska. En grande partie gr\u00e2ce aux r\u00e9sultats de ces tests, le gouvernement f\u00e9d\u00e9ral a approuv\u00e9 l&#8217;utilisation des PLB aux \u00c9tats-Unis en 2003.  <\/p>\n<p>&nbsp;<\/p>\n<p>M\u00eame dans des conditions et situations extr\u00eames, le ResQLink \u2122 s&#8217;active facilement. Il suffit de d\u00e9ployer l&#8217;antenne et d&#8217;appuyer sur le bouton ON. Gr\u00e2ce \u00e0 son puissant GPS \u00e0 66 canaux, le ResQLink \u2122 guide les sauveteurs \u00e0 100 m\u00e8tres ou moins de votre position. Aux \u00c9tats-Unis continentaux, les \u00e9quipes de recherche et de sauvetage sont g\u00e9n\u00e9ralement alert\u00e9es de votre position en seulement cinq minutes gr\u00e2ce \u00e0 une PLB GPS comme le ResQLink \u2122.   <\/p>\n<p>&nbsp;<\/p>\n<p>Deux tests int\u00e9gr\u00e9s vous permettent de v\u00e9rifier r\u00e9guli\u00e8rement que le ResQLink \u2122 fonctionne et est pr\u00eat \u00e0 l&#8217;emploi \u2013 en appuyant sur un bouton, vous pouvez facilement tester l&#8217;\u00e9lectronique interne et la fonctionnalit\u00e9 GPS .<\/p>\n<ul>\n<li>Aucun frais d&#8217;abonnement requis<\/li>\n<li>Stroboscope LED super lumineux<\/li>\n<li>GPS embarqu\u00e9 \u00e0 66 canaux<\/li>\n<li>Fonctionnalit\u00e9s d&#8217;auto-test et de test GPS<\/li>\n<li>Performance typique 30 heures<\/li>\n<li>Batterie non dangereuse<\/li>\n<li>Fabriqu\u00e9 aux \u00c9tats-Unis<\/li>\n<li>Si vous l&#8217;utilisez, nous le remplacerons gratuitement. <a href=\"http:\/\/www.survivorclub.com\/\">Soumettez<\/a> simplement votre histoire, renvoyez-nous votre balise usag\u00e9e pour qu&#8217;elle soit ajout\u00e9e \u00e0 notre Mur des c\u00e9l\u00e9brit\u00e9s et nous vous enverrons une balise neuve de valeur \u00e9gale ou sup\u00e9rieure. <\/li>\n<\/ul>\n<p>Balises&nbsp;: Personal Locator Beacon , PLB , PLB, 406&nbsp;MHz, SurvivorClub, Flotteurs, Flottant, Lumi\u00e8re stroboscopique, Balise de d\u00e9tresse, Sans abonnement, EPIRB personnelle, Localisateur GPS , 2880, PN&nbsp;2880, PLB&nbsp;375<\/p>\n","protected":false},"excerpt":{"rendered":"<p>Petite, mais robuste. La Personal Locator Beacon ( PLB ) ResQLink \u2122 PLB est une balise de sauvetage GPS adapt\u00e9e aux aventures en plein air de toutes tailles (randonn\u00e9e, v\u00e9lo, chasse, p\u00eache). En cas d&#8217;impr\u00e9vu, la PLB ResQLink transmettra votre position \u00e0 un r\u00e9seau de satellites de recherche et de sauvetage. Les PLB ont contribu\u00e9 \u00e0 sauver des milliers de vies.   <\/p>\n<p><em><strong>Ce produit a \u00e9t\u00e9 mis \u00e0 niveau. <a href=\"https:\/\/www.acrartex.com\/products\/resqlink-400\/\">Cliquez ici<\/a> pour d\u00e9couvrir les mises \u00e0 niveau disponibles.<\/strong><\/em><\/p>\n<p><span style=\"font-size: 11.0pt;\"><a style=\"color: blue; text-decoration: underline;\" href=\"https:\/\/www.dropbox.com\/s\/ezakylsa2478sav\/Prop%2065%20-%20DINP%20and%20BPA.pdf?dl=0\"><span style=\"color: #000000;\">AVERTISSEMENT : PROPOSITION 65<\/span><\/a><\/span><\/p>\n<p>&nbsp;<\/p>\n<p>&nbsp;<\/p>\n","protected":false},"featured_media":151339,"template":"","meta":{"_acf_changed":false,"om_disable_all_campaigns":false},"product_brand":[],"product_cat":[5628,5959,5950,5787,5956,5967,5969,5944,5961,5721,5943,5948,5965,5963,5946,5952,5954,5958],"product_tag":[5794,5797,5976,5789,5980,5978,5974,5971],"class_list":{"0":"post-151337","1":"product","2":"type-product","3":"status-publish","4":"has-post-thumbnail","6":"product_cat-aviation-fr","7":"product_cat-aviation-generale","8":"product_cat-commercial-fr","9":"product_cat-de-plein-air","10":"product_cat-equipement-de-voyage","11":"product_cat-forces-navales","12":"product_cat-forces-terrestres-speciales","13":"product_cat-interieur","14":"product_cat-jet-daffaires","15":"product_cat-marin-fr","16":"product_cat-militaire","17":"product_cat-offshore-fr","18":"product_cat-patrouille-aerienne","19":"product_cat-police-municipalite","20":"product_cat-pres-du-rivage","21":"product_cat-randonnee-escalade-camp","22":"product_cat-sport-daction-tout-terrain","23":"product_cat-sports-de-pagaie-peche","24":"product_tag-balise-de-localisation-personnelle","25":"product_tag-gps-fr","26":"product_tag-lien-resq","27":"product_tag-plb-fr","28":"product_tag-plb-375-fr","29":"product_tag-plb375-fr","30":"product_tag-resq-fr","31":"product_tag-resqlink-fr","32":"pa_product-heritage","34":"first","35":"outofstock","36":"taxable","37":"shipping-taxable","38":"product-type-simple"},"acf":[],"_links":{"self":[{"href":"https:\/\/www.acrartex.com\/fr\/wp-json\/wp\/v2\/product\/151337","targetHints":{"allow":["GET"]}}],"collection":[{"href":"https:\/\/www.acrartex.com\/fr\/wp-json\/wp\/v2\/product"}],"about":[{"href":"https:\/\/www.acrartex.com\/fr\/wp-json\/wp\/v2\/types\/product"}],"wp:featuredmedia":[{"embeddable":true,"href":"https:\/\/www.acrartex.com\/fr\/wp-json\/wp\/v2\/media\/151339"}],"wp:attachment":[{"href":"https:\/\/www.acrartex.com\/fr\/wp-json\/wp\/v2\/media?parent=151337"}],"wp:term":[{"taxonomy":"product_brand","embeddable":true,"href":"https:\/\/www.acrartex.com\/fr\/wp-json\/wp\/v2\/product_brand?post=151337"},{"taxonomy":"product_cat","embeddable":true,"href":"https:\/\/www.acrartex.com\/fr\/wp-json\/wp\/v2\/product_cat?post=151337"},{"taxonomy":"product_tag","embeddable":true,"href":"https:\/\/www.acrartex.com\/fr\/wp-json\/wp\/v2\/product_tag?post=151337"}],"curies":[{"name":"wp","href":"https:\/\/api.w.org\/{rel}","templated":true}]}}