{"id":151251,"date":"2021-03-16T08:07:42","date_gmt":"2021-03-16T13:07:42","guid":{"rendered":"https:\/\/www.acrartex.com\/products\/view-aqualink\/"},"modified":"2025-07-07T09:58:49","modified_gmt":"2025-07-07T14:58:49","slug":"view-aqualink","status":"publish","type":"product","link":"https:\/\/www.acrartex.com\/fr\/products\/view-aqualink\/","title":{"rendered":"View AquaLink\u2122"},"content":{"rendered":"<p><em><strong><a href=\"https:\/\/www.acrartex.com\/products\/resqlink-view\/\">Ce produit a \u00e9t\u00e9 mis \u00e0 niveau<\/a> .  <\/strong><\/em><\/p>\n<p>Gr\u00e2ce \u00e0 trois niveaux de technologie de signal int\u00e9gr\u00e9s \u2013 positionnement GPS , puissant signal de 406 MHz et fonction de radioguidage de 121,5 MHz \u2013, l&#8217;AquaLink\u2122 View transmet rapidement et pr\u00e9cis\u00e9ment votre position \u00e0 un r\u00e9seau mondial de satellites de recherche et de sauvetage, r\u00e9duisant ainsi le temps de recherche et augmentant vos chances de survie. Cette technologie de signalisation fiable a sauv\u00e9 plus de 50&nbsp;000 vies depuis 1982. <\/p>\n<p>&nbsp;<\/p>\n<p>L&#8217;AquaLink\u2122 View diffuse un signal de d\u00e9tresse unique et enregistr\u00e9 qui indique non seulement votre position aux sauveteurs, mais aussi votre identit\u00e9. Le GPS embarqu\u00e9 peut d\u00e9terminer votre position \u00e0 100 m\u00e8tres pr\u00e8s et utilise ensuite un puissant signal de 406 MHz pour relayer votre appel de d\u00e9tresse aux satellites en orbite. Lors du d\u00e9ploiement des \u00e9quipes de recherche et de sauvetage locales, un signal de guidage distinct et un flash LED int\u00e9gr\u00e9 guident les sauveteurs vers votre position exacte. L&#8217;AquaLink\u2122 View est dot\u00e9 d&#8217;un \u00e9cran num\u00e9rique qui vous permet de visualiser toutes les activit\u00e9s op\u00e9rationnelles de la balise. L&#8217;\u00e9cran affiche GPS LAT\/LON, les instructions d&#8217;utilisation, les conseils d&#8217;utilisation, les impulsions de transmission ainsi que le niveau de batterie. L&#8217;\u00e9cran num\u00e9rique simplifie \u00e9galement l&#8217;auto-test de votre balise gr\u00e2ce \u00e0 des instructions visuelles \u00e9tape par \u00e9tape. Plus besoin de se fier aux bips et de rechercher les LED. L&#8217;AquaLink\u2122 View est suffisamment compact pour \u00eatre facilement transport\u00e9 dans un sac ou une poche, ou port\u00e9 sur le pont, \u00e0 la barre, dans les quartiers ou sur un gilet de sauvetage. Il flottera en cas de chute accidentelle par-dessus bord. Exclusivit\u00e9 ACR&nbsp;: le mode de test d&#8217;acquisition GPS int\u00e9gr\u00e9 vous permet de tester les fonctionnalit\u00e9s GPS jusqu&#8217;\u00e0 60&nbsp;fois pendant la dur\u00e9e de vie de la batterie. B\u00e9n\u00e9ficiez de la m\u00eame technologie de sauvetage \u00e9prouv\u00e9e sur le terrain que celle utilis\u00e9e par l&#8217;arm\u00e9e am\u00e9ricaine, les garde-c\u00f4tes am\u00e9ricains, les forces sp\u00e9ciales de l&#8217;OTAN et les explorateurs de l&#8217;Arctique.         <\/p>\n<p>&nbsp;<\/p>\n<ul>\n<li>Aucun frais d&#8217;abonnement<\/li>\n<li>Flotteurs<\/li>\n<li>Stroboscope LED super lumineux<\/li>\n<li>GPS embarqu\u00e9 \u00e0 66 canaux<\/li>\n<li>Fonctionnalit\u00e9s d&#8217;auto-test et de test GPS<\/li>\n<li>Performance typique 35 heures<\/li>\n<li>Batterie non dangereuse<\/li>\n<li>Fabriqu\u00e9 aux \u00c9tats-Unis<\/li>\n<\/ul>\n<p>&nbsp;<\/p>\n<p>Si vous l&#8217;utilisez, nous le remplacerons gratuitement. <a href=\"https:\/\/www.acrartex.com\/stories\/new\">Soumettez simplement votre histoire<\/a> , renvoyez-nous votre balise usag\u00e9e pour qu&#8217;elle soit ajout\u00e9e \u00e0 notre Mur des c\u00e9l\u00e9brit\u00e9s et nous vous enverrons une balise neuve de valeur \u00e9gale ou sup\u00e9rieure. <\/p>\n<p>&nbsp;<\/p>\n<p>Balises&nbsp;: Personal Locator Beacon , PLB , PLB, 406&nbsp;MHz, SurvivorClub, Flotteurs, Flottant, Lumi\u00e8re stroboscopique, Balise de d\u00e9tresse, Sans abonnement, Affichage num\u00e9rique, EPIRB personnelle, Localisateur GPS , 2884, PN&nbsp;2884, PLB&nbsp;350, PLB&nbsp;350C<\/p>\n","protected":false},"excerpt":{"rendered":"<p><b><i>Ce produit a \u00e9t\u00e9 mis \u00e0 niveau. <a href=\"https:\/\/www.acrartex.com\/products\/resqlink-view\/\">Cliquez ici<\/a> pour voir les mises \u00e0 niveau disponibles.<\/i><\/b><\/p>\n<p>&nbsp;<\/p>\n<p>Partez en mer en toute confiance gr\u00e2ce \u00e0 la Personal Locator Beacon ( PLB ) portable AquaLink\u2122 View . Son \u00e9cran num\u00e9rique fournit toutes les informations importantes sur ses fonctions, notamment le positionnement GPS et les impulsions de transmission. De plus, sa conception flottante permet \u00e0 l&#8217;AquaLink View de flotter en cas de chute accidentelle. Ayez l&#8217;esprit tranquille&nbsp;: en cas d&#8217;urgence, cette balise de d\u00e9tresse personnelle transmettra rapidement votre position aux r\u00e9seaux satellites et r\u00e9duira le temps de recherche et de sauvetage.   <\/p>\n<p>&nbsp;<\/p>\n<p style=\"margin-left: 0in; margin-right: 0in;\"><span style=\"font-size: 11pt;\"><span style=\"font-family: Calibri,sans-serif;\"><a style=\"color: blue; text-decoration: underline;\" href=\"https:\/\/www.dropbox.com\/s\/8343nj28z0d7bxa\/Prop%2065%20-%20BPA.pdf?dl=0\"><span style=\"color: #000000;\">AVERTISSEMENT : PROPOSITION 65<\/span><\/a><\/span><\/span><\/p>\n<p>&nbsp;<\/p>\n<p>&nbsp;<\/p>\n<p>&nbsp;<\/p>\n","protected":false},"featured_media":151274,"template":"","meta":{"_acf_changed":false,"om_disable_all_campaigns":false},"product_brand":[],"product_cat":[5787,5721],"product_tag":[5637,5803,5800,5725,5794,5809,5797,5806,5789,5814,5812,5817,5818],"class_list":{"0":"post-151251","1":"product","2":"type-product","3":"status-publish","4":"has-post-thumbnail","6":"product_cat-de-plein-air","7":"product_cat-marin-fr","8":"product_tag-406-fr","9":"product_tag-aqua-fr","10":"product_tag-aqualink-fr","11":"product_tag-balise-de-detresse","12":"product_tag-balise-de-localisation-personnelle","13":"product_tag-eau","14":"product_tag-gps-fr","15":"product_tag-lien-aquatique","16":"product_tag-plb-fr","17":"product_tag-plb-350c-fr-2","18":"product_tag-plb-350c-fr","19":"product_tag-plb350-fr","20":"product_tag-vue-aqualink","21":"pa_product-heritage","23":"first","24":"outofstock","25":"taxable","26":"shipping-taxable","27":"product-type-simple"},"acf":[],"_links":{"self":[{"href":"https:\/\/www.acrartex.com\/fr\/wp-json\/wp\/v2\/product\/151251","targetHints":{"allow":["GET"]}}],"collection":[{"href":"https:\/\/www.acrartex.com\/fr\/wp-json\/wp\/v2\/product"}],"about":[{"href":"https:\/\/www.acrartex.com\/fr\/wp-json\/wp\/v2\/types\/product"}],"wp:featuredmedia":[{"embeddable":true,"href":"https:\/\/www.acrartex.com\/fr\/wp-json\/wp\/v2\/media\/151274"}],"wp:attachment":[{"href":"https:\/\/www.acrartex.com\/fr\/wp-json\/wp\/v2\/media?parent=151251"}],"wp:term":[{"taxonomy":"product_brand","embeddable":true,"href":"https:\/\/www.acrartex.com\/fr\/wp-json\/wp\/v2\/product_brand?post=151251"},{"taxonomy":"product_cat","embeddable":true,"href":"https:\/\/www.acrartex.com\/fr\/wp-json\/wp\/v2\/product_cat?post=151251"},{"taxonomy":"product_tag","embeddable":true,"href":"https:\/\/www.acrartex.com\/fr\/wp-json\/wp\/v2\/product_tag?post=151251"}],"curies":[{"name":"wp","href":"https:\/\/api.w.org\/{rel}","templated":true}]}}