{"id":151195,"date":"2021-03-16T08:08:01","date_gmt":"2021-03-16T13:08:01","guid":{"rendered":"https:\/\/www.acrartex.com\/products\/balise-de-epirb-globalfix-ipro\/"},"modified":"2021-03-16T08:08:01","modified_gmt":"2021-03-16T13:08:01","slug":"balise-de-epirb-globalfix-ipro","status":"publish","type":"product","link":"https:\/\/www.acrartex.com\/fr\/products\/balise-de-epirb-globalfix-ipro\/","title":{"rendered":"Balise de EPIRB GlobalFix \u2122 iPRO"},"content":{"rendered":"<p><a href=\"https:\/\/www.acrartex.com\/fr\/categorie-produit\/marin-fr\/\"><em><strong>Ce produit a \u00e9t\u00e9 abandonn\u00e9.<\/strong><\/em><\/a><\/p>\n<p>GlobalFix \u2122 iPRO est dot\u00e9e d&#8217;un \u00e9cran num\u00e9rique qui vous permet de visualiser toutes les activit\u00e9s op\u00e9rationnelles de la balise. L&#8217;\u00e9cran affiche les coordonn\u00e9es GPS LAT\/LON, les instructions d&#8217;utilisation, les conseils d&#8217;utilisation, les impulsions de transmission et le niveau de charge de la batterie.<br \/>\n iPRO rend l&#8217;auto-test de votre balise simple et facile \u00e0 comprendre gr\u00e2ce \u00e0 l&#8217;affichage num\u00e9rique qui vous guide visuellement tout au long de l&#8217;auto-test \u00e9tape par \u00e9tape ; plus besoin de vous fier aux bips et aux LED.<br \/>\n La GlobalFix \u2122 iPRO est \u00e9galement la premi\u00e8re EPIRB \u00e0 offrir la technologie double GPS . Connectez votre iPRO \u00e0 votre GPS embarqu\u00e9 pour garantir l&#8217;enregistrement de vos coordonn\u00e9es LAT\/LON et leur transmission d\u00e8s la premi\u00e8re rafale de donn\u00e9es. GPS interne de l&#8217;iPRO est optimis\u00e9 pour les d\u00e9marrages \u00e0 froid et test\u00e9 et perfectionn\u00e9 au centre de simulation GPS de ACR afin de vous localiser avec pr\u00e9cision plus rapidement que les balises EPIRB standard \u00e9quip\u00e9es GPS .   <\/p>\n<p>&nbsp;<\/p>\n<p>GlobalFix \u2122 iPRO offre la toute derni\u00e8re technologie de sauvetage \u00e9lectronique marine :<\/p>\n<ul>\n<li>Stroboscope LED tr\u00e8s visible \u2013 \u00c9conome en \u00e9nergie<\/li>\n<li>\u00c9lectronique \u00e0 haut rendement \u2013 Des performances sur lesquelles vous pouvez compter<\/li>\n<li>Piles non dangereuses \u2013 Pas de tracas d&#8217;exp\u00e9dition<\/li>\n<li>Conception de qualit\u00e9 professionnelle \u2013 Con\u00e7u, test\u00e9 et construit pour des ann\u00e9es d&#8217;utilisation marine abusive<\/li>\n<li>Conception ergonomique et compacte&nbsp;; la plus petite balise EPIRB riche en fonctionnalit\u00e9s disponible<\/li>\n<\/ul>\n<p>Si vous l&#8217;utilisez, nous le remplacerons <a href=\"http:\/\/www.survivorclub.com\/\">gratuitement<\/a> . Soumettez simplement votre histoire, renvoyez-nous votre balise usag\u00e9e pour qu&#8217;elle soit ajout\u00e9e \u00e0 notre Mur des c\u00e9l\u00e9brit\u00e9s et nous vous enverrons une balise neuve de valeur \u00e9gale ou sup\u00e9rieure. <\/p>\n","protected":false},"excerpt":{"rendered":"<p><a href=\"https:\/\/www.acrartex.com\/product-category\/marine\/\"><em><strong>Ce produit a \u00e9t\u00e9 abandonn\u00e9.<\/strong><\/em><\/a><\/p>\n<p>&nbsp;<\/p>\n<p>Naviguez librement et en toute s\u00e9curit\u00e9 gr\u00e2ce \u00e0 la balise de localisation d&#8217;urgence ( EPIRB ) GlobalFix \u2122 iPRO. En mati\u00e8re d&#8217;\u00e9lectronique de s\u00e9curit\u00e9 maritime, cette EPIRB est unique en son genre. La GlobalFix iPRO est dot\u00e9e d&#8217;un \u00e9cran num\u00e9rique qui vous permet de visualiser toutes les fonctionnalit\u00e9s de la balise, notamment la latitude\/longitude GPS , les impulsions de transmission et l&#8217;\u00e9tat de la batterie. En cas d&#8217;urgence sur votre bateau, sachez que la GlobalFix iPRO EPIRB aidera les \u00e9quipes de recherche et de sauvetage \u00e0 vous localiser avec pr\u00e9cision et \u00e0 vous ramener sain et sauf.   <\/p>\n<p>&nbsp;<\/p>\n<p style=\"margin-left: 0in; margin-right: 0in;\"><span style=\"font-size: 11pt;\"><span style=\"font-family: Calibri,sans-serif;\"><a style=\"color: blue; text-decoration: underline;\" href=\"https:\/\/www.dropbox.com\/s\/koygc3qw5b1s44s\/Prop%2065%20-%20DINP.pdf?dl=0\"><span style=\"color: #000000;\">AVERTISSEMENT : PROPOSITION 65<\/span><\/a><\/span><\/span><\/p>\n<p>&nbsp;<\/p>\n<p>&nbsp;<\/p>\n","protected":false},"featured_media":151215,"template":"","meta":{"_acf_changed":false,"om_disable_all_campaigns":false},"product_brand":[],"product_cat":[5721],"product_tag":[5737,5743,5740,5748,5725,5735,5727,5729,5731,5754,5733,5751,5723],"class_list":{"0":"post-151195","1":"product","2":"type-product","3":"status-publish","4":"has-post-thumbnail","6":"product_cat-marin-fr","7":"product_tag-2846-fr","8":"product_tag-2846-0-fr","9":"product_tag-2848-fr","10":"product_tag-2848-0-fr","11":"product_tag-balise-de-detresse","12":"product_tag-correctif-global","13":"product_tag-global-fr","14":"product_tag-globalfix-fr","15":"product_tag-globalfix-ipro-fr","16":"product_tag-gpirb-fr","17":"product_tag-ipro-fr","18":"product_tag-rlb-36-fr","19":"product_tag-rls-fr","20":"pa_product-heritage","22":"first","23":"outofstock","24":"taxable","25":"shipping-taxable","26":"product-type-simple"},"acf":[],"_links":{"self":[{"href":"https:\/\/www.acrartex.com\/fr\/wp-json\/wp\/v2\/product\/151195","targetHints":{"allow":["GET"]}}],"collection":[{"href":"https:\/\/www.acrartex.com\/fr\/wp-json\/wp\/v2\/product"}],"about":[{"href":"https:\/\/www.acrartex.com\/fr\/wp-json\/wp\/v2\/types\/product"}],"wp:featuredmedia":[{"embeddable":true,"href":"https:\/\/www.acrartex.com\/fr\/wp-json\/wp\/v2\/media\/151215"}],"wp:attachment":[{"href":"https:\/\/www.acrartex.com\/fr\/wp-json\/wp\/v2\/media?parent=151195"}],"wp:term":[{"taxonomy":"product_brand","embeddable":true,"href":"https:\/\/www.acrartex.com\/fr\/wp-json\/wp\/v2\/product_brand?post=151195"},{"taxonomy":"product_cat","embeddable":true,"href":"https:\/\/www.acrartex.com\/fr\/wp-json\/wp\/v2\/product_cat?post=151195"},{"taxonomy":"product_tag","embeddable":true,"href":"https:\/\/www.acrartex.com\/fr\/wp-json\/wp\/v2\/product_tag?post=151195"}],"curies":[{"name":"wp","href":"https:\/\/api.w.org\/{rel}","templated":true}]}}