{"id":151116,"date":"2021-03-16T08:08:46","date_gmt":"2021-03-16T13:08:46","guid":{"rendered":"https:\/\/www.acrartex.com\/products\/elt-3000hm\/"},"modified":"2021-03-16T08:08:46","modified_gmt":"2021-03-16T13:08:46","slug":"elt-3000hm","status":"publish","type":"product","link":"https:\/\/www.acrartex.com\/fr\/products\/elt-3000hm\/","title":{"rendered":"ELT 3000HM"},"content":{"rendered":"<p>Gr\u00e2ce \u00e0 l&#8217;int\u00e9gration transparente des donn\u00e9es de navigation des avions, la latitude et la longitude sont transmises automatiquement toutes les 50 secondes pendant 24 heures sur la fr\u00e9quence de d\u00e9tresse 406 MHz. Cela permet aux secours de localiser pr\u00e9cis\u00e9ment l&#8217;avion quelques minutes apr\u00e8s l&#8217;activation de la balise.  L&#8217; ARTEX ELT 3000 est con\u00e7u pour r\u00e9duire la taille et le poids du syst\u00e8me ELT dans un format simple \u00e0 installer. Pour simplifier l&#8217;installation, l&#8217; ARTEX ELT 3000 utilise une sortie RF unique connect\u00e9e \u00e0 une antenne tribande, r\u00e9duisant ainsi l&#8217;installation \u00e0 un seul c\u00e2ble coaxial. <\/p>\n<p>&nbsp;<\/p>\n<p>L&#8217;antenne \u00e0 entr\u00e9e unique et l&#8217;absence d&#8217;interface NAV externe r\u00e9duisent consid\u00e9rablement les co\u00fbts d&#8217;installation. L&#8217; ARTEX ELT 3000 est compatible avec 406Test.com, le syst\u00e8me exclusif de test de confirmation par satellite en ligne d&#8217; ARTEX . Ce syst\u00e8me exclusif fournit des r\u00e9sultats de test de balise en temps r\u00e9el via les m\u00eames satellites que ceux utilis\u00e9s par les \u00e9quipes de recherche et de sauvetage, garantissant ainsi le bon fonctionnement du syst\u00e8me ELT . Ce n&#8217;est pas pour rien que les ELT ARTEX sont le choix de plus d&#8217;avionneurs que tout autre&nbsp;: ils font confiance ARTEX pour fabriquer des produits de la plus haute qualit\u00e9, sachant qu&#8217;ils servent \u00e0 sauver des vies. Fonctionnement de l&#8217; ARTEX ELT 3000&nbsp;: L&#8217; ARTEX ELT 3000 peut \u00eatre activ\u00e9 manuellement (via un interrupteur \u00e0 distance dans le cockpit) ou automatiquement (le G-Switch d\u00e9tecte un impact de 2,3&nbsp;G ou plus) et alerte l&#8217;agence de recherche et de sauvetage la plus proche en cas d&#8217;urgence. Le signal de 406&nbsp;MHz, contenant les coordonn\u00e9es GPS de l&#8217;avion, est transmis aux satellites Cospas-Sarsat et relay\u00e9 au centre de contr\u00f4le de mission, o\u00f9 il est imm\u00e9diatement achemin\u00e9 vers l&#8217;agence de recherche et de sauvetage la plus proche.     <\/p>\n<p>&nbsp;<\/p>\n<p>La balise fournira aux premiers intervenants la position exacte \u00e0 100 m\u00e8tres pr\u00e8s. Enfin, les signaux de radioguidage 121,5\/243 MHz aident les forces terrestres de recherche et de sauvetage \u00e0 localiser l&#8217;urgence. Facilit\u00e9 d&#8217;installation L&#8217; ELT 3000 ARTEX offre une possibilit\u00e9 de modernisation rapide et facile gr\u00e2ce \u00e0 des options d&#8217;installation flexibles, telles qu&#8217;un commutateur \u00e0 distance \u00e0 deux ou cinq fils qui ne n\u00e9cessite aucune alimentation de l&#8217;avion. Puisqu&#8217;il s&#8217;agit d&#8217;un ELT \u00e0 sortie unique, l&#8217; ELT 3000 utilise la m\u00eame sortie RF et un seul c\u00e2ble coaxial pour transmettre les signaux 406 MHz et 121,5\/243 MHz. L&#8217;interface de navigation int\u00e9gr\u00e9e r\u00e9duit le besoin de monter une interface externe secondaire, r\u00e9duisant consid\u00e9rablement le co\u00fbt d&#8217;installation. Deux plateaux de montage sont disponibles. L&#8217;un permet un encombrement minimal, tandis que l&#8217;autre s&#8217;adapte aux installations ELT ARTEX des s\u00e9ries B et C existantes, ce qui r\u00e9duit encore les co\u00fbts d&#8217;ing\u00e9nierie.      <\/p>\n<p>&nbsp;<\/p>\n<p><u>Caract\u00e9ristiques du produit  <\/u><\/p>\n<ul>\n<li>Le plus petit ELT 406 MHz disponible et le plus l\u00e9ger ELT de qualit\u00e9 transport avec interface ARINC\/ GPS RS232<\/li>\n<li>Emergency Locator Transmitter fixe automatique<\/li>\n<li>Balise de d\u00e9tresse trifr\u00e9quence, signaux de localisation num\u00e9riques 406 MHz et analogiques 121,5\/243 MHz<\/li>\n<li>Activation automatique via l&#8217;interrupteur G interne Antenne tri-bande avec connecteur unique et c\u00e2ble vers l&#8217;\u00e9metteur<\/li>\n<li>Entretien et installation faciles<\/li>\n<li>De nombreuses options d&#8217;interrupteurs \u00e0 distance du cockpit sont disponibles<\/li>\n<li>Peut \u00eatre connect\u00e9 au GPS embarqu\u00e9 via l&#8217;interface ARINC429 ou RS232 int\u00e9gr\u00e9e<\/li>\n<li>Les donn\u00e9es GPS sont int\u00e9gr\u00e9es dans la transmission num\u00e9rique, r\u00e9duisant le rayon de recherche \u00e0 100 m\u00e8tres<\/li>\n<li>Couverture mondiale Cospas-Sarsat Dur\u00e9e de vie de la batterie de 6 ans (rempla\u00e7able)<\/li>\n<li>Version h\u00e9licopt\u00e8re avec G-Switch 5 axes disponible<\/li>\n<li>Compatible avec le syst\u00e8me de test de confirmation par satellite ARTEX 406Test.com<\/li>\n<li>R\u00e9pond aux exigences de la FAA et de l&#8217;EASA<\/li>\n<\/ul>\n<p>&nbsp;<\/p>\n<p>Liste des packs ELT<\/p>\n<table style=\"border-collapse: collapse; width: 745pt; border: none;\" width=\"994\">\n<colgroup>\n<col style=\"width: 140pt;\" width=\"187\">\n<col style=\"width: 219pt;\" width=\"292\">\n<col style=\"width: 197pt;\" width=\"263\">\n<col style=\"width: 189pt;\" width=\"252\"> <\/colgroup>\n<tbody>\n<tr style=\"height: 20.0pt;\">\n<td class=\"xl66\" style=\"border: none; height: 20.0pt; width: 140pt; text-align: center; vertical-align: middle; padding-top: 1px; padding-right: 1px; padding-left: 1px;\" width=\"187\" height=\"27\"><\/td>\n<td class=\"xl68\" style=\"border: 0.5pt solid gray; background: #3c404a; width: 219pt; text-align: center; vertical-align: middle; padding-top: 1px; padding-right: 1px; padding-left: 1px;\" width=\"292\"><span style=\"font-size: 11pt;\"><span style=\"color: #b0e40a;\"><span style=\"font-weight: bold;\"><span style=\"font-style: normal;\"><span style=\"text-decoration: none;\"><span style=\"font-family: Calibri,sans-serif;\">Antenne<\/span><\/span><\/span><\/span><\/span><\/span><\/td>\n<td class=\"xl68\" style=\"border: 0.5pt solid gray; background: #3c404a; border-left: none; width: 197pt; text-align: center; vertical-align: middle; padding-top: 1px; padding-right: 1px; padding-left: 1px;\" width=\"263\"><span style=\"font-size: 11pt;\"><span style=\"color: #b0e40a;\"><span style=\"font-weight: bold;\"><span style=\"font-style: normal;\"><span style=\"text-decoration: none;\"><span style=\"font-family: Calibri,sans-serif;\">Interrupteur \u00e0 distance et accessoires<\/span><\/span><\/span><\/span><\/span><\/span><\/td>\n<td class=\"xl67\" style=\"border: none; background: #3c404a; border-left: none; width: 189pt; text-align: center; vertical-align: middle; border-width: 0.5pt; border-style: solid; border-color: gray windowtext gray gray; padding-top: 1px; padding-right: 1px; padding-left: 1px;\" width=\"252\"><span style=\"font-size: 11pt;\"><span style=\"color: #b0e40a;\"><span style=\"font-weight: bold;\"><span style=\"font-style: normal;\"><span style=\"text-decoration: none;\"><span style=\"font-family: Calibri,sans-serif;\">Manuels\/Approbations\/T\u00e9l\u00e9chargements<\/span><\/span><\/span><\/span><\/span><\/span><\/td>\n<\/tr>\n<tr style=\"height: 20.0pt;\">\n<td class=\"xl70\" style=\"border: 0.5pt solid gray; background: #b0e40a; height: 20.0pt; text-align: center; vertical-align: middle; padding-top: 1px; padding-right: 1px; padding-left: 1px;\" height=\"27\"><span style=\"font-size: 11pt;\"><span style=\"font-weight: 400;\"><span style=\"font-style: normal;\"><span style=\"text-decoration: none;\"><span style=\"font-family: Calibri,sans-serif;\">ELT 3000HM 8231<\/span><\/span><\/span><\/span><\/span><\/td>\n<td class=\"xl69\" style=\"border: none; padding-top: 1px; padding-right: 1px; padding-left: 1px; vertical-align: bottom;\"><span style=\"font-size: 11pt;\"><span style=\"font-weight: 400;\"><span style=\"font-style: normal;\"><span style=\"text-decoration: none;\"><span style=\"font-family: Calibri,sans-serif;\"> <\/span><\/span><\/span><\/span><\/span><\/td>\n<td class=\"xl66\" style=\"border: none; text-align: center; vertical-align: middle; padding-top: 1px; padding-right: 1px; padding-left: 1px;\"><\/td>\n<td class=\"xl66\" style=\"border: none; text-align: center; vertical-align: middle; padding-top: 1px; padding-right: 1px; padding-left: 1px;\"><a href=\"https:\/\/www.dropbox.com\/s\/ba7lq6uzc9ww7t6\/8231b.pdf?dl=1\"><span style=\"font-size: 11pt;\"><span style=\"font-weight: 400;\"><span style=\"font-style: normal;\"><span style=\"text-decoration: none;\"><span style=\"font-family: Calibri,sans-serif;\">Liste de colisage<\/span><\/span><\/span><\/span><\/span><\/a><\/td>\n<\/tr>\n<tr style=\"height: 20.0pt;\">\n<td class=\"xl70\" style=\"border: 0.5pt solid gray; background: #b0e40a; height: 20.0pt; border-top: none; text-align: center; vertical-align: middle; padding-top: 1px; padding-right: 1px; padding-left: 1px;\" height=\"27\"><span style=\"font-size: 11pt;\"><span style=\"font-weight: 400;\"><span style=\"font-style: normal;\"><span style=\"text-decoration: none;\"><span style=\"font-family: Calibri,sans-serif;\">ELT 3000HM 8232<\/span><\/span><\/span><\/span><\/span><\/td>\n<td class=\"xl66\" style=\"border: none; text-align: center; vertical-align: middle; padding-top: 1px; padding-right: 1px; padding-left: 1px;\"><\/td>\n<td class=\"xl66\" style=\"border: none; text-align: center; vertical-align: middle; padding-top: 1px; padding-right: 1px; padding-left: 1px;\"><\/td>\n<td class=\"xl66\" style=\"border: none; text-align: center; vertical-align: middle; padding-top: 1px; padding-right: 1px; padding-left: 1px;\"><a href=\"https:\/\/www.dropbox.com\/s\/ugsb53vzphp6mvo\/8232b.pdf?dl=1\"><span style=\"font-size: 11pt;\"><span style=\"font-weight: 400;\"><span style=\"font-style: normal;\"><span style=\"text-decoration: none;\"><span style=\"font-family: Calibri,sans-serif;\">Liste de colisage<\/span><\/span><\/span><\/span><\/span><\/a><\/td>\n<\/tr>\n<tr style=\"height: 20.0pt;\">\n<td class=\"xl70\" style=\"border: 0.5pt solid gray; background: #b0e40a; height: 20.0pt; border-top: none; text-align: center; vertical-align: middle; padding-top: 1px; padding-right: 1px; padding-left: 1px;\" height=\"27\"><span style=\"font-size: 11pt;\"><span style=\"font-weight: 400;\"><span style=\"font-style: normal;\"><span style=\"text-decoration: none;\"><span style=\"font-family: Calibri,sans-serif;\">ELT 3000HM 8233<\/span><\/span><\/span><\/span><\/span><\/td>\n<td class=\"xl66\" style=\"border: none; text-align: center; vertical-align: middle; padding-top: 1px; padding-right: 1px; padding-left: 1px;\"><span style=\"font-size: 11pt;\"><span style=\"font-weight: 400;\"><span style=\"font-style: normal;\"><span style=\"text-decoration: none;\"><span style=\"font-family: Calibri,sans-serif;\">110-338 (blanc) et 110-338-01 (noir)<\/span><\/span><\/span><\/span><\/span><\/td>\n<td class=\"xl66\" style=\"border: none; text-align: center; vertical-align: middle; padding-top: 1px; padding-right: 1px; padding-left: 1px;\"><span style=\"font-size: 11pt;\"><span style=\"font-weight: 400;\"><span style=\"font-style: normal;\"><span style=\"text-decoration: none;\"><span style=\"font-family: Calibri,sans-serif;\">8304<\/span><\/span><\/span><\/span><\/span><\/td>\n<td class=\"xl66\" style=\"border: none; text-align: center; vertical-align: middle; padding-top: 1px; padding-right: 1px; padding-left: 1px;\"><a href=\"https:\/\/www.dropbox.com\/s\/1ranamkvy04fr97\/8233b.pdf?dl=1\"><span style=\"font-size: 11pt;\"><span style=\"font-weight: 400;\"><span style=\"font-style: normal;\"><span style=\"text-decoration: none;\"><span style=\"font-family: Calibri,sans-serif;\">Liste de colisage<\/span><\/span><\/span><\/span><\/span><\/a><\/td>\n<\/tr>\n<\/tbody>\n<\/table>\n<p>&nbsp;<\/p>\n<p>Balises&nbsp;: ARTEX , ARTEX ELT , ARTEX ELT 3000, Emergency Locator Transmitter , ELT 3000, 406&nbsp;MHz, D\u00e9tresse d&#8217;a\u00e9ronef, ELT de d\u00e9tresse pour ELT transport<\/p>\n","protected":false},"excerpt":{"rendered":"<p>Le tout nouveau ARTEX ELT 3000HM est un Emergency Locator Transmitter ( ELT ) v\u00e9ritablement int\u00e9gr\u00e9, de qualit\u00e9 transport, destin\u00e9 au march\u00e9 des giravions. Son format compact est associ\u00e9 \u00e0 une interface NAV int\u00e9gr\u00e9e (ARINC429 ou RS232), ce qui \u00e9vite l&#8217;installation d&#8217;une interface NAV s\u00e9par\u00e9e et permet des r\u00e9ductions significatives de poids et de co\u00fbt. <\/p>\n<p><span style=\"color: #3366ff;\"><strong>Ce produit a \u00e9t\u00e9 abandonn\u00e9<\/strong><\/span><\/p>\n<p><a href=\"https:\/\/www.acrartex.com\/survival-products\/406test\"><img decoding=\"async\" style=\"width: 300px; height: 41px;\" src=\"https:\/\/dk2ztu5ooimmu.cloudfront.net\/ckeditor_assets\/pictures\/146\/406Test_with_desc_-_Tag.gif\" alt=\"\"><\/a><\/p>\n","protected":false},"featured_media":151123,"template":"","meta":{"_acf_changed":false,"om_disable_all_campaigns":false},"product_brand":[],"product_cat":[5628,5630],"product_tag":[5637,5633,5641,5644],"class_list":{"0":"post-151116","1":"product","2":"type-product","3":"status-publish","4":"has-post-thumbnail","6":"product_cat-aviation-fr","7":"product_cat-rotocraft-fr","8":"product_tag-406-fr","9":"product_tag-elt-fr","10":"product_tag-elt-3000-fr","11":"product_tag-emetteur-de-localisation-durgence","12":"pa_aircraft-type-rotocraft-fr","13":"pa_product-heritage","15":"first","16":"instock","17":"taxable","18":"shipping-taxable","19":"product-type-simple"},"acf":[],"_links":{"self":[{"href":"https:\/\/www.acrartex.com\/fr\/wp-json\/wp\/v2\/product\/151116","targetHints":{"allow":["GET"]}}],"collection":[{"href":"https:\/\/www.acrartex.com\/fr\/wp-json\/wp\/v2\/product"}],"about":[{"href":"https:\/\/www.acrartex.com\/fr\/wp-json\/wp\/v2\/types\/product"}],"wp:featuredmedia":[{"embeddable":true,"href":"https:\/\/www.acrartex.com\/fr\/wp-json\/wp\/v2\/media\/151123"}],"wp:attachment":[{"href":"https:\/\/www.acrartex.com\/fr\/wp-json\/wp\/v2\/media?parent=151116"}],"wp:term":[{"taxonomy":"product_brand","embeddable":true,"href":"https:\/\/www.acrartex.com\/fr\/wp-json\/wp\/v2\/product_brand?post=151116"},{"taxonomy":"product_cat","embeddable":true,"href":"https:\/\/www.acrartex.com\/fr\/wp-json\/wp\/v2\/product_cat?post=151116"},{"taxonomy":"product_tag","embeddable":true,"href":"https:\/\/www.acrartex.com\/fr\/wp-json\/wp\/v2\/product_tag?post=151116"}],"curies":[{"name":"wp","href":"https:\/\/api.w.org\/{rel}","templated":true}]}}