{"id":148556,"date":"2021-06-08T23:12:50","date_gmt":"2021-06-09T04:12:50","guid":{"rendered":"https:\/\/www.acrartex.com\/balise-denregistrement\/"},"modified":"2025-07-07T08:53:30","modified_gmt":"2025-07-07T13:53:30","slug":"balise-denregistrement","status":"publish","type":"page","link":"https:\/\/www.acrartex.com\/fr\/balise-denregistrement\/","title":{"rendered":"balise d&#8217;enregistrement"},"content":{"rendered":"\n<p>L&#8217;enregistrement de votre EPIRB 406 MHz, Personal Locator Beacon ( PLB ) et de votre Emergency Locator Transmitter ( ELT ) est essentiel pour optimiser leur efficacit\u00e9 en cas d&#8217;urgence. L&#8217;enregistrement garantit que les autorit\u00e9s de recherche et de sauvetage auront facilement acc\u00e8s \u00e0 des informations vitales sur vous et votre navire, ainsi qu&#8217;\u00e0 vos donn\u00e9es personnelles, en cas d&#8217;urgence. Ces informations comprennent les coordonn\u00e9es, les caract\u00e9ristiques du navire et les contacts d&#8217;urgence, permettant une intervention plus rapide et plus pr\u00e9cise. De plus, l&#8217;enregistrement contribue \u00e0 pr\u00e9venir les fausses alertes en permettant aux autorit\u00e9s de v\u00e9rifier rapidement les signaux de d\u00e9tresse et de prioriser les interventions. En enregistrant simplement votre balise de d\u00e9tresse, vous augmentez consid\u00e9rablement les chances de r\u00e9ussite d&#8217;une op\u00e9ration de sauvetage et contribuez \u00e0 la s\u00e9curit\u00e9 maritime en g\u00e9n\u00e9ral.    <\/p>\n","protected":false},"excerpt":{"rendered":"<p>L&#8217;enregistrement de votre EPIRB 406 MHz, Personal Locator Beacon ( PLB ) et de votre Emergency Locator Transmitter ( ELT ) est essentiel pour optimiser leur efficacit\u00e9 en cas d&#8217;urgence. L&#8217;enregistrement garantit que les autorit\u00e9s de recherche et de sauvetage auront facilement acc\u00e8s \u00e0 des informations vitales sur vous et votre navire, ainsi qu&#8217;\u00e0 vos [&hellip;]<\/p>\n","protected":false},"author":8,"featured_media":0,"parent":0,"menu_order":0,"comment_status":"closed","ping_status":"closed","template":"","meta":{"_acf_changed":false,"om_disable_all_campaigns":false,"footnotes":""},"class_list":["post-148556","page","type-page","status-publish","hentry"],"acf":[],"_links":{"self":[{"href":"https:\/\/www.acrartex.com\/fr\/wp-json\/wp\/v2\/pages\/148556","targetHints":{"allow":["GET"]}}],"collection":[{"href":"https:\/\/www.acrartex.com\/fr\/wp-json\/wp\/v2\/pages"}],"about":[{"href":"https:\/\/www.acrartex.com\/fr\/wp-json\/wp\/v2\/types\/page"}],"author":[{"embeddable":true,"href":"https:\/\/www.acrartex.com\/fr\/wp-json\/wp\/v2\/users\/8"}],"replies":[{"embeddable":true,"href":"https:\/\/www.acrartex.com\/fr\/wp-json\/wp\/v2\/comments?post=148556"}],"version-history":[{"count":1,"href":"https:\/\/www.acrartex.com\/fr\/wp-json\/wp\/v2\/pages\/148556\/revisions"}],"predecessor-version":[{"id":148559,"href":"https:\/\/www.acrartex.com\/fr\/wp-json\/wp\/v2\/pages\/148556\/revisions\/148559"}],"wp:attachment":[{"href":"https:\/\/www.acrartex.com\/fr\/wp-json\/wp\/v2\/media?parent=148556"}],"curies":[{"name":"wp","href":"https:\/\/api.w.org\/{rel}","templated":true}]}}