{"id":147262,"date":"2025-04-30T14:53:24","date_gmt":"2025-04-30T19:53:24","guid":{"rendered":"https:\/\/www.acrartex.com\/tableau-de-bord-acr-supports-de-formation-et-videos\/"},"modified":"2025-07-07T07:02:31","modified_gmt":"2025-07-07T12:02:31","slug":"tableau-de-bord-acr-supports-de-formation-et-videos","status":"publish","type":"page","link":"https:\/\/www.acrartex.com\/fr\/tableau-de-bord-acr-supports-de-formation-et-videos\/","title":{"rendered":"Tableau de bord ACR \u2013 Supports de formation et vid\u00e9os"},"content":{"rendered":"\n<p>Cette section donne acc\u00e8s \u00e0 tous les supports de formation et vid\u00e9os p\u00e9dagogiques disponibles. Les sujets suivants sont abord\u00e9s. Cliquez sur le(s) lien(s) de votre choix pour acc\u00e9der au support de formation correspondant\u00a0:  <\/p>\n\n<ul class=\"wp-block-list\">\n<li><a href=\"https:\/\/youtu.be\/L7br3CPHPwU\">Aper\u00e7u de la commande<\/a><\/li>\n<\/ul>\n\n<ul class=\"wp-block-list\">\n<li><a href=\"https:\/\/youtu.be\/r7Oe95T5KNo\">Examen et placement des commandes<\/a><\/li>\n<\/ul>\n\n<ul class=\"wp-block-list\">\n<li><a href=\"https:\/\/youtu.be\/rPK8R9qxoKs\">Suivi des exp\u00e9ditions<\/a><\/li>\n<\/ul>\n\n<ul class=\"wp-block-list\">\n<li><a href=\"https:\/\/youtu.be\/_gZYs--VSpY\">Factures et paiements<\/a><\/li>\n<\/ul>\n\n<ul class=\"wp-block-list\">\n<li><a href=\"https:\/\/youtu.be\/Axsj0lCfM7U\">Navigation dans le catalogue de produits et relev\u00e9 de compte<\/a><\/li>\n<\/ul>\n\n<p><\/p>\n\n<p>Si vous avez des questions, des pr\u00e9occupations ou si vous souhaitez planifier une formation individuelle avec votre agent du service client, veuillez nous contacter \u00e0 <strong>cs.dashboard@acrartex.com<\/strong> et nous faire savoir comment nous pouvons vous aider.<\/p>\n","protected":false},"excerpt":{"rendered":"<p>Cette section donne acc\u00e8s \u00e0 tous les supports de formation et vid\u00e9os p\u00e9dagogiques disponibles. Les sujets suivants sont abord\u00e9s. Cliquez sur le(s) lien(s) de votre choix pour acc\u00e9der au support de formation correspondant\u00a0: Si vous avez des questions, des pr\u00e9occupations ou si vous souhaitez planifier une formation individuelle avec votre agent du service client, veuillez [&hellip;]<\/p>\n","protected":false},"author":23,"featured_media":0,"parent":0,"menu_order":0,"comment_status":"closed","ping_status":"closed","template":"","meta":{"_acf_changed":false,"om_disable_all_campaigns":false,"footnotes":""},"class_list":["post-147262","page","type-page","status-publish","hentry"],"acf":[],"_links":{"self":[{"href":"https:\/\/www.acrartex.com\/fr\/wp-json\/wp\/v2\/pages\/147262","targetHints":{"allow":["GET"]}}],"collection":[{"href":"https:\/\/www.acrartex.com\/fr\/wp-json\/wp\/v2\/pages"}],"about":[{"href":"https:\/\/www.acrartex.com\/fr\/wp-json\/wp\/v2\/types\/page"}],"author":[{"embeddable":true,"href":"https:\/\/www.acrartex.com\/fr\/wp-json\/wp\/v2\/users\/23"}],"replies":[{"embeddable":true,"href":"https:\/\/www.acrartex.com\/fr\/wp-json\/wp\/v2\/comments?post=147262"}],"version-history":[{"count":1,"href":"https:\/\/www.acrartex.com\/fr\/wp-json\/wp\/v2\/pages\/147262\/revisions"}],"predecessor-version":[{"id":147264,"href":"https:\/\/www.acrartex.com\/fr\/wp-json\/wp\/v2\/pages\/147262\/revisions\/147264"}],"wp:attachment":[{"href":"https:\/\/www.acrartex.com\/fr\/wp-json\/wp\/v2\/media?parent=147262"}],"curies":[{"name":"wp","href":"https:\/\/api.w.org\/{rel}","templated":true}]}}