{"id":146904,"date":"2021-02-12T16:04:28","date_gmt":"2021-02-12T21:04:28","guid":{"rendered":"https:\/\/www.acrartex.com\/entreprise\/"},"modified":"2025-07-07T06:04:09","modified_gmt":"2025-07-07T11:04:09","slug":"entreprise","status":"publish","type":"page","link":"https:\/\/www.acrartex.com\/fr\/entreprise\/","title":{"rendered":"Entreprise"},"content":{"rendered":"\n<div class=\"wp-block-group about-us-block\"><div class=\"wp-block-group__inner-container is-layout-flow wp-block-group-is-layout-flow\">\n<h2 class=\"wp-block-heading\"><span style=\"color:#1a1818\" class=\"has-inline-color\">\u00c0 PROPOS DE NOUS<\/span><\/h2>\n\n\n\n<p><span style=\"color:#1a1818\" class=\"has-inline-color\">ACR Electronics , Inc. est le principal centre de d\u00e9veloppement de balises de d\u00e9tresse con\u00e7ues dans un seul but\u00a0: sauver des vies. Gr\u00e2ce \u00e0 notre expertise technologique combin\u00e9e dans les secteurs <a href=\"https:\/\/www.acrartex.com\/product-category\/marine\/\">maritime<\/a> , <a href=\"http:\/\/www.artex.com\">a\u00e9ronautique<\/a> , <a href=\"https:\/\/www.acrartex.com\/product-category\/outdoor\/\">des activit\u00e9s de plein air<\/a> et militaire, nous concevons et fabriquons des balises de sauvetage et des \u00e9quipements de survie de pointe pour les plaisanciers, les pilotes, les chasseurs, les randonneurs, les alpinistes, les cyclistes et les troupes de combat, sans oublier les nombreux constructeurs navals et a\u00e9ronautiques leaders du secteur. <\/span><\/p>\n\n\n\n<p><span style=\"color:#1a1818\" class=\"has-inline-color\">Depuis 1956, la vaste gamme de produits de survie ACR est pl\u00e9biscit\u00e9e par la NASA, l&#8217;arm\u00e9e am\u00e9ricaine, les garde-c\u00f4tes am\u00e9ricains et les explorateurs et aventuriers du monde entier. Des balises de d\u00e9tresse et de sauvetage aux lampes de poche sp\u00e9ciales utilis\u00e9es sur Apollo 13 apr\u00e8s son explosion, ACR fabrique des produits con\u00e7us pour \u00eatre performants lors d&#8217;exp\u00e9ditions de toutes tailles. <\/span><\/p>\n<\/div><\/div>\n\n<div class=\"wp-block-group links-block\"><div class=\"wp-block-group__inner-container is-layout-flow wp-block-group-is-layout-flow\">\n<div class=\"wp-block-buttons is-layout-flex wp-block-buttons-is-layout-flex\">\n<div class=\"wp-block-button\"><a class=\"wp-block-button__link\" href=\"http:\/\/www.acrartex.com\/capabilities\/\">Nos capacit\u00e9s<\/a><\/div>\n\n\n\n<div class=\"wp-block-button\"><a class=\"wp-block-button__link\" href=\"http:\/\/www.acrartex.com\/quality\/\">Syst\u00e8me de gestion de la qualit\u00e9<\/a><\/div>\n\n\n\n<div class=\"wp-block-button\"><a class=\"wp-block-button__link\" href=\"http:\/\/www.acrartex.com\/use-of-conflict-minerals\/\">Utilisation de mat\u00e9riaux de conflit<\/a><\/div>\n\n\n\n<div class=\"wp-block-button\"><a class=\"wp-block-button__link\" href=\"http:\/\/www.acrartex.com\/reach-rohs-compliance\/\">Atteindre la conformit\u00e9 ROHS<\/a><\/div>\n<\/div>\n<\/div><\/div>\n\n<h2 class=\"wp-block-heading\" id=\"h-our-brands\">Nos marques<\/h2>\n\n<div class=\"wp-block-group brands-block\"><div class=\"wp-block-group__inner-container is-layout-flow wp-block-group-is-layout-flow\">\n<div class=\"wp-block-group brand-item-block\"><div class=\"wp-block-group__inner-container is-layout-flow wp-block-group-is-layout-flow\">\n<div class=\"wp-block-image is-style-default\"><figure class=\"aligncenter size-large is-resized\"><a href=\"www.artex.com\" target=\"_blank\" rel=\"noopener noreferrer\"><img loading=\"lazy\" decoding=\"async\" src=\"https:\/\/www.acrartex.com\/wp-content\/uploads\/2021\/02\/artex_logo_gray-1-1024x297.png\" alt=\"\" class=\"wp-image-356\" width=\"512\" height=\"149\" srcset=\"https:\/\/www.acrartex.com\/wp-content\/uploads\/2021\/02\/artex_logo_gray-1-1024x297.png 1024w, https:\/\/www.acrartex.com\/wp-content\/uploads\/2021\/02\/artex_logo_gray-1-300x87.png 300w, https:\/\/www.acrartex.com\/wp-content\/uploads\/2021\/02\/artex_logo_gray-1-768x223.png 768w, https:\/\/www.acrartex.com\/wp-content\/uploads\/2021\/02\/artex_logo_gray-1-1536x446.png 1536w, https:\/\/www.acrartex.com\/wp-content\/uploads\/2021\/02\/artex_logo_gray-1-2048x595.png 2048w, https:\/\/www.acrartex.com\/wp-content\/uploads\/2021\/02\/artex_logo_gray-1-600x174.png 600w\" sizes=\"auto, (max-width: 512px) 100vw, 512px\" \/><\/a><\/figure><\/div>\n\n\n\n<p>ARTEX con\u00e7oit et fabrique une large gamme d&#8217;\u00e9metteurs de localisation d&#8217;urgence (ELT) pour l&#8217;aviation g\u00e9n\u00e9rale, commerciale et militaire, ainsi que des packs de batteries et des accessoires ELT . ARTEX est une entreprise internationale qui compte une client\u00e8le allant des pilotes priv\u00e9s aux plus grands avionneurs, compagnies a\u00e9riennes et gouvernements. <\/p>\n\n\n\n<p>Pour plus d&#8217;informations, visitez <a href=\"http:\/\/www.ARTEX.com\" data-type=\"URL\" data-id=\"http:\/\/www.ARTEX.com\" target=\"_blank\" rel=\"noreferrer noopener\">ARTEX<\/a><\/p>\n<\/div><\/div>\n\n\n\n<div class=\"wp-block-group brand-item-block\"><div class=\"wp-block-group__inner-container is-layout-flow wp-block-group-is-layout-flow\">\n<div class=\"wp-block-image is-style-default\"><figure class=\"aligncenter size-large is-resized\"><a href=\"https:\/\/www.oceansignal.com\" target=\"_blank\" rel=\"noopener noreferrer\"><img loading=\"lazy\" decoding=\"async\" src=\"https:\/\/www.acrartex.com\/wp-content\/uploads\/2021\/02\/OSL_logo-gray-1024x610.png\" alt=\"\" class=\"wp-image-353\" width=\"256\" height=\"153\" srcset=\"https:\/\/www.acrartex.com\/wp-content\/uploads\/2021\/02\/OSL_logo-gray-1024x610.png 1024w, https:\/\/www.acrartex.com\/wp-content\/uploads\/2021\/02\/OSL_logo-gray-300x179.png 300w, https:\/\/www.acrartex.com\/wp-content\/uploads\/2021\/02\/OSL_logo-gray-768x457.png 768w, https:\/\/www.acrartex.com\/wp-content\/uploads\/2021\/02\/OSL_logo-gray-1536x914.png 1536w, https:\/\/www.acrartex.com\/wp-content\/uploads\/2021\/02\/OSL_logo-gray-2048x1219.png 2048w, https:\/\/www.acrartex.com\/wp-content\/uploads\/2021\/02\/OSL_logo-gray-600x357.png 600w\" sizes=\"auto, (max-width: 256px) 100vw, 256px\" \/><\/a><\/figure><\/div>\n\n\n\n<p>Ocean Signal con\u00e7oit et fabrique des produits de s\u00e9curit\u00e9 et de communication exceptionnels, qui respectent ou d\u00e9passent syst\u00e9matiquement les normes techniques et de s\u00e9curit\u00e9 internationales. Tous les produits Ocean Signal b\u00e9n\u00e9ficient d&#8217;une conception et d&#8217;une innovation rigoureuses, garantissant \u00e0 tous les utilisateurs un \u00e9quipement toujours pr\u00eat \u00e0 l&#8217;emploi, quelle que soit la situation. <\/p>\n\n\n\n<p>Pour plus d&#8217;informations, visitez <a href=\"http:\/\/www.oceansignal.com\" data-type=\"URL\" data-id=\"www.oceansignal.com\">www.oceansignal.com<\/a><\/p>\n<\/div><\/div>\n\n\n\n<div class=\"wp-block-group brand-item-block\"><div class=\"wp-block-group__inner-container is-layout-flow wp-block-group-is-layout-flow\">\n<div class=\"wp-block-image is-style-default\"><figure class=\"aligncenter size-large is-resized\"><a href=\"https:\/\/www.uml.co.uk\/\" target=\"_blank\" rel=\"noopener noreferrer\"><img loading=\"lazy\" decoding=\"async\" src=\"https:\/\/www.acrartex.com\/wp-content\/uploads\/2021\/02\/UML_logo_gray-1024x1024.png\" alt=\"\" class=\"wp-image-355\" width=\"256\" height=\"256\" srcset=\"https:\/\/www.acrartex.com\/wp-content\/uploads\/2021\/02\/UML_logo_gray-1024x1024.png 1024w, https:\/\/www.acrartex.com\/wp-content\/uploads\/2021\/02\/UML_logo_gray-300x300.png 300w, https:\/\/www.acrartex.com\/wp-content\/uploads\/2021\/02\/UML_logo_gray-150x150.png 150w, https:\/\/www.acrartex.com\/wp-content\/uploads\/2021\/02\/UML_logo_gray-768x768.png 768w, https:\/\/www.acrartex.com\/wp-content\/uploads\/2021\/02\/UML_logo_gray-1536x1536.png 1536w, https:\/\/www.acrartex.com\/wp-content\/uploads\/2021\/02\/UML_logo_gray-2048x2048.png 2048w, https:\/\/www.acrartex.com\/wp-content\/uploads\/2021\/02\/UML_logo_gray-600x600.png 600w, https:\/\/www.acrartex.com\/wp-content\/uploads\/2021\/02\/UML_logo_gray-100x100.png 100w\" sizes=\"auto, (max-width: 256px) 100vw, 256px\" \/><\/a><\/figure><\/div>\n\n\n\n<p>United Moulders Ltd (UML) con\u00e7oit et fabrique une gamme compl\u00e8te de syst\u00e8mes de gonflage de gilets de sauvetage approuv\u00e9s ISO 12402-7 qui sont largement utilis\u00e9s dans les secteurs des loisirs, commerciaux et militaires.  <\/p>\n\n\n\n<p>Pour plus d&#8217;informations, visitez <a href=\"http:\/\/www.UML.co.uk.\" data-type=\"URL\" data-id=\"www.UML.co.uk.\">www.UML.co.uk.<\/a><\/p>\n<\/div><\/div>\n<\/div><\/div>\n","protected":false},"excerpt":{"rendered":"<p>Nos marques ARTEX con\u00e7oit et fabrique une large gamme d&#8217;\u00e9metteurs de localisation d&#8217;urgence (ELT) pour l&#8217;aviation g\u00e9n\u00e9rale, commerciale et militaire, ainsi que des packs de batteries et des accessoires ELT . ARTEX est une entreprise internationale qui compte une client\u00e8le allant des pilotes priv\u00e9s aux plus grands avionneurs, compagnies a\u00e9riennes et gouvernements. Pour plus d&#8217;informations, [&hellip;]<\/p>\n","protected":false},"author":1,"featured_media":0,"parent":0,"menu_order":0,"comment_status":"closed","ping_status":"closed","template":"pagetemplate-company.php","meta":{"_acf_changed":false,"om_disable_all_campaigns":false,"footnotes":""},"class_list":["post-146904","page","type-page","status-publish","hentry"],"acf":[],"_links":{"self":[{"href":"https:\/\/www.acrartex.com\/fr\/wp-json\/wp\/v2\/pages\/146904","targetHints":{"allow":["GET"]}}],"collection":[{"href":"https:\/\/www.acrartex.com\/fr\/wp-json\/wp\/v2\/pages"}],"about":[{"href":"https:\/\/www.acrartex.com\/fr\/wp-json\/wp\/v2\/types\/page"}],"author":[{"embeddable":true,"href":"https:\/\/www.acrartex.com\/fr\/wp-json\/wp\/v2\/users\/1"}],"replies":[{"embeddable":true,"href":"https:\/\/www.acrartex.com\/fr\/wp-json\/wp\/v2\/comments?post=146904"}],"version-history":[{"count":1,"href":"https:\/\/www.acrartex.com\/fr\/wp-json\/wp\/v2\/pages\/146904\/revisions"}],"predecessor-version":[{"id":146908,"href":"https:\/\/www.acrartex.com\/fr\/wp-json\/wp\/v2\/pages\/146904\/revisions\/146908"}],"wp:attachment":[{"href":"https:\/\/www.acrartex.com\/fr\/wp-json\/wp\/v2\/media?parent=146904"}],"curies":[{"name":"wp","href":"https:\/\/api.w.org\/{rel}","templated":true}]}}