{"id":146850,"date":"2021-02-26T09:20:08","date_gmt":"2021-02-26T14:20:08","guid":{"rendered":"https:\/\/www.acrartex.com\/qualite\/"},"modified":"2025-07-07T06:01:03","modified_gmt":"2025-07-07T11:01:03","slug":"qualite","status":"publish","type":"page","link":"https:\/\/www.acrartex.com\/fr\/qualite\/","title":{"rendered":"Qualit\u00e9"},"content":{"rendered":"\n<p>Chez ACR \/Artex, nous fabriquons des produits de qualit\u00e9, sachant qu&#8217;ils servent \u00e0 sauver des vies. Dans notre m\u00e9tier, la science est primordiale\u00a0: elle fournit des lois, des processus et des r\u00e9sultats fiables que nous utilisons pour d\u00e9jouer l&#8217;impr\u00e9visible. L&#8217;existence de notre entreprise repose sur le principe de l&#8217;am\u00e9lioration continue. Nous sommes exigeants, pr\u00e9cis et rigoureux. Vous ne nous entendrez jamais nous excuser d&#8217;\u00eatre trop m\u00e9ticuleux et obs\u00e9d\u00e9s par la qualit\u00e9. Nous consacrons un temps consid\u00e9rable \u00e0 la recherche de nouvelles fa\u00e7ons de remettre nos produits au niveau sup\u00e9rieur, car nous sommes convaincus que nos clients m\u00e9ritent le meilleur. Nous concevons des produits qui surpassent toutes les r\u00e9glementations impos\u00e9es par les agences gouvernementales. Autrement dit, nos efforts de test commencent souvent l\u00e0 o\u00f9 les normes gouvernementales s&#8217;arr\u00eatent. Pour nous, la qualit\u00e9 signifie conna\u00eetre la composition chimique et m\u00e9tallique exacte de chaque composant de chacun de nos produits. Cela signifie d\u00e9velopper des tests pour valider chacune de nos affirmations. Cela signifie rejeter cat\u00e9goriquement tout taux de d\u00e9faillance que nos concurrents jugent acceptable. En bref, si ce n&#8217;est pas le meilleur, ce n&#8217;est pas ACR \/Artex. SYST\u00c8ME DE GESTION DE LA QUALIT\u00c9 Toutes les activit\u00e9s ACR Electronics , Inc. ( ACR \/Artex) sont soumises \u00e0 la surveillance de la Federal Aviation Administration (FAA) et \u00e0 des audits p\u00e9riodiques conform\u00e9ment aux Federal Aviation Regulations (FAR). Le syst\u00e8me de gestion de la qualit\u00e9 (SMQ) ACR est document\u00e9 dans un manuel qualit\u00e9 et des proc\u00e9dures approuv\u00e9s par la FAA. Les produits ELT Artex sont approuv\u00e9s par la FAA conform\u00e9ment aux Technical Standard Orders (TSO), \u00e0 la qualification europ\u00e9enne correspondante (ETSO) et \u00e0 d&#8217;autres organismes d&#8217;approbation r\u00e9gionaux. Pour mieux servir ses clients, ACR \/Artex dispose d&#8217;un centre de r\u00e9paration agr\u00e9\u00e9 FAR-145, soumis \u00e0 une approbation et une surveillance distinctes de la FAA. Pour r\u00e9pondre aux exigences de ses clients OEM, ACR \/Artex a enregistr\u00e9 son SMQ selon les normes internationales de syst\u00e8me qualit\u00e9 AS9100D (A\u00e9rospatiale) et ISO-9001:2015. Le bureau d&#8217;enregistrement d&#8217; ACR est TUV USA, Inc. et est r\u00e9pertori\u00e9 dans la base de donn\u00e9es du syst\u00e8me d&#8217;information en ligne des fournisseurs de l&#8217;a\u00e9rospatiale (IAQG-OASIS).                 <\/p>\n\n<figure class=\"wp-block-image size-large\"><a href=\"https:\/\/www.acrartex.com\/wp-content\/uploads\/2022\/03\/image.png\"><img loading=\"lazy\" decoding=\"async\" width=\"1024\" height=\"111\" src=\"https:\/\/www.acrartex.com\/wp-content\/uploads\/2022\/03\/image-1024x111.png\" alt=\"\" class=\"wp-image-28338\" srcset=\"https:\/\/www.acrartex.com\/wp-content\/uploads\/2022\/03\/image-1024x111.png 1024w, https:\/\/www.acrartex.com\/wp-content\/uploads\/2022\/03\/image-300x32.png 300w, https:\/\/www.acrartex.com\/wp-content\/uploads\/2022\/03\/image-768x83.png 768w, https:\/\/www.acrartex.com\/wp-content\/uploads\/2022\/03\/image-600x65.png 600w, https:\/\/www.acrartex.com\/wp-content\/uploads\/2022\/03\/image.png 1339w\" sizes=\"auto, (max-width: 1024px) 100vw, 1024px\" \/><\/a><\/figure>\n\n<p><strong>Certifications de qualit\u00e9 :<\/strong><\/p>\n\n<p class=\"has-vivid-cyan-blue-color has-text-color\"><a href=\"https:\/\/www.dropbox.com\/scl\/fi\/v5ydoa395w61i3hb47e8e\/ISO-9001-and-AS9100D-Certification.pdf?rlkey=rigwfe1zbfejlavr32ovnocfi&amp;st=8vv015y7&amp;dl=1\">Certification ISO 9001 et AS9100D<\/a><\/p>\n\n<p class=\"has-vivid-cyan-blue-color has-text-color\"><a href=\"https:\/\/www.dropbox.com\/scl\/fi\/bj7464lwwz577bvvvuzfo\/FAA-Air-Agency-Certificate_Manufacturer-Maintenance-Facility.pdf?rlkey=ncqrwf5xvba8eystumuox5iqd&amp;dl=1\">Certificat d&#8217;agence a\u00e9rienne de la FAA (installation de maintenance du fabricant)<\/a><\/p>\n\n<p class=\"has-vivid-cyan-blue-color has-text-color\"><a href=\"https:\/\/www.dropbox.com\/scl\/fi\/m1mtjkp8v5tdgi4oh2fbn\/FAA-Air-Agency-Certificate_Repair-Station.pdf?rlkey=jblwgu85vrjp3xhp8590ssb17&amp;dl=1\">Certificat d&#8217;agence a\u00e9rienne de la FAA (station de r\u00e9paration)<\/a><\/p>\n\n<p class=\"has-vivid-cyan-blue-color has-text-color\"><a href=\"https:\/\/www.dropbox.com\/scl\/fi\/dh8quhkwvbp0tetyiudah\/FAA_Operations-Specifications.pdf?rlkey=odkhobvjvzjzu6ddwne4xmhyo&amp;dl=1\">Sp\u00e9cifications d&#8217;exploitation de la FAA<\/a><\/p>\n\n<p class=\"has-vivid-cyan-blue-color has-text-color\"><a href=\"https:\/\/www.dropbox.com\/scl\/fi\/ssjmpyvgrgushnbb1diln\/EASA-Part-145__Approval-Renewal__pg-1-2___Expires-_01-June-2026.pdf?rlkey=v92tqo9evrpwgujiq6rbk9shy&amp;st=kg2trlrv&amp;dl=1\">Certificat d&#8217;approbation EASA Part 145<\/a><\/p>\n","protected":false},"excerpt":{"rendered":"<p>Chez ACR \/Artex, nous fabriquons des produits de qualit\u00e9, sachant qu&#8217;ils servent \u00e0 sauver des vies. Dans notre m\u00e9tier, la science est primordiale\u00a0: elle fournit des lois, des processus et des r\u00e9sultats fiables que nous utilisons pour d\u00e9jouer l&#8217;impr\u00e9visible. L&#8217;existence de notre entreprise repose sur le principe de l&#8217;am\u00e9lioration continue. Nous sommes exigeants, pr\u00e9cis et [&hellip;]<\/p>\n","protected":false},"author":2,"featured_media":0,"parent":0,"menu_order":0,"comment_status":"closed","ping_status":"closed","template":"","meta":{"_acf_changed":false,"om_disable_all_campaigns":false,"footnotes":""},"class_list":["post-146850","page","type-page","status-publish","hentry"],"acf":[],"_links":{"self":[{"href":"https:\/\/www.acrartex.com\/fr\/wp-json\/wp\/v2\/pages\/146850","targetHints":{"allow":["GET"]}}],"collection":[{"href":"https:\/\/www.acrartex.com\/fr\/wp-json\/wp\/v2\/pages"}],"about":[{"href":"https:\/\/www.acrartex.com\/fr\/wp-json\/wp\/v2\/types\/page"}],"author":[{"embeddable":true,"href":"https:\/\/www.acrartex.com\/fr\/wp-json\/wp\/v2\/users\/2"}],"replies":[{"embeddable":true,"href":"https:\/\/www.acrartex.com\/fr\/wp-json\/wp\/v2\/comments?post=146850"}],"version-history":[{"count":1,"href":"https:\/\/www.acrartex.com\/fr\/wp-json\/wp\/v2\/pages\/146850\/revisions"}],"predecessor-version":[{"id":146854,"href":"https:\/\/www.acrartex.com\/fr\/wp-json\/wp\/v2\/pages\/146850\/revisions\/146854"}],"wp:attachment":[{"href":"https:\/\/www.acrartex.com\/fr\/wp-json\/wp\/v2\/media?parent=146850"}],"curies":[{"name":"wp","href":"https:\/\/api.w.org\/{rel}","templated":true}]}}