{"id":146783,"date":"2021-02-26T09:21:38","date_gmt":"2021-02-26T14:21:38","guid":{"rendered":"https:\/\/www.acrartex.com\/conformite-reach-rohs\/"},"modified":"2025-07-07T05:53:56","modified_gmt":"2025-07-07T10:53:56","slug":"conformite-reach-rohs","status":"publish","type":"page","link":"https:\/\/www.acrartex.com\/fr\/conformite-reach-rohs\/","title":{"rendered":"Conformit\u00e9 REACH RoHS"},"content":{"rendered":"\n<p>ACR Electronics , Inc. ( ACR ) promeut la sant\u00e9 humaine, la s\u00e9curit\u00e9 et la protection de l&#8217;environnement tout au long de ses activit\u00e9s, dans une perspective de cycle de vie des produits. Les produits d&#8217; ACR ne contiennent pas de substances nocives pour la sant\u00e9 humaine ou l&#8217;environnement. ACR attend de ses partenaires commerciaux dans la cha\u00eene d&#8217;approvisionnement qu&#8217;ils : a) respectent les normes de sant\u00e9, de s\u00e9curit\u00e9 et d&#8217;environnement tout au long de leurs processus ; b) connaissent les r\u00e9glementations internationales telles que le r\u00e8glement CE n\u00b0 1907\/2006 REACH (enregistrement, \u00e9valuation, autorisation et restriction des substances chimiques), la directive 2011\/65\/UE (2002\/95\/CE et ses modifications successives) du Parlement europ\u00e9en relative \u00e0 la limitation de l&#8217;utilisation de certaines substances dangereuses dans les \u00e9quipements \u00e9lectriques et \u00e9lectroniques ; et c) \u0153uvrent \u00e0 une substitution progressive des produits chimiques les plus dangereux. ACR remplit ses obligations au titre de REACH, c&#8217;est-\u00e0-dire qu&#8217;elle informe ses clients si ses produits contiennent plus de 0,1 % en poids d&#8217;une substance figurant sur la liste des substances extr\u00eamement pr\u00e9occupantes (SVHC) candidate, tenue \u00e0 jour par l&#8217;Agence europ\u00e9enne des produits chimiques (ECHA). ACR remplira \u00e9galement ses obligations au titre de la directive RoHS. Les substances soumises \u00e0 restrictions (plomb\/Pb\u00a0; mercure\/Hg\u00a0; cadmium\/Cd\u00a0; chrome hexavalent\/Cr 6+\u00a0; polybromobiph\u00e9nyle\/PBB\u00a0; polybromodiph\u00e9nyle\/PBDE) ne sont pas ajout\u00e9es intentionnellement, mais peuvent \u00eatre pr\u00e9sentes sous forme d&#8217;impuret\u00e9s et ne d\u00e9passent pas la valeur maximale autoris\u00e9e. Les m\u00e9gaphones ACR , EM-1A et EA-1D, ne sont pas conformes \u00e0 la directive RoHS car ils sont assembl\u00e9s avec des soudures au plomb. ACR estime que les produits a\u00e9ronautiques ne sont pas soumis aux exigences RoHS. ACR continuera de collaborer avec ses fournisseurs afin de s&#8217;assurer que nous sommes en mesure d&#8217;identifier la pr\u00e9sence de restrictions de substances RoHS et REACH dans notre cha\u00eene d&#8217;approvisionnement et que les d\u00e9clarations faites dans cette d\u00e9claration restent exactes. Pour toute question concernant cette d\u00e9claration de conformit\u00e9 REACH et RoHS, veuillez contacter le service Qualit\u00e9 d&#8217; ACR .            <\/p>\n","protected":false},"excerpt":{"rendered":"<p>ACR Electronics , Inc. ( ACR ) promeut la sant\u00e9 humaine, la s\u00e9curit\u00e9 et la protection de l&#8217;environnement tout au long de ses activit\u00e9s, dans une perspective de cycle de vie des produits. Les produits d&#8217; ACR ne contiennent pas de substances nocives pour la sant\u00e9 humaine ou l&#8217;environnement. ACR attend de ses partenaires commerciaux [&hellip;]<\/p>\n","protected":false},"author":2,"featured_media":0,"parent":0,"menu_order":0,"comment_status":"closed","ping_status":"closed","template":"","meta":{"_acf_changed":false,"om_disable_all_campaigns":false,"footnotes":""},"class_list":["post-146783","page","type-page","status-publish","hentry"],"acf":[],"_links":{"self":[{"href":"https:\/\/www.acrartex.com\/fr\/wp-json\/wp\/v2\/pages\/146783","targetHints":{"allow":["GET"]}}],"collection":[{"href":"https:\/\/www.acrartex.com\/fr\/wp-json\/wp\/v2\/pages"}],"about":[{"href":"https:\/\/www.acrartex.com\/fr\/wp-json\/wp\/v2\/types\/page"}],"author":[{"embeddable":true,"href":"https:\/\/www.acrartex.com\/fr\/wp-json\/wp\/v2\/users\/2"}],"replies":[{"embeddable":true,"href":"https:\/\/www.acrartex.com\/fr\/wp-json\/wp\/v2\/comments?post=146783"}],"version-history":[{"count":1,"href":"https:\/\/www.acrartex.com\/fr\/wp-json\/wp\/v2\/pages\/146783\/revisions"}],"predecessor-version":[{"id":146788,"href":"https:\/\/www.acrartex.com\/fr\/wp-json\/wp\/v2\/pages\/146783\/revisions\/146788"}],"wp:attachment":[{"href":"https:\/\/www.acrartex.com\/fr\/wp-json\/wp\/v2\/media?parent=146783"}],"curies":[{"name":"wp","href":"https:\/\/api.w.org\/{rel}","templated":true}]}}