{"id":146595,"date":"2021-11-11T11:19:29","date_gmt":"2021-11-11T16:19:29","guid":{"rendered":"https:\/\/www.acrartex.com\/406test\/"},"modified":"2026-03-06T09:44:47","modified_gmt":"2026-03-06T14:44:47","slug":"406test","status":"publish","type":"page","link":"https:\/\/www.acrartex.com\/fr\/406test\/","title":{"rendered":"406Test"},"content":{"rendered":"\n<div class=\"wp-block-cover is-light\" style=\"min-height:230px;aspect-ratio:unset;\"><img loading=\"lazy\" decoding=\"async\" width=\"2560\" height=\"933\" class=\"wp-block-cover__image-background wp-image-22643\" alt=\"\" src=\"https:\/\/www.acrartex.com\/wp-content\/uploads\/2021\/08\/406Test-Landing-Page-Banner-2-scaled.jpg\" data-object-fit=\"cover\" srcset=\"https:\/\/www.acrartex.com\/wp-content\/uploads\/2021\/08\/406Test-Landing-Page-Banner-2-scaled.jpg 2560w, https:\/\/www.acrartex.com\/wp-content\/uploads\/2021\/08\/406Test-Landing-Page-Banner-2-300x109.jpg 300w, https:\/\/www.acrartex.com\/wp-content\/uploads\/2021\/08\/406Test-Landing-Page-Banner-2-1024x373.jpg 1024w, https:\/\/www.acrartex.com\/wp-content\/uploads\/2021\/08\/406Test-Landing-Page-Banner-2-768x280.jpg 768w, https:\/\/www.acrartex.com\/wp-content\/uploads\/2021\/08\/406Test-Landing-Page-Banner-2-1536x560.jpg 1536w, https:\/\/www.acrartex.com\/wp-content\/uploads\/2021\/08\/406Test-Landing-Page-Banner-2-2048x747.jpg 2048w, https:\/\/www.acrartex.com\/wp-content\/uploads\/2021\/08\/406Test-Landing-Page-Banner-2-600x219.jpg 600w\" sizes=\"auto, (max-width: 2560px) 100vw, 2560px\" \/><span aria-hidden=\"true\" class=\"wp-block-cover__background has-background-dim-10 has-background-dim\"><\/span><div class=\"wp-block-cover__inner-container is-layout-flow wp-block-cover-is-layout-flow\">\n<div class=\"wp-block-media-text alignwide is-stacked-on-mobile\" style=\"grid-template-columns:26% auto\"><figure class=\"wp-block-media-text__media\"><img loading=\"lazy\" decoding=\"async\" width=\"306\" height=\"336\" src=\"https:\/\/www.acrartex.com\/wp-content\/uploads\/2021\/08\/406Test-Logo-Basic.png\" alt=\"\" class=\"wp-image-22645 size-full\" srcset=\"https:\/\/www.acrartex.com\/wp-content\/uploads\/2021\/08\/406Test-Logo-Basic.png 306w, https:\/\/www.acrartex.com\/wp-content\/uploads\/2021\/08\/406Test-Logo-Basic-273x300.png 273w\" sizes=\"auto, (max-width: 306px) 100vw, 306px\" \/><\/figure><div class=\"wp-block-media-text__content\">\n<p class=\"has-white-color has-text-color has-large-font-size\"><strong>AUTOTEST SATELLITE ET GESTION DES BALISES<\/strong><\/p>\n<\/div><\/div>\n\n\n\n<div class=\"wp-block-buttons is-horizontal is-content-justification-center is-layout-flex wp-container-core-buttons-is-layout-499968f5 wp-block-buttons-is-layout-flex\">\n<div class=\"wp-block-button has-custom-width wp-block-button__width-50\"><a class=\"wp-block-button__link has-text-color has-background wp-element-button\" href=\"https:\/\/www.acrartex.com\/?post_type=product&amp;p=9901\" style=\"color:#3a3a3a;background:linear-gradient(175deg,rgb(202,248,128) 0%,rgb(207,234,0) 100%)\" rel=\"\"><strong>ABONNEZ-VOUS MAINTENANT<\/strong><\/a><\/div>\n<\/div>\n<\/div><\/div>\n\n<p class=\"has-vivid-red-color has-text-color has-link-color has-medium-font-size wp-elements-b82a178163b4b61d5bb93cb8c7d1c47c\"><strong>REMARQUE\u00a0: LE SERVICE D\u2019ABONNEMENT 406TEST MENTIONN\u00c9 SUR CETTE PAGE N\u2019EST PLUS DISPONIBLE. NOUS NE PROPOSONS MALHEUREUSEMENT AUCUNE SOLUTION ALTERNATIVE AUX FONCTIONNALIT\u00c9S SIMILAIRES. <\/strong><\/p>\n\n<h3 class=\"wp-block-heading\" id=\"h-406test-beacon-testing-reporting-subscription-service-for-elts\"><strong>Service d&#8217;abonnement aux rapports de test de balises 406Test pour les ELT<\/strong><\/h3>\n\n<p>Avec 406Test, vous pouvez tester votre balise par satellite en utilisant la fonction de test de l&#8217; ELT 406 MHz pour vous conformer aux inspections annuelles et lors des installations initiales.<\/p>\n\n<p>De plus, notre syst\u00e8me vous informe automatiquement quand votre a\u00e9ronef doit subir son inspection annuelle et quand il est temps d&#8217;inspecter votre ELT .<\/p>\n\n<p>Actuellement, l&#8217;aspect le plus co\u00fbteux de la certification ELT 406 MHz est le co\u00fbt initial de tout l&#8217;\u00e9quipement de test n\u00e9cessaire au bon fonctionnement de la balise et de l&#8217;antenne. Cet \u00e9quipement peut facilement co\u00fbter plus de 5\u00a0000 $ pour la mise en place d&#8217;une installation de test ELT 406 MHz, mais plus maintenant. Avec <em>406Test.com<\/em> , l&#8217; ELT install\u00e9 est le seul \u00e9quipement dont vous avez besoin. Effectuez simplement un autotest et recevez des alertes instantan\u00e9es sur votre compte si le test est r\u00e9ussi, puis imprimez le certificat.   <\/p>\n\n<div class=\"wp-block-media-text alignwide is-stacked-on-mobile is-vertically-aligned-top\" style=\"grid-template-columns:38% auto\"><figure class=\"wp-block-media-text__media\"><img loading=\"lazy\" decoding=\"async\" width=\"300\" height=\"300\" src=\"https:\/\/www.acrartex.com\/wp-content\/uploads\/2021\/08\/406Test-Mobile-Highlight-1-300x300-1.gif\" alt=\"\" class=\"wp-image-22660 size-full\"\/><\/figure><div class=\"wp-block-media-text__content\">\n<p class=\"has-large-font-size\"><strong>Rapports de test \u00e0 port\u00e9e de main<\/strong><\/p>\n\n\n\n<p>Avec 406Test, recevez un rapport de test de balise PDF t\u00e9l\u00e9chargeable, en direct sur votre t\u00e9l\u00e9phone, tablette et\/ou ordinateur.<\/p>\n<\/div><\/div>\n\n<div class=\"wp-block-media-text alignwide has-media-on-the-right is-stacked-on-mobile is-vertically-aligned-top\" style=\"grid-template-columns:auto 38%\"><div class=\"wp-block-media-text__content\">\n<p class=\"has-large-font-size\"><strong>Couverture sur tout le continent<\/strong><\/p>\n\n\n\n<p>Gr\u00e2ce \u00e0 l&#8217;utilisation de notre syst\u00e8me de test par satellite ainsi qu&#8217;au suivi des rapports en ligne, 406Test propose des tests par satellite uniquement en Am\u00e9rique du Nord et du Sud.<\/p>\n<\/div><figure class=\"wp-block-media-text__media\"><img loading=\"lazy\" decoding=\"async\" width=\"300\" height=\"300\" src=\"https:\/\/www.acrartex.com\/wp-content\/uploads\/2021\/08\/406Test-Map-Highlight-A2-300x300-1.jpg\" alt=\"\" class=\"wp-image-22662 size-full\" srcset=\"https:\/\/www.acrartex.com\/wp-content\/uploads\/2021\/08\/406Test-Map-Highlight-A2-300x300-1.jpg 300w, https:\/\/www.acrartex.com\/wp-content\/uploads\/2021\/08\/406Test-Map-Highlight-A2-300x300-1-150x150.jpg 150w, https:\/\/www.acrartex.com\/wp-content\/uploads\/2021\/08\/406Test-Map-Highlight-A2-300x300-1-100x100.jpg 100w\" sizes=\"auto, (max-width: 300px) 100vw, 300px\" \/><\/figure><\/div>\n\n<div class=\"wp-block-media-text alignwide is-stacked-on-mobile is-vertically-aligned-top\" style=\"grid-template-columns:38% auto\"><figure class=\"wp-block-media-text__media\"><img loading=\"lazy\" decoding=\"async\" width=\"300\" height=\"300\" src=\"https:\/\/www.acrartex.com\/wp-content\/uploads\/2021\/08\/406Test_-_ELT_Test_Sample_2_-_300x300.jpg\" alt=\"\" class=\"wp-image-22664 size-full\" srcset=\"https:\/\/www.acrartex.com\/wp-content\/uploads\/2021\/08\/406Test_-_ELT_Test_Sample_2_-_300x300.jpg 300w, https:\/\/www.acrartex.com\/wp-content\/uploads\/2021\/08\/406Test_-_ELT_Test_Sample_2_-_300x300-150x150.jpg 150w, https:\/\/www.acrartex.com\/wp-content\/uploads\/2021\/08\/406Test_-_ELT_Test_Sample_2_-_300x300-100x100.jpg 100w\" sizes=\"auto, (max-width: 300px) 100vw, 300px\" \/><\/figure><div class=\"wp-block-media-text__content\">\n<p class=\"has-large-font-size\"><strong>Rapport de test ELT<\/strong><\/p>\n\n\n\n<p>Respecter la conformit\u00e9 lors de l&#8217;installation initiale et des inspections annuelles en fournissant des rapports de test \u00e0 jour qui peuvent \u00eatre export\u00e9s ou imprim\u00e9s.<\/p>\n<\/div><\/div>\n\n<div class=\"wp-block-buttons is-horizontal is-content-justification-center is-layout-flex wp-container-core-buttons-is-layout-499968f5 wp-block-buttons-is-layout-flex\">\n<div class=\"wp-block-button has-custom-width wp-block-button__width-50 is-style-fill\"><a class=\"wp-block-button__link has-text-color has-background wp-element-button\" style=\"color:#3a3a3a;background:linear-gradient(180deg,rgb(202,248,128) 0%,rgb(207,234,0) 100%)\"><strong>T\u00e9l\u00e9charger un exemple de rapport de test<\/strong><\/a><\/div>\n<\/div>\n\n<div class=\"wp-block-media-text alignwide has-media-on-the-right is-stacked-on-mobile\" style=\"grid-template-columns:auto 69%\"><div class=\"wp-block-media-text__content\"><div class=\"wp-block-image\">\n<figure class=\"aligncenter size-large is-resized\"><a href=\"https:\/\/www.acrartex.com\/wp-content\/uploads\/2021\/08\/406Test-Logo-Basic.png\"><img loading=\"lazy\" decoding=\"async\" width=\"306\" height=\"336\" src=\"https:\/\/www.acrartex.com\/wp-content\/uploads\/2021\/08\/406Test-Logo-Basic.png\" alt=\"\" class=\"wp-image-22645\" style=\"width:157px;height:173px\" srcset=\"https:\/\/www.acrartex.com\/wp-content\/uploads\/2021\/08\/406Test-Logo-Basic.png 306w, https:\/\/www.acrartex.com\/wp-content\/uploads\/2021\/08\/406Test-Logo-Basic-273x300.png 273w\" sizes=\"auto, (max-width: 306px) 100vw, 306px\" \/><\/a><\/figure>\n<\/div>\n\n\n<p class=\"has-medium-font-size\"><strong>Test de balise en ligne 406Test<\/strong><\/p>\n\n\n\n<p class=\"has-normal-font-size\">Une solution de test efficace et \u00e9conomique. Compatible avec tous les ELT et PLB ARTEX 406 MHz. <\/p>\n<\/div><figure class=\"wp-block-media-text__media\"><img loading=\"lazy\" decoding=\"async\" width=\"969\" height=\"530\" src=\"https:\/\/www.acrartex.com\/wp-content\/uploads\/2021\/08\/406Test-Feature-Image.gif\" alt=\"\" class=\"wp-image-22667 size-full\"\/><\/figure><\/div>\n","protected":false},"excerpt":{"rendered":"<p>REMARQUE\u00a0: LE SERVICE D\u2019ABONNEMENT 406TEST MENTIONN\u00c9 SUR CETTE PAGE N\u2019EST PLUS DISPONIBLE. NOUS NE PROPOSONS MALHEUREUSEMENT AUCUNE SOLUTION ALTERNATIVE AUX FONCTIONNALIT\u00c9S SIMILAIRES. Service d&#8217;abonnement aux rapports de test de balises 406Test pour les ELT Avec 406Test, vous pouvez tester votre balise par satellite en utilisant la fonction de test de l&#8217; ELT 406 MHz pour [&hellip;]<\/p>\n","protected":false},"author":22,"featured_media":146601,"parent":0,"menu_order":0,"comment_status":"closed","ping_status":"closed","template":"","meta":{"_acf_changed":false,"om_disable_all_campaigns":false,"footnotes":""},"class_list":["post-146595","page","type-page","status-publish","has-post-thumbnail","hentry"],"acf":[],"_links":{"self":[{"href":"https:\/\/www.acrartex.com\/fr\/wp-json\/wp\/v2\/pages\/146595","targetHints":{"allow":["GET"]}}],"collection":[{"href":"https:\/\/www.acrartex.com\/fr\/wp-json\/wp\/v2\/pages"}],"about":[{"href":"https:\/\/www.acrartex.com\/fr\/wp-json\/wp\/v2\/types\/page"}],"author":[{"embeddable":true,"href":"https:\/\/www.acrartex.com\/fr\/wp-json\/wp\/v2\/users\/22"}],"replies":[{"embeddable":true,"href":"https:\/\/www.acrartex.com\/fr\/wp-json\/wp\/v2\/comments?post=146595"}],"version-history":[{"count":2,"href":"https:\/\/www.acrartex.com\/fr\/wp-json\/wp\/v2\/pages\/146595\/revisions"}],"predecessor-version":[{"id":166675,"href":"https:\/\/www.acrartex.com\/fr\/wp-json\/wp\/v2\/pages\/146595\/revisions\/166675"}],"wp:featuredmedia":[{"embeddable":true,"href":"https:\/\/www.acrartex.com\/fr\/wp-json\/wp\/v2\/media\/146601"}],"wp:attachment":[{"href":"https:\/\/www.acrartex.com\/fr\/wp-json\/wp\/v2\/media?parent=146595"}],"curies":[{"name":"wp","href":"https:\/\/api.w.org\/{rel}","templated":true}]}}