{"id":146445,"date":"2021-11-11T11:07:00","date_gmt":"2021-11-11T16:07:00","guid":{"rendered":"https:\/\/www.acrartex.com\/programmation-mob-aislink\/"},"modified":"2025-07-07T05:44:58","modified_gmt":"2025-07-07T10:44:58","slug":"programmation-mob-aislink","status":"publish","type":"page","link":"https:\/\/www.acrartex.com\/fr\/programmation-mob-aislink\/","title":{"rendered":"Programmation MOB AISLink"},"content":{"rendered":"\n<p>Cette page fournit les t\u00e9l\u00e9chargements disponibles.<\/p>\n\n<p><\/p>\n\n<p>Utilisez le lien de t\u00e9l\u00e9chargement ci-dessous pour installer le programme sur votre ordinateur Windows ou utilisez le lien de lancement ci-dessous pour ex\u00e9cuter l&#8217;application en tant que page Web sur vos ordinateurs, tablettes ou t\u00e9l\u00e9phones.<\/p>\n\n<p>REMARQUE\u00a0: Si vous rencontrez des difficult\u00e9s pour programmer votre AISLink MOB , veuillez consulter le guide de d\u00e9pannage, accessible depuis la page d&#8217;accueil du programme, en appuyant sur la touche F1 du logiciel t\u00e9l\u00e9chargeable ou en cliquant sur \u00ab\u00a0Aide\u00a0\u00bb dans le logiciel en ligne. La principale raison pour laquelle l&#8217;AISLink MOB ne parvient pas \u00e0 se programmer est la luminosit\u00e9 de l&#8217;\u00e9cran. Veuillez vous assurer que la luminosit\u00e9 de l&#8217;\u00e9cran est r\u00e9gl\u00e9e au maximum \u00e0 l&#8217;aide du clavier de votre ordinateur portable ou de votre \u00e9cran.  <\/p>\n\n<p>La version t\u00e9l\u00e9chargeable ou Web du logiciel disponible ci-dessous est sp\u00e9cifique aux fonctionnalit\u00e9s DSC autoris\u00e9es dans le pays \u00e0 partir duquel vous acc\u00e9dez \u00e0 cette page Web.<\/p>\n\n<p><\/p>\n\n<h3 class=\"wp-block-heading\" id=\"h-downloadable-pc-software\">LOGICIEL PC T\u00c9L\u00c9CHARGEABLE<a href=\"https:\/\/www.acrartex.com\/zone1-pc-software.zip\"><\/a><\/h3>\n\n<div class=\"wp-block-buttons is-layout-flex wp-block-buttons-is-layout-flex\">\n<div class=\"wp-block-button\"><a class=\"wp-block-button__link has-black-color has-text-color has-background\" href=\"https:\/\/www.dropbox.com\/s\/fo2qcyw0rx2l7ss\/zone1-pc-software.zip?dl=1\" style=\"background-color:#defa00\">T\u00e9l\u00e9charger le logiciel de programmation (Zone 1)<\/a><\/div>\n<\/div>\n\n<h3 class=\"wp-block-heading\">LANCEMENT D&#8217;UN LOGICIEL DE PROGRAMMATION WEB<\/h3>\n\n<div class=\"wp-block-buttons is-layout-flex wp-block-buttons-is-layout-flex\">\n<div class=\"wp-block-button\"><a class=\"wp-block-button__link has-black-color has-text-color has-background\" href=\"https:\/\/old.acrartex.com\/support\/configure-aislink-mob\/program\" style=\"background-color:#defa00\">Lancer un logiciel de programmation Web (Zone 1)<\/a><\/div>\n<\/div>\n\n<p><a href=\"https:\/\/www.acrartex.com\/support\/configure-aislink-mob\/program\"><\/a><\/p>\n","protected":false},"excerpt":{"rendered":"<p>Cette page fournit les t\u00e9l\u00e9chargements disponibles. Utilisez le lien de t\u00e9l\u00e9chargement ci-dessous pour installer le programme sur votre ordinateur Windows ou utilisez le lien de lancement ci-dessous pour ex\u00e9cuter l&#8217;application en tant que page Web sur vos ordinateurs, tablettes ou t\u00e9l\u00e9phones. REMARQUE\u00a0: Si vous rencontrez des difficult\u00e9s pour programmer votre AISLink MOB , veuillez consulter [&hellip;]<\/p>\n","protected":false},"author":22,"featured_media":0,"parent":0,"menu_order":0,"comment_status":"closed","ping_status":"closed","template":"","meta":{"_acf_changed":false,"om_disable_all_campaigns":false,"footnotes":""},"class_list":["post-146445","page","type-page","status-publish","hentry"],"acf":[],"_links":{"self":[{"href":"https:\/\/www.acrartex.com\/fr\/wp-json\/wp\/v2\/pages\/146445","targetHints":{"allow":["GET"]}}],"collection":[{"href":"https:\/\/www.acrartex.com\/fr\/wp-json\/wp\/v2\/pages"}],"about":[{"href":"https:\/\/www.acrartex.com\/fr\/wp-json\/wp\/v2\/types\/page"}],"author":[{"embeddable":true,"href":"https:\/\/www.acrartex.com\/fr\/wp-json\/wp\/v2\/users\/22"}],"replies":[{"embeddable":true,"href":"https:\/\/www.acrartex.com\/fr\/wp-json\/wp\/v2\/comments?post=146445"}],"version-history":[{"count":1,"href":"https:\/\/www.acrartex.com\/fr\/wp-json\/wp\/v2\/pages\/146445\/revisions"}],"predecessor-version":[{"id":146448,"href":"https:\/\/www.acrartex.com\/fr\/wp-json\/wp\/v2\/pages\/146445\/revisions\/146448"}],"wp:attachment":[{"href":"https:\/\/www.acrartex.com\/fr\/wp-json\/wp\/v2\/media?parent=146445"}],"curies":[{"name":"wp","href":"https:\/\/api.w.org\/{rel}","templated":true}]}}