{"id":145337,"date":"2022-02-23T14:22:43","date_gmt":"2022-02-23T19:22:43","guid":{"rendered":"https:\/\/www.acrartex.com\/comment-fonctionne-un-sauvetage-epirb-plb-ou-elt\/"},"modified":"2025-07-07T05:37:56","modified_gmt":"2025-07-07T10:37:56","slug":"comment-fonctionne-un-sauvetage-epirb-plb-ou-elt","status":"publish","type":"page","link":"https:\/\/www.acrartex.com\/fr\/comment-fonctionne-un-sauvetage-epirb-plb-ou-elt\/","title":{"rendered":"Comment fonctionne un sauvetage EPIRB , PLB ou ELT"},"content":{"rendered":"\n<p>Il existe trois types de balises qui fonctionnent directement avec le syst\u00e8me international de recherche et de sauvetage par satellite connu sous le nom de <a href=\"https:\/\/www.cospas-sarsat.int\/en\/\">Cospas-Sarsat<\/a> , chacune \u00e9tant con\u00e7ue de mani\u00e8re unique pour le type d&#8217;application : les \u00e9metteurs de localisation d&#8217;urgence ( <a href=\"https:\/\/www.acrartex.com\/product-category\/aviation\/\">ELT<\/a> ) utilis\u00e9s par la communaut\u00e9 a\u00e9ronautique, les balises radio de localisation d&#8217;urgence ( <a href=\"https:\/\/www.acrartex.com\/products\/globalfix-v4-epirb-emergency-positioning-indicading-radio-beacon\/\">EPIRB<\/a> ) utilis\u00e9es dans l&#8217;environnement maritime et les balises de localisation personnelles ( <a href=\"https:\/\/www.acrartex.com\/products\/resqlink-400\/\">PLB<\/a> ) utilis\u00e9es par les individus dans de multiples activit\u00e9s de plein air.<\/p>\n\n<p>Lorsqu&#8217;elles sont activ\u00e9es, les balises de d\u00e9tresse (ELT), les EPIRB et les PLB envoient un signal de d\u00e9tresse unique sur la fr\u00e9quence 406 MHz aux satellites de recherche et de sauvetage. Chaque balise est programm\u00e9e avec un code num\u00e9rique unique appel\u00e9 identifiant HEX ou identifiant unique, qu&#8217;elle transmet. Cet identifiant identifie le type de balise et permet aux \u00e9quipes de recherche et de sauvetage d&#8217;identifier les informations d&#8217;enregistrement fournies par son propri\u00e9taire. Ces informations peuvent inclure\u00a0: l&#8217;identit\u00e9 du propri\u00e9taire de la balise, le type d&#8217;a\u00e9ronef ou de navire auquel elle est associ\u00e9e (pour les ELT et les EPIRB), les points de contact d&#8217;urgence, les plans de vol, les plans de navigation et les plans de voyage, et bien plus encore.     <\/p>\n\n<p>Apr\u00e8s r\u00e9ception d&#8217;un signal de balise, le satellite le relaie vers des stations au sol appel\u00e9es terminaux utilisateurs locaux (LUT). Ces derniers traitent les donn\u00e9es, calculent la position de la balise de d\u00e9tresse et transmettent un message d&#8217;alerte d\u00e9cod\u00e9 au centre de contr\u00f4le de mission (MCC) national auquel il est rattach\u00e9. Cette op\u00e9ration se produit presque instantan\u00e9ment apr\u00e8s la r\u00e9ception du signal initial.  <\/p>\n\n<p>Le centre de contr\u00f4le de mission compare et fusionne automatiquement les messages d&#8217;alerte avec les autres messages re\u00e7us, trie g\u00e9ographiquement les donn\u00e9es et transmet un message de d\u00e9tresse \u00e0 l&#8217;autorit\u00e9 SAR comp\u00e9tente la plus proche, telle qu&#8217;un centre national de coordination des op\u00e9rations de sauvetage (RCC), un point de contact SAR \u00e9tranger (SPOC) et un autre MCC si la balise est enregistr\u00e9e dans un autre pays, par exemple. Le RCC examine l&#8217;alerte et envoie des moyens de sauvetage pour retrouver les personnes en d\u00e9tresse si celle-ci est jug\u00e9e authentique. Cette op\u00e9ration est beaucoup plus rapide lorsque la balise est correctement enregistr\u00e9e.  <\/p>\n\n<figure class=\"wp-block-video aligncenter\"><video height=\"1080\" style=\"aspect-ratio: 1920 \/ 1080;\" width=\"1920\" autoplay=\"\" loop=\"\" muted=\"\" src=\"https:\/\/www.acrartex.com\/wp-content\/uploads\/2022\/02\/ACR-How-Does-it-Work-15-sec.mp4\" playsinline=\"\"><\/video><\/figure>\n\n<h2 class=\"wp-block-heading\" id=\"h-rescue-overview\">Aper\u00e7u du sauvetage<\/h2>\n\n<ol class=\"wp-block-list\"><li>L&#8217;appel de d\u00e9tresse 406 MHz est activ\u00e9<\/li><li>Les satellites de recherche et de sauvetage (SAR) transmettent un signal de d\u00e9tresse aux stations terrestres appel\u00e9es terminaux utilisateurs locaux (LUT)<\/li><li>Les stations au sol transmettent la d\u00e9tresse aux centres de contr\u00f4le de mission (MCC)<\/li><li>Le MCC alerte les centres de coordination de sauvetage (RCC) les plus proches<\/li><li>Le RCC appelle les contacts d&#8217;urgence et envoie les \u00e9quipes SAR les plus proches<\/li><li>Les \u00e9quipes de recherche et de sauvetage arrivent sur les lieux et secourent les survivants<\/li><\/ol>\n\n<h2 class=\"wp-block-heading\" id=\"h-lives-saved-since-1982\">Vies sauv\u00e9es depuis 1982<\/h2>\n\n<ul class=\"wp-block-list\"><li>Dans le monde entier \u2013 <strong>Plus de 48 000<\/strong> personnes secourues<\/li><li>\u00c9tats-Unis \u2013 <strong>9 753<\/strong> personnes secourues<\/li><\/ul>\n\n<figure class=\"wp-block-embed is-type-video is-provider-youtube wp-block-embed-youtube wp-embed-aspect-16-9 wp-has-aspect-ratio\"><div class=\"wp-block-embed__wrapper\">\n<iframe loading=\"lazy\" title=\"Cospas-Sarsat - How it Works\" width=\"500\" height=\"281\" src=\"https:\/\/www.youtube.com\/embed\/8jHOvWZTNjI?start=3&#038;feature=oembed\" frameborder=\"0\" allow=\"accelerometer; autoplay; clipboard-write; encrypted-media; gyroscope; picture-in-picture; web-share\" referrerpolicy=\"strict-origin-when-cross-origin\" allowfullscreen><\/iframe>\n<\/div><\/figure>\n\n<p><\/p>\n","protected":false},"excerpt":{"rendered":"<p>Il existe trois types de balises qui fonctionnent directement avec le syst\u00e8me international de recherche et de sauvetage par satellite connu sous le nom de Cospas-Sarsat , chacune \u00e9tant con\u00e7ue de mani\u00e8re unique pour le type d&#8217;application : les \u00e9metteurs de localisation d&#8217;urgence ( ELT ) utilis\u00e9s par la communaut\u00e9 a\u00e9ronautique, les balises radio de [&hellip;]<\/p>\n","protected":false},"author":5,"featured_media":0,"parent":0,"menu_order":0,"comment_status":"closed","ping_status":"closed","template":"","meta":{"_acf_changed":false,"om_disable_all_campaigns":false,"footnotes":""},"class_list":["post-145337","page","type-page","status-publish","hentry"],"acf":[],"_links":{"self":[{"href":"https:\/\/www.acrartex.com\/fr\/wp-json\/wp\/v2\/pages\/145337","targetHints":{"allow":["GET"]}}],"collection":[{"href":"https:\/\/www.acrartex.com\/fr\/wp-json\/wp\/v2\/pages"}],"about":[{"href":"https:\/\/www.acrartex.com\/fr\/wp-json\/wp\/v2\/types\/page"}],"author":[{"embeddable":true,"href":"https:\/\/www.acrartex.com\/fr\/wp-json\/wp\/v2\/users\/5"}],"replies":[{"embeddable":true,"href":"https:\/\/www.acrartex.com\/fr\/wp-json\/wp\/v2\/comments?post=145337"}],"version-history":[{"count":1,"href":"https:\/\/www.acrartex.com\/fr\/wp-json\/wp\/v2\/pages\/145337\/revisions"}],"predecessor-version":[{"id":145339,"href":"https:\/\/www.acrartex.com\/fr\/wp-json\/wp\/v2\/pages\/145337\/revisions\/145339"}],"wp:attachment":[{"href":"https:\/\/www.acrartex.com\/fr\/wp-json\/wp\/v2\/media?parent=145337"}],"curies":[{"name":"wp","href":"https:\/\/api.w.org\/{rel}","templated":true}]}}