{"id":144752,"date":"2022-11-04T14:55:18","date_gmt":"2022-11-04T19:55:18","guid":{"rendered":"https:\/\/www.acrartex.com\/noyau-olas\/"},"modified":"2025-07-07T05:31:51","modified_gmt":"2025-07-07T10:31:51","slug":"noyau-olas","status":"publish","type":"page","link":"https:\/\/www.acrartex.com\/fr\/noyau-olas\/","title":{"rendered":"NOYAU OLAS"},"content":{"rendered":"\n<div class=\"wp-block-image\"><figure class=\"aligncenter size-full is-resized\"><a href=\"https:\/\/www.acrartex.com\/wp-content\/uploads\/2022\/11\/OLAS-CORE-Animated-Text.gif\"><img loading=\"lazy\" decoding=\"async\" src=\"https:\/\/www.acrartex.com\/wp-content\/uploads\/2022\/11\/OLAS-CORE-Animated-Text.gif\" alt=\"\" class=\"wp-image-33505\" width=\"470\" height=\"130\"\/><\/a><\/figure><\/div>\n\n<p class=\"has-text-align-center\"><meta charset=\"utf-8\"\/>Si vous ne parvenez pas \u00e0 visualiser le PDF, veuillez <a href=\"https:\/\/www.acrartex.com\/wp-content\/uploads\/2022\/11\/ACRUG19.3-Y1-03-0392-Rev-B-Digital.pdf\">cliquer ici<\/a> .<\/p>\n\n<title>Guide de d\u00e9marrage rapide<\/title>\n  \n  \n    <h1>Guide de d\u00e9marrage rapide OLAS CORE<\/h1>\n    <iframe loading=\"lazy\" src=\"https:\/\/www.acrartex.com\/wp-content\/uploads\/2022\/11\/ACRUG19.3-Y1-03-0392-Rev-B-Digital.pdf\" width=\"100%\" height=\"1000\">\n    <\/iframe>\n","protected":false},"excerpt":{"rendered":"<p>Si vous ne parvenez pas \u00e0 visualiser le PDF, veuillez cliquer ici . Guide de d\u00e9marrage rapide Guide de d\u00e9marrage rapide OLAS CORE<\/p>\n","protected":false},"author":22,"featured_media":0,"parent":0,"menu_order":0,"comment_status":"closed","ping_status":"closed","template":"","meta":{"_acf_changed":false,"om_disable_all_campaigns":false,"footnotes":""},"class_list":["post-144752","page","type-page","status-publish","hentry"],"acf":[],"_links":{"self":[{"href":"https:\/\/www.acrartex.com\/fr\/wp-json\/wp\/v2\/pages\/144752","targetHints":{"allow":["GET"]}}],"collection":[{"href":"https:\/\/www.acrartex.com\/fr\/wp-json\/wp\/v2\/pages"}],"about":[{"href":"https:\/\/www.acrartex.com\/fr\/wp-json\/wp\/v2\/types\/page"}],"author":[{"embeddable":true,"href":"https:\/\/www.acrartex.com\/fr\/wp-json\/wp\/v2\/users\/22"}],"replies":[{"embeddable":true,"href":"https:\/\/www.acrartex.com\/fr\/wp-json\/wp\/v2\/comments?post=144752"}],"version-history":[{"count":1,"href":"https:\/\/www.acrartex.com\/fr\/wp-json\/wp\/v2\/pages\/144752\/revisions"}],"predecessor-version":[{"id":144766,"href":"https:\/\/www.acrartex.com\/fr\/wp-json\/wp\/v2\/pages\/144752\/revisions\/144766"}],"wp:attachment":[{"href":"https:\/\/www.acrartex.com\/fr\/wp-json\/wp\/v2\/media?parent=144752"}],"curies":[{"name":"wp","href":"https:\/\/api.w.org\/{rel}","templated":true}]}}