{"id":144332,"date":"2025-04-30T14:03:40","date_gmt":"2025-04-30T19:03:40","guid":{"rendered":"https:\/\/www.acrartex.com\/tableau-de-bord-acr-programmation-artex\/"},"modified":"2025-07-07T05:28:11","modified_gmt":"2025-07-07T10:28:11","slug":"tableau-de-bord-acr-programmation-artex","status":"publish","type":"page","link":"https:\/\/www.acrartex.com\/fr\/tableau-de-bord-acr-programmation-artex\/","title":{"rendered":"Tableau de bord ACR \u2013 Programmation ARTEX"},"content":{"rendered":"\n<p><strong>Instructions de commande pour les adaptateurs ELT et de programmation<\/strong><\/p>\n\n<p>Lorsque vous commandez ELT ou des adaptateurs de programmation, assurez-vous de remplir et de joindre le formulaire appropri\u00e9 \u00e0 votre commande. Par exemple, si vous commandez la r\u00e9f\u00e9rence <strong>453-5060<\/strong> , vous devrez s\u00e9lectionner le <strong>formulaire de programmation C406-2<\/strong> . Les formulaires de programmation sont accessibles via les liens ci-dessous.  <\/p>\n\n<p>Si la programmation par d\u00e9faut est d\u00e9j\u00e0 enregistr\u00e9e pour votre compte, aucun formulaire suppl\u00e9mentaire n&#8217;est requis.<\/p>\n\n<p>Si vous avez besoin d&#8217;aide pour s\u00e9lectionner ou remplir le formulaire appropri\u00e9, n&#8217;h\u00e9sitez pas \u00e0 nous contacter \u00e0 cs.dashboard@acrartex.com et un agent du service client d\u00e9di\u00e9 vous contactera rapidement.<\/p>\n\n<div style=\"height:12px\" aria-hidden=\"true\" class=\"wp-block-spacer\"><\/div>\n\n<p><strong><span style=\"text-decoration: underline;\">Formulaires de programmation :<\/span><\/strong><\/p>\n\n<p><a href=\"https:\/\/www.dropbox.com\/scl\/fi\/ent1bonmu5lbfvy9iyd1o\/ELT-345_1000-Programming-Form.pdf?rlkey=zncahtzfirgzgdzufeikshxfd&amp;st=d2jo7qjh&amp;dl=1\">Formulaire de programmation ELT 345 et ELT 1000<\/a><\/p>\n\n<p><a href=\"https:\/\/www.dropbox.com\/scl\/fi\/7kk6htykwdiisum80pvob\/ELT-3000-Programming-Form.pdf?rlkey=niqik450asxqiyvju8aqjmjg0&amp;st=hqukv37c&amp;dl=1\">Formulaire de programmation ELT 3000<\/a><\/p>\n\n<p><a href=\"https:\/\/www.dropbox.com\/scl\/fi\/fiks709fo911kf1ru2r1d\/ELT-4000-Programming-Form.pdf?rlkey=h6o41gfmq9pnc2pap8o8qwyhq&amp;st=fro5jgbo&amp;dl=1\">Formulaire de programmation ELT 4000<\/a><\/p>\n\n<p><a href=\"https:\/\/www.dropbox.com\/scl\/fi\/it6fj1dgskpi5t9qb7o44\/ELT-4000S-Programming-Form.pdf?rlkey=n4kpw75bwlqpm4z8pfdi0j4p8&amp;st=v56waiyk&amp;dl=1\">Formulaire de programmation ELT 4000S<\/a><\/p>\n\n<p><a href=\"https:\/\/www.dropbox.com\/scl\/fi\/re9wwfh5a6sl41d57769z\/ACR-Electronics-ELT-DT-ELT-5000-Programming-Form-September-2024-v6-1.docx?rlkey=gxk3hm6hu4txa0aipuq8npmcx&amp;st=kavbv6v9&amp;dl=1\">Formulaire de programmation ELT 5000 (DT)<\/a><\/p>\n\n<p><a href=\"https:\/\/www.dropbox.com\/scl\/fi\/31tegowx8wvu1vch6sbi4\/C-B-G-Programming-Updated-Feb-2023.pdf?rlkey=bjdiis6ipcp7mc9taxh733ywx&amp;st=39q8nphm&amp;dl=1\">Formulaire de programmation des s\u00e9ries C, B et G<\/a><\/p>\n\n<p><a href=\"https:\/\/www.dropbox.com\/scl\/fi\/7spagfm1n5ultgczctfgx\/C406-N-Programming-Adapter-Form.pdf?rlkey=4ng3amibu26x7x3abx7b3cyyt&amp;st=tvvya2jg&amp;dl=1\">Formulaire d&#8217;adaptateur de programmation C406-N<\/a><\/p>\n\n<p><a href=\"https:\/\/www.dropbox.com\/scl\/fi\/tu6w28yx6j95bdxvo7k36\/C406-N-Programming-Form.pdf?rlkey=bofn7e4b2k31jm9chj8tfx406&amp;st=i3to1w3m&amp;dl=1\">Formulaire de programmation C406-N<\/a><\/p>\n\n<p><a href=\"https:\/\/www.dropbox.com\/scl\/fi\/utlfrppyrko9y3kwpbuel\/ME-406-Programming-Form.pdf?rlkey=pc5wgyzo653azjkxu3qsa6z0l&amp;st=f9o9295z&amp;dl=1\">Formulaire de programmation ME 406<\/a><\/p>\n","protected":false},"excerpt":{"rendered":"<p>Instructions de commande pour les adaptateurs ELT et de programmation Lorsque vous commandez ELT ou des adaptateurs de programmation, assurez-vous de remplir et de joindre le formulaire appropri\u00e9 \u00e0 votre commande. Par exemple, si vous commandez la r\u00e9f\u00e9rence 453-5060 , vous devrez s\u00e9lectionner le formulaire de programmation C406-2 . Les formulaires de programmation sont accessibles [&hellip;]<\/p>\n","protected":false},"author":23,"featured_media":0,"parent":0,"menu_order":0,"comment_status":"closed","ping_status":"closed","template":"","meta":{"_acf_changed":false,"om_disable_all_campaigns":false,"footnotes":""},"class_list":["post-144332","page","type-page","status-publish","hentry"],"acf":[],"_links":{"self":[{"href":"https:\/\/www.acrartex.com\/fr\/wp-json\/wp\/v2\/pages\/144332","targetHints":{"allow":["GET"]}}],"collection":[{"href":"https:\/\/www.acrartex.com\/fr\/wp-json\/wp\/v2\/pages"}],"about":[{"href":"https:\/\/www.acrartex.com\/fr\/wp-json\/wp\/v2\/types\/page"}],"author":[{"embeddable":true,"href":"https:\/\/www.acrartex.com\/fr\/wp-json\/wp\/v2\/users\/23"}],"replies":[{"embeddable":true,"href":"https:\/\/www.acrartex.com\/fr\/wp-json\/wp\/v2\/comments?post=144332"}],"version-history":[{"count":1,"href":"https:\/\/www.acrartex.com\/fr\/wp-json\/wp\/v2\/pages\/144332\/revisions"}],"predecessor-version":[{"id":144333,"href":"https:\/\/www.acrartex.com\/fr\/wp-json\/wp\/v2\/pages\/144332\/revisions\/144333"}],"wp:attachment":[{"href":"https:\/\/www.acrartex.com\/fr\/wp-json\/wp\/v2\/media?parent=144332"}],"curies":[{"name":"wp","href":"https:\/\/api.w.org\/{rel}","templated":true}]}}