{"id":144218,"date":"2024-02-19T20:57:18","date_gmt":"2024-02-20T01:57:18","guid":{"rendered":"https:\/\/www.acrartex.com\/merci-davoir-mis-a-jour-vos-preferences\/"},"modified":"2025-07-07T05:11:52","modified_gmt":"2025-07-07T10:11:52","slug":"merci-davoir-mis-a-jour-vos-preferences","status":"publish","type":"page","link":"https:\/\/www.acrartex.com\/fr\/merci-davoir-mis-a-jour-vos-preferences\/","title":{"rendered":"Merci d&#8217;avoir mis \u00e0 jour vos pr\u00e9f\u00e9rences"},"content":{"rendered":"\n<p class=\"has-medium-font-size\">Votre s\u00e9lection a \u00e9t\u00e9 enregistr\u00e9e.<\/p>\n","protected":false},"excerpt":{"rendered":"<p>Votre s\u00e9lection a \u00e9t\u00e9 enregistr\u00e9e.<\/p>\n","protected":false},"author":169101,"featured_media":0,"parent":0,"menu_order":0,"comment_status":"closed","ping_status":"closed","template":"","meta":{"_acf_changed":false,"om_disable_all_campaigns":false,"footnotes":""},"class_list":["post-144218","page","type-page","status-publish","hentry"],"acf":[],"_links":{"self":[{"href":"https:\/\/www.acrartex.com\/fr\/wp-json\/wp\/v2\/pages\/144218","targetHints":{"allow":["GET"]}}],"collection":[{"href":"https:\/\/www.acrartex.com\/fr\/wp-json\/wp\/v2\/pages"}],"about":[{"href":"https:\/\/www.acrartex.com\/fr\/wp-json\/wp\/v2\/types\/page"}],"author":[{"embeddable":true,"href":"https:\/\/www.acrartex.com\/fr\/wp-json\/wp\/v2\/users\/169101"}],"replies":[{"embeddable":true,"href":"https:\/\/www.acrartex.com\/fr\/wp-json\/wp\/v2\/comments?post=144218"}],"version-history":[{"count":1,"href":"https:\/\/www.acrartex.com\/fr\/wp-json\/wp\/v2\/pages\/144218\/revisions"}],"predecessor-version":[{"id":144219,"href":"https:\/\/www.acrartex.com\/fr\/wp-json\/wp\/v2\/pages\/144218\/revisions\/144219"}],"wp:attachment":[{"href":"https:\/\/www.acrartex.com\/fr\/wp-json\/wp\/v2\/media?parent=144218"}],"curies":[{"name":"wp","href":"https:\/\/api.w.org\/{rel}","templated":true}]}}