{"id":144188,"date":"2024-02-19T20:55:26","date_gmt":"2024-02-20T01:55:26","guid":{"rendered":"https:\/\/www.acrartex.com\/merci-de-vous-etre-abonne\/"},"modified":"2025-07-07T05:09:17","modified_gmt":"2025-07-07T10:09:17","slug":"merci-de-vous-etre-abonne","status":"publish","type":"page","link":"https:\/\/www.acrartex.com\/fr\/merci-de-vous-etre-abonne\/","title":{"rendered":"Merci de vous \u00eatre abonn\u00e9"},"content":{"rendered":"\n<p class=\"has-medium-font-size\">Consultez votre bo\u00eete de r\u00e9ception pour votre premier e-mail. Si vous ne le recevez pas dans les prochaines minutes, veuillez v\u00e9rifier dans vos spams pour voir s&#8217;il a \u00e9t\u00e9 \u00e9gar\u00e9. <\/p>\n","protected":false},"excerpt":{"rendered":"<p>Consultez votre bo\u00eete de r\u00e9ception pour votre premier e-mail. Si vous ne le recevez pas dans les prochaines minutes, veuillez v\u00e9rifier dans vos spams pour voir s&#8217;il a \u00e9t\u00e9 \u00e9gar\u00e9.<\/p>\n","protected":false},"author":169101,"featured_media":0,"parent":0,"menu_order":0,"comment_status":"closed","ping_status":"closed","template":"","meta":{"_acf_changed":false,"om_disable_all_campaigns":false,"footnotes":""},"class_list":["post-144188","page","type-page","status-publish","hentry"],"acf":[],"_links":{"self":[{"href":"https:\/\/www.acrartex.com\/fr\/wp-json\/wp\/v2\/pages\/144188","targetHints":{"allow":["GET"]}}],"collection":[{"href":"https:\/\/www.acrartex.com\/fr\/wp-json\/wp\/v2\/pages"}],"about":[{"href":"https:\/\/www.acrartex.com\/fr\/wp-json\/wp\/v2\/types\/page"}],"author":[{"embeddable":true,"href":"https:\/\/www.acrartex.com\/fr\/wp-json\/wp\/v2\/users\/169101"}],"replies":[{"embeddable":true,"href":"https:\/\/www.acrartex.com\/fr\/wp-json\/wp\/v2\/comments?post=144188"}],"version-history":[{"count":1,"href":"https:\/\/www.acrartex.com\/fr\/wp-json\/wp\/v2\/pages\/144188\/revisions"}],"predecessor-version":[{"id":144189,"href":"https:\/\/www.acrartex.com\/fr\/wp-json\/wp\/v2\/pages\/144188\/revisions\/144189"}],"wp:attachment":[{"href":"https:\/\/www.acrartex.com\/fr\/wp-json\/wp\/v2\/media?parent=144188"}],"curies":[{"name":"wp","href":"https:\/\/api.w.org\/{rel}","templated":true}]}}