{"id":144072,"date":"2024-03-23T12:33:11","date_gmt":"2024-03-23T17:33:11","guid":{"rendered":"https:\/\/www.acrartex.com\/remplacement-de-la-batterie-de-votre-epirb-personal-locator-beacon-ou-elt\/"},"modified":"2025-07-07T04:56:33","modified_gmt":"2025-07-07T09:56:33","slug":"remplacement-de-la-batterie-de-votre-epirb-personal-locator-beacon-ou-elt","status":"publish","type":"page","link":"https:\/\/www.acrartex.com\/fr\/remplacement-de-la-batterie-de-votre-epirb-personal-locator-beacon-ou-elt\/","title":{"rendered":"Remplacement de la batterie de votre EPIRB , Personal Locator Beacon ou ELT"},"content":{"rendered":"\n<p>Une Personal Locator Beacon ( EPIRB est un dispositif de s\u00e9curit\u00e9 essentiel pour transmettre des signaux de d\u00e9tresse aux services de recherche et de sauvetage en cas d&#8217;urgence. Il est important de noter que les piles des balises ont une dur\u00e9e de vie limit\u00e9e, d&#8217;environ 5 \u00e0 10 ans, et doivent \u00eatre remplac\u00e9es r\u00e9guli\u00e8rement pour garantir le bon fonctionnement de l&#8217;appareil en cas de besoin. L&#8217;intervalle de remplacement peut varier selon le type et le mod\u00e8le de balise, ainsi que les recommandations du fabricant.  <\/p>\n\n<figure class=\"wp-block-embed is-type-video is-provider-youtube wp-block-embed-youtube wp-embed-aspect-16-9 wp-has-aspect-ratio\"><div class=\"wp-block-embed__wrapper\">\n<iframe loading=\"lazy\" title=\"Battery Replacement | ACR ARTEX\" width=\"500\" height=\"281\" src=\"https:\/\/www.youtube.com\/embed\/fcXReqeFNSo?feature=oembed\" frameborder=\"0\" allow=\"accelerometer; autoplay; clipboard-write; encrypted-media; gyroscope; picture-in-picture; web-share\" referrerpolicy=\"strict-origin-when-cross-origin\" allowfullscreen><\/iframe>\n<\/div><\/figure>\n\n<p>Le remplacement de la batterie d&#8217;une EPIRB ou PLB doit \u00eatre effectu\u00e9 uniquement par un technicien certifi\u00e9 ou un centre de service agr\u00e9\u00e9 afin de garantir un entretien et des tests corrects de l&#8217;appareil. Le remplacement de la batterie n&#8217;est pas comparable \u00e0 celui de la t\u00e9l\u00e9commande de votre t\u00e9l\u00e9viseur\u00a0: ce produit a un seul objectif\u00a0: vous sauver la vie. C&#8217;est pourquoi nous disposons d&#8217;un r\u00e9seau mondial de centres de remplacement de batteries enti\u00e8rement form\u00e9s, ayant suivi la formation ACR et b\u00e9n\u00e9ficiant d&#8217;une assurance compl\u00e8te, pour vous accompagner dans ce type de remplacement. <\/p>\n\n<p>Ils v\u00e9rifieront le bo\u00eetier et l&#8217;antenne de votre balise pour d\u00e9tecter toute fissure ou usure. Ils remplaceront non seulement la batterie par une batterie neuve fabriqu\u00e9e par ACR , mais remonteront \u00e9galement la balise avec tous les joints toriques, joints et visserie neufs. Ils la soumettront ensuite \u00e0 une s\u00e9rie de tests pour garantir son bon fonctionnement, son \u00e9tanch\u00e9it\u00e9 et son bon fonctionnement avant de vous la retourner. <\/p>\n\n<p>Alors, que devez-vous faire ?<\/p>\n\n<p>Rendez-vous sur notre site web et <a href=\"https:\/\/www.acrartex.com\/support\/dealer-locator\/\">cliquez sur le lien pour trouver notre revendeur<\/a> . Utilisez le filtre \u00ab\u00a0Remplacement de batterie\u00a0\u00bb et saisissez votre code postal pour trouver le centre de remplacement de batterie agr\u00e9\u00e9 le plus proche.   <\/p>\n\n<div class=\"wp-block-buttons is-horizontal is-content-justification-center is-layout-flex wp-container-core-buttons-is-layout-499968f5 wp-block-buttons-is-layout-flex\">\n<div class=\"wp-block-button is-style-outline is-style-outline--1\"><a class=\"wp-block-button__link wp-element-button\" href=\"https:\/\/www.acrartex.com\/support\/dealer-locator\/\">Trouvez votre centre de remplacement de batterie local<\/a><\/div>\n<\/div>\n\n<p>Si vous en avez un localement, vous devriez pouvoir d\u00e9poser votre EPIRB et faire effectuer les travaux d&#8217;entretien en quelques jours.<\/p>\n\n<p>Malheureusement, pour certains d&#8217;entre vous, vous devrez peut-\u00eatre leur envoyer votre balise pour la r\u00e9paration. Commencez par les appeler et demander un devis. Notre r\u00e9seau de remplacement de batterie vous aidera \u00e0 exp\u00e9dier votre balise.   <\/p>\n\n<p>En raison de la forte demande de nouveaux produits, le si\u00e8ge social ACR Electronics \u00e0 Fort Lauderdale ne propose actuellement pas de service de remplacement de batterie. Tous les remplacements de batterie doivent \u00eatre planifi\u00e9s et effectu\u00e9s par l&#8217;un de nos partenaires hautement qualifi\u00e9s.   <\/p>\n\n<div class=\"wp-block-buttons is-horizontal is-content-justification-center is-layout-flex wp-container-core-buttons-is-layout-499968f5 wp-block-buttons-is-layout-flex\">\n<div class=\"wp-block-button is-style-outline is-style-outline--2\"><a class=\"wp-block-button__link wp-element-button\" href=\"https:\/\/www.acrartex.com\/support\/dealer-locator\/\">Trouvez votre centre de remplacement de batterie local<\/a><\/div>\n<\/div>\n","protected":false},"excerpt":{"rendered":"<p>Une Personal Locator Beacon ( EPIRB est un dispositif de s\u00e9curit\u00e9 essentiel pour transmettre des signaux de d\u00e9tresse aux services de recherche et de sauvetage en cas d&#8217;urgence. Il est important de noter que les piles des balises ont une dur\u00e9e de vie limit\u00e9e, d&#8217;environ 5 \u00e0 10 ans, et doivent \u00eatre remplac\u00e9es r\u00e9guli\u00e8rement pour [&hellip;]<\/p>\n","protected":false},"author":5,"featured_media":144073,"parent":0,"menu_order":0,"comment_status":"closed","ping_status":"closed","template":"","meta":{"_acf_changed":false,"om_disable_all_campaigns":false,"footnotes":""},"class_list":["post-144072","page","type-page","status-publish","has-post-thumbnail","hentry"],"acf":[],"_links":{"self":[{"href":"https:\/\/www.acrartex.com\/fr\/wp-json\/wp\/v2\/pages\/144072","targetHints":{"allow":["GET"]}}],"collection":[{"href":"https:\/\/www.acrartex.com\/fr\/wp-json\/wp\/v2\/pages"}],"about":[{"href":"https:\/\/www.acrartex.com\/fr\/wp-json\/wp\/v2\/types\/page"}],"author":[{"embeddable":true,"href":"https:\/\/www.acrartex.com\/fr\/wp-json\/wp\/v2\/users\/5"}],"replies":[{"embeddable":true,"href":"https:\/\/www.acrartex.com\/fr\/wp-json\/wp\/v2\/comments?post=144072"}],"version-history":[{"count":1,"href":"https:\/\/www.acrartex.com\/fr\/wp-json\/wp\/v2\/pages\/144072\/revisions"}],"predecessor-version":[{"id":144074,"href":"https:\/\/www.acrartex.com\/fr\/wp-json\/wp\/v2\/pages\/144072\/revisions\/144074"}],"wp:featuredmedia":[{"embeddable":true,"href":"https:\/\/www.acrartex.com\/fr\/wp-json\/wp\/v2\/media\/144073"}],"wp:attachment":[{"href":"https:\/\/www.acrartex.com\/fr\/wp-json\/wp\/v2\/media?parent=144072"}],"curies":[{"name":"wp","href":"https:\/\/api.w.org\/{rel}","templated":true}]}}