{"id":143952,"date":"2020-12-21T19:18:06","date_gmt":"2020-12-22T00:18:06","guid":{"rendered":"https:\/\/www.acrartex.com\/capacite\/"},"modified":"2025-07-07T04:45:20","modified_gmt":"2025-07-07T09:45:20","slug":"capacite","status":"publish","type":"page","link":"https:\/\/www.acrartex.com\/fr\/capacite\/","title":{"rendered":"Capacit\u00e9"},"content":{"rendered":"\n<p>ACR \/Artex a plus de 60 ans d&#8217;exp\u00e9rience dans le d\u00e9veloppement, la fabrication et le support de produits de sauvetage, notamment les EPIRB, les \u00e9metteurs de localisation d&#8217;urgence (ELT), les balises de localisation personnelles, les transpondeurs de recherche et de sauvetage (SART), les lumi\u00e8res stroboscopiques de sauvetage et plus encore.<\/p>\n\n<p>Gr\u00e2ce \u00e0 notre philosophie de gestion ax\u00e9e sur le client, nos employ\u00e9s suivent les proc\u00e9dures enregistr\u00e9es AS9100 \/ ISO 9001 pour fournir des solutions aux besoins de nos clients.<\/p>\n\n<p>Un engagement fort en faveur de la mise en \u0153uvre des principes Lean pour la fabrication, la communication et d&#8217;autres syst\u00e8mes d&#8217;entreprise a d\u00e9but\u00e9 d\u00e8s l&#8217;\u00e9t\u00e9 2004 afin de jeter les bases d&#8217;une am\u00e9lioration des performances avec pour objectif une livraison \u00e0 temps de produits impeccables \u00e0 100 %. Notre transformation Lean fait partie int\u00e9grante du Programme d&#8217;am\u00e9lioration continue, une revue constante de nos processus visant \u00e0 am\u00e9liorer nos indicateurs cl\u00e9s de tableau de bord prospectif, \u00e0 \u00e9liminer les gaspillages et \u00e0 am\u00e9liorer la satisfaction client. <\/p>\n\n<p>L\u2019\u00e9largissement de nos capacit\u00e9s de base gr\u00e2ce \u00e0 des programmes de formation continue nous permet de passer du statut de fabricant d\u2019\u00e9quipements de sauvetage \u00e0 celui de partenaire pr\u00e9cieux dot\u00e9 de la flexibilit\u00e9 n\u00e9cessaire pour \u00e9tendre sa marque \u00e0 de nouveaux domaines d\u2019activit\u00e9.<\/p>\n\n<p>Les capacit\u00e9s actuelles comprennent\u00a0:<\/p>\n\n<p>Mod\u00e9lisation 3D pour concevoir et sp\u00e9cifier nos bo\u00eetiers en plastique (moules d&#8217;injection) et en m\u00e9tal<br\/> Analyse par \u00e9l\u00e9ments finis pour analyser nos conceptions par rapport aux crit\u00e8res environnementaux sp\u00e9cifi\u00e9s par la FAA et le RTCO<br\/> Conception interne de circuits imprim\u00e9s et de PCA \u00e0 l&#8217;aide des derniers logiciels de CAO<br\/> R\u00e9solution des probl\u00e8mes EMI dans la conception RF<br\/> Conception de packs de batteries sur mesure pour applications environnementales difficiles (militaires, m\u00e9dicales,..)<br\/> Conceptions de commutateurs \u00e0 distance personnalis\u00e9s avec ou sans compatibilit\u00e9 avec les lunettes de vision nocturne pour les fabricants de plates-formes commerciales, commerciales et militaires<br\/> Rev\u00eatement conforme des circuits imprim\u00e9s pour \u00e9viter les interf\u00e9rences \u00e9lectromagn\u00e9tiques, prolonger la dur\u00e9e de vie du produit et prot\u00e9ger la carte de l&#8217;eau et\/ou de la salet\u00e9, si le bo\u00eetier est compromis.<\/p>\n","protected":false},"excerpt":{"rendered":"<p>ACR \/Artex a plus de 60 ans d&#8217;exp\u00e9rience dans le d\u00e9veloppement, la fabrication et le support de produits de sauvetage, notamment les EPIRB, les \u00e9metteurs de localisation d&#8217;urgence (ELT), les balises de localisation personnelles, les transpondeurs de recherche et de sauvetage (SART), les lumi\u00e8res stroboscopiques de sauvetage et plus encore. Gr\u00e2ce \u00e0 notre philosophie de [&hellip;]<\/p>\n","protected":false},"author":2,"featured_media":0,"parent":0,"menu_order":0,"comment_status":"closed","ping_status":"closed","template":"","meta":{"_acf_changed":false,"om_disable_all_campaigns":false,"footnotes":""},"class_list":["post-143952","page","type-page","status-publish","hentry"],"acf":[],"_links":{"self":[{"href":"https:\/\/www.acrartex.com\/fr\/wp-json\/wp\/v2\/pages\/143952","targetHints":{"allow":["GET"]}}],"collection":[{"href":"https:\/\/www.acrartex.com\/fr\/wp-json\/wp\/v2\/pages"}],"about":[{"href":"https:\/\/www.acrartex.com\/fr\/wp-json\/wp\/v2\/types\/page"}],"author":[{"embeddable":true,"href":"https:\/\/www.acrartex.com\/fr\/wp-json\/wp\/v2\/users\/2"}],"replies":[{"embeddable":true,"href":"https:\/\/www.acrartex.com\/fr\/wp-json\/wp\/v2\/comments?post=143952"}],"version-history":[{"count":1,"href":"https:\/\/www.acrartex.com\/fr\/wp-json\/wp\/v2\/pages\/143952\/revisions"}],"predecessor-version":[{"id":143953,"href":"https:\/\/www.acrartex.com\/fr\/wp-json\/wp\/v2\/pages\/143952\/revisions\/143953"}],"wp:attachment":[{"href":"https:\/\/www.acrartex.com\/fr\/wp-json\/wp\/v2\/media?parent=143952"}],"curies":[{"name":"wp","href":"https:\/\/api.w.org\/{rel}","templated":true}]}}