{"id":143937,"date":"2020-12-21T19:25:44","date_gmt":"2020-12-22T00:25:44","guid":{"rendered":"https:\/\/www.acrartex.com\/reparations\/"},"modified":"2025-07-07T04:51:43","modified_gmt":"2025-07-07T09:51:43","slug":"reparations","status":"publish","type":"page","link":"https:\/\/www.acrartex.com\/fr\/soutien\/reparations\/","title":{"rendered":"R\u00e9parations"},"content":{"rendered":"\n<h3 class=\"wp-block-heading\" id=\"h-repairs-and-battery-replacement\">R\u00c9PARATIONS ET REMPLACEMENT DE BATTERIE<\/h3>\n\n<p>Si vous poss\u00e9dez des produits n\u00e9cessitant une r\u00e9paration, nous sommes l\u00e0 pour vous aider. Vous pouvez remplacer vos batteries dans l&#8217;un de nos centres de remplacement de batteries (CRB) pr\u00e8s de chez vous ou nous contacter au num\u00e9ro ci-dessous.   <\/p>\n\n<figure class=\"wp-block-embed is-type-video is-provider-youtube wp-block-embed-youtube wp-embed-aspect-16-9 wp-has-aspect-ratio\"><div class=\"wp-block-embed__wrapper\">\n<iframe loading=\"lazy\" title=\"Battery Replacement | ACR ARTEX\" width=\"500\" height=\"281\" src=\"https:\/\/www.youtube.com\/embed\/fcXReqeFNSo?feature=oembed\" frameborder=\"0\" allow=\"accelerometer; autoplay; clipboard-write; encrypted-media; gyroscope; picture-in-picture; web-share\" referrerpolicy=\"strict-origin-when-cross-origin\" allowfullscreen><\/iframe>\n<\/div><\/figure>\n\n<p>En savoir plus sur <a href=\"https:\/\/www.acrartex.com\/battery\/\">le remplacement des batteries ACR EPRIB et PLB ici<\/a><\/p>\n\n<p>(954) 981-3333<\/p>\n\n<p>Pour l&#8217;entretien du G-Switch, veuillez vous r\u00e9f\u00e9rer \u00e0 notre <a href=\"https:\/\/www.dropbox.com\/s\/ap48w250ar7c3xz\/AUTHORIZED%20SERVICE%20CENTER%20LIST%202022.pdf?dl=1\">liste de centres de service ARTEX agr\u00e9\u00e9s<\/a> .<\/p>\n\n<h2 class=\"wp-block-heading\" id=\"h-rmas-return-material-authorization\">RMA (autorisation de retour de mat\u00e9riel) :<\/h2>\n\n<p>Veuillez visiter la page suivante :<span class=\"has-inline-color has-pale-cyan-blue-color\"> <\/span><a href=\"https:\/\/www.acrartex.com\/support\/return-and-exchanges\/\">Retours \/ RMA \/ \u00c9changes<\/a><\/p>\n\n<p>Consultez plus d&#8217;informations sur le remplacement de la batterie dans notre <a href=\"https:\/\/stg.acrelectronics.com\/support\/faqs\/\">FAQ<\/a> .<\/p>\n\n<h2 class=\"wp-block-heading\" id=\"h-hours\">Heures<\/h2>\n\n<p>Lundi \u2013 Vendredi<br\/> 7h30 \u2013 16h30 (HNE)<\/p>\n","protected":false},"excerpt":{"rendered":"<p>R\u00c9PARATIONS ET REMPLACEMENT DE BATTERIE Si vous poss\u00e9dez des produits n\u00e9cessitant une r\u00e9paration, nous sommes l\u00e0 pour vous aider. Vous pouvez remplacer vos batteries dans l&#8217;un de nos centres de remplacement de batteries (CRB) pr\u00e8s de chez vous ou nous contacter au num\u00e9ro ci-dessous. En savoir plus sur le remplacement des batteries ACR EPRIB et [&hellip;]<\/p>\n","protected":false},"author":5,"featured_media":0,"parent":144003,"menu_order":0,"comment_status":"closed","ping_status":"closed","template":"","meta":{"_acf_changed":false,"om_disable_all_campaigns":false,"footnotes":""},"class_list":["post-143937","page","type-page","status-publish","hentry"],"acf":[],"_links":{"self":[{"href":"https:\/\/www.acrartex.com\/fr\/wp-json\/wp\/v2\/pages\/143937","targetHints":{"allow":["GET"]}}],"collection":[{"href":"https:\/\/www.acrartex.com\/fr\/wp-json\/wp\/v2\/pages"}],"about":[{"href":"https:\/\/www.acrartex.com\/fr\/wp-json\/wp\/v2\/types\/page"}],"author":[{"embeddable":true,"href":"https:\/\/www.acrartex.com\/fr\/wp-json\/wp\/v2\/users\/5"}],"replies":[{"embeddable":true,"href":"https:\/\/www.acrartex.com\/fr\/wp-json\/wp\/v2\/comments?post=143937"}],"version-history":[{"count":1,"href":"https:\/\/www.acrartex.com\/fr\/wp-json\/wp\/v2\/pages\/143937\/revisions"}],"predecessor-version":[{"id":143939,"href":"https:\/\/www.acrartex.com\/fr\/wp-json\/wp\/v2\/pages\/143937\/revisions\/143939"}],"up":[{"embeddable":true,"href":"https:\/\/www.acrartex.com\/fr\/wp-json\/wp\/v2\/pages\/144003"}],"wp:attachment":[{"href":"https:\/\/www.acrartex.com\/fr\/wp-json\/wp\/v2\/media?parent=143937"}],"curies":[{"name":"wp","href":"https:\/\/api.w.org\/{rel}","templated":true}]}}