{"id":167866,"date":"2026-04-30T12:38:23","date_gmt":"2026-04-30T17:38:23","guid":{"rendered":"https:\/\/www.acrartex.com\/products\/foco-de-busqueda-rcl-200\/"},"modified":"2026-04-30T13:08:47","modified_gmt":"2026-04-30T18:08:47","slug":"foco-de-busqueda-rcl-200","status":"publish","type":"product","link":"https:\/\/www.acrartex.com\/es\/products\/foco-de-busqueda-rcl-200\/","title":{"rendered":"Foco de b\u00fasqueda RCL-200"},"content":{"rendered":"<p class=\"ai-optimize-57 ai-optimize-introduction\"><strong>Potencia con estilo. Rendimiento inigualable. <\/strong><\/p>\n<p class=\"ai-optimize-58\"><span data-olk-copy-source=\"MessageBody\">El foco marino LED RCL-200 combina un dise\u00f1o elegante con una durabilidad excepcional para satisfacer las exigencias de los navegantes actuales. Fabricado con una robusta carcasa de aluminio fundido a presi\u00f3n, este foco est\u00e1 dise\u00f1ado para resistir las duras condiciones del entorno marino, manteniendo a la vez un estilo moderno y sofisticado que complementa cualquier embarcaci\u00f3n. <\/span><\/p>\n<p class=\"ai-optimize-59\"><span data-olk-copy-source=\"MessageBody\">Equipada con 12 LED de alta intensidad, la luz LED RCL-200 produce un haz brillante de 720&nbsp;000 candelas, lo que garantiza m\u00e1xima visibilidad y seguridad durante la navegaci\u00f3n nocturna o las operaciones de b\u00fasqueda y rescate. Gracias a su compatibilidad con m\u00faltiples voltajes (12 V-24 V CC), ofrece flexibilidad de instalaci\u00f3n en una amplia gama de embarcaciones. <\/span><\/p>\n<p class=\"ai-optimize-60\"><span data-olk-copy-source=\"MessageBody\">Dise\u00f1ado pensando en la comodidad y la versatilidad, el RCL-200 LED cuenta con funciones de control avanzadas, incluyendo la capacidad de regresar a la posici\u00f3n inicial a voluntad y operar dos reflectores desde una estaci\u00f3n, o dos reflectores desde dos estaciones. Ya sea para actualizar un sistema existente o equipar una embarcaci\u00f3n nueva, este reflector ofrece la confiabilidad, el rendimiento y el estilo que espera en el agua. <\/span><\/p>\n<p>&nbsp;<\/p>\n<p class=\"ai-optimize-61\"><strong>Caracter\u00edsticas:<\/strong><\/p>\n<ul>\n<li class=\"ai-optimize-62\"><strong>Iluminaci\u00f3n brillante<\/strong> : <span data-olk-copy-source=\"MessageBody\">12 LED de alta intensidad producen un potente haz de 720.000 candelas para una visibilidad m\u00e1xima.<\/span><\/li>\n<li class=\"ai-optimize-63\"><strong>Dise\u00f1o robusto y elegante<\/strong> : <span data-olk-copy-source=\"MessageBody\">carcasa duradera de aluminio fundido a presi\u00f3n, construida para soportar entornos marinos adversos, con un aspecto moderno y sofisticado.<\/span><\/li>\n<li class=\"ai-optimize-64\"><strong>Opciones de control inteligente<\/strong> : <span data-olk-copy-source=\"MessageBody\">Regreso a la posici\u00f3n inicial con solo pulsar un bot\u00f3n.<\/span><\/li>\n<li class=\"ai-optimize-65\"><strong>Funcionamiento flexible<\/strong> : <span data-olk-copy-source=\"MessageBody\">controle dos reflectores desde una estaci\u00f3n o dos reflectores desde dos estaciones.<\/span><\/li>\n<li class=\"ai-optimize-66\"><strong>Amplia compatibilidad de voltaje<\/strong> : <span data-olk-copy-source=\"MessageBody\">admite sistemas de CC de 12 V a 24 V para una instalaci\u00f3n vers\u00e1til en una variedad de embarcaciones.<\/span><\/li>\n<\/ul>\n<p>&nbsp;<\/p>\n","protected":false},"excerpt":{"rendered":"<p><span style=\"color: #ff0000;\"><strong>DISPONIBLE EN OTO\u00d1O DE 2026<\/strong><\/span><\/p>\n<p><span data-olk-copy-source=\"MessageBody\">El foco marino LED RCL-200 es elegante y resistente, dise\u00f1ado para ofrecer un rendimiento \u00f3ptimo. Con una carcasa de aluminio fundido a presi\u00f3n, 12 LED de alta intensidad y un impresionante haz de luz de 720&nbsp;000 candelas, proporciona una visibilidad potente cuando m\u00e1s se necesita. Gracias a su compatibilidad con m\u00faltiples voltajes (12 V CC a 24 V) y sus avanzadas opciones de control, es la mejora perfecta para embarcaciones de recreo de tama\u00f1o mediano a grande, as\u00ed como para embarcaciones comerciales.  <\/span><\/p>\n","protected":false},"featured_media":167769,"template":"","meta":{"_acf_changed":false,"om_disable_all_campaigns":false},"product_brand":[],"product_cat":[5984,5986,5983,5775,5985,7182],"product_tag":[16247,16249,16251,16253,7185,7202,7191,7371,7374,11715,7194],"class_list":{"0":"post-167866","1":"product","2":"type-product","3":"status-publish","4":"has-post-thumbnail","6":"product_cat-cerca-de-la-costa","7":"product_cat-comercial","8":"product_cat-interior","9":"product_cat-marina-es","10":"product_cat-off-shore-es","11":"product_cat-reflectores","12":"product_tag-16247","13":"product_tag-16249","14":"product_tag-acr-rcl-200","15":"product_tag-led-acr-rcl-200","16":"product_tag-reflector","17":"product_tag-reflector-acr","18":"product_tag-reflector-de-barco","19":"product_tag-reflector-led","20":"product_tag-reflector-led-marino","21":"product_tag-reflector-led-para-barcos","22":"product_tag-reflector-marino","24":"first","25":"outofstock","26":"taxable","27":"shipping-taxable","28":"product-type-variable"},"acf":[],"_links":{"self":[{"href":"https:\/\/www.acrartex.com\/es\/wp-json\/wp\/v2\/product\/167866","targetHints":{"allow":["GET"]}}],"collection":[{"href":"https:\/\/www.acrartex.com\/es\/wp-json\/wp\/v2\/product"}],"about":[{"href":"https:\/\/www.acrartex.com\/es\/wp-json\/wp\/v2\/types\/product"}],"wp:featuredmedia":[{"embeddable":true,"href":"https:\/\/www.acrartex.com\/es\/wp-json\/wp\/v2\/media\/167769"}],"wp:attachment":[{"href":"https:\/\/www.acrartex.com\/es\/wp-json\/wp\/v2\/media?parent=167866"}],"wp:term":[{"taxonomy":"product_brand","embeddable":true,"href":"https:\/\/www.acrartex.com\/es\/wp-json\/wp\/v2\/product_brand?post=167866"},{"taxonomy":"product_cat","embeddable":true,"href":"https:\/\/www.acrartex.com\/es\/wp-json\/wp\/v2\/product_cat?post=167866"},{"taxonomy":"product_tag","embeddable":true,"href":"https:\/\/www.acrartex.com\/es\/wp-json\/wp\/v2\/product_tag?post=167866"}],"curies":[{"name":"wp","href":"https:\/\/api.w.org\/{rel}","templated":true}]}}