{"id":166622,"date":"2025-11-12T18:18:59","date_gmt":"2025-11-12T23:18:59","guid":{"rendered":"https:\/\/www.acrartex.com\/products\/radio-vhf-sr303\/"},"modified":"2026-03-24T10:37:43","modified_gmt":"2026-03-24T15:37:43","slug":"radio-vhf-sr303","status":"publish","type":"product","link":"https:\/\/www.acrartex.com\/es\/products\/radio-vhf-sr303\/","title":{"rendered":"Radio VHF SR303"},"content":{"rendered":"<p>Ofrecida en dos formatos convenientes, \u00fanicamente como un VHF de emergencia GMDSS para aplicaciones de uso \u00fanicamente de emergencia o como un kit completo para uso diario de prop\u00f3sito general y\/o aplicaciones de uso de emergencia, la radio SR303 de ACR Electronics sirve como una soluci\u00f3n integral para todas sus necesidades de comunicaci\u00f3n mar\u00edtima.<\/p>\n<p>El VHF de emergencia GMDSS incluye una bater\u00eda principal de litio, que incluye una etiqueta de advertencia para que nunca haya dudas sobre si se ha usado. Una vez retirada la etiqueta, la radio se encender\u00e1 autom\u00e1ticamente al conectar la bater\u00eda y entrar\u00e1 autom\u00e1ticamente en modo de funcionamiento GMDSS con los siguientes ajustes preestablecidos: canal 16, volumen 8 y silenciador a 2. <\/p>\n<p>El kit completo incluye la bater\u00eda principal de litio, como se describe, y tambi\u00e9n incluye una bater\u00eda recargable de iones de litio y una base de carga. Los accesorios est\u00e1ndar, tanto con la opci\u00f3n VHF de emergencia GMDSS independiente como con el kit completo, incluyen una antena de goma flexible, un clip para cintur\u00f3n y un cord\u00f3n para la mu\u00f1eca. <\/p>\n<p>Dise\u00f1ado con la facilidad de uso como prioridad de dise\u00f1o, el SR303 es apto para operar con guantes de traje de supervivencia y cuenta con una pantalla digital de f\u00e1cil lectura. Tanto la pantalla como el teclado son retroiluminados, lo que facilita su uso en entornos con poca luz. El SR303 tambi\u00e9n incluye NFC (Near Field Communication), que permite acceder a la fecha de reemplazo de la bater\u00eda y a la informaci\u00f3n del producto desde un dispositivo m\u00f3vil.  <\/p>\n<p>El dise\u00f1o duradero del SR303 lo hace apto para todo tipo de aplicaciones marinas y una opci\u00f3n ideal para su transporte obligatorio y voluntario. Con una amplia experiencia en tecnolog\u00eda de seguridad mar\u00edtima y un compromiso continuo con la calidad y la innovaci\u00f3n, la radio VHF GMDSS marina SR303 de ACR Electronics ofrece el rendimiento inigualable que los navegantes de todo el mundo esperan de todos los productos de ACR Electronics. <\/p>\n","protected":false},"excerpt":{"rendered":"<p>La radio VHF marina GMDSS SR303 de ACR Electronics est\u00e1 dise\u00f1ada pensando en la flexibilidad, ofreciendo a los usuarios opciones pr\u00e1cticas para facilitar la comunicaci\u00f3n en el mar en cualquier circunstancia. Dise\u00f1ada como un producto GMDSS (Sistema Mundial de Socorro y Seguridad Mar\u00edtima), esta radio VHF impermeable est\u00e1 totalmente certificada para cumplir con las regulaciones OMI y SOLAS y proporciona un soporte de comunicaci\u00f3n esencial sin problemas tanto en situaciones cr\u00edticas como durante las operaciones mar\u00edtimas diarias. <\/p>\n","protected":false},"featured_media":166642,"template":"","meta":{"_acf_changed":false,"om_disable_all_campaigns":false},"product_brand":[],"product_cat":[5986,5775,5985],"product_tag":[9668,9675,9674,9663,9664,9670,9666,9673,9672,9676,9665,9671,9669],"class_list":{"0":"post-166622","1":"product","2":"type-product","3":"status-publish","4":"has-post-thumbnail","6":"product_cat-comercial","7":"product_cat-marina-es","8":"product_cat-off-shore-es","9":"product_tag-antena-de-radio-vhf-marina","10":"product_tag-radio-aprobada-por-el-gmdss","11":"product_tag-radio-de-supervivencia-gmdss","12":"product_tag-radio-marina-vhf-es","13":"product_tag-radio-marina-vhf-es-2","14":"product_tag-radio-portatil-vhf","15":"product_tag-radio-vhf-es","16":"product_tag-radio-vhf-gmdss-es","17":"product_tag-radio-vhf-marina-portatil","18":"product_tag-radio-vhf-smssm","19":"product_tag-radios-marinas-vhf","20":"product_tag-radios-marinas-vhf-en-venta","21":"product_tag-resenas-de-radios-marinas-vhf","23":"first","24":"outofstock","25":"taxable","26":"shipping-taxable","27":"product-type-simple"},"acf":[],"_links":{"self":[{"href":"https:\/\/www.acrartex.com\/es\/wp-json\/wp\/v2\/product\/166622","targetHints":{"allow":["GET"]}}],"collection":[{"href":"https:\/\/www.acrartex.com\/es\/wp-json\/wp\/v2\/product"}],"about":[{"href":"https:\/\/www.acrartex.com\/es\/wp-json\/wp\/v2\/types\/product"}],"wp:featuredmedia":[{"embeddable":true,"href":"https:\/\/www.acrartex.com\/es\/wp-json\/wp\/v2\/media\/166642"}],"wp:attachment":[{"href":"https:\/\/www.acrartex.com\/es\/wp-json\/wp\/v2\/media?parent=166622"}],"wp:term":[{"taxonomy":"product_brand","embeddable":true,"href":"https:\/\/www.acrartex.com\/es\/wp-json\/wp\/v2\/product_brand?post=166622"},{"taxonomy":"product_cat","embeddable":true,"href":"https:\/\/www.acrartex.com\/es\/wp-json\/wp\/v2\/product_cat?post=166622"},{"taxonomy":"product_tag","embeddable":true,"href":"https:\/\/www.acrartex.com\/es\/wp-json\/wp\/v2\/product_tag?post=166622"}],"curies":[{"name":"wp","href":"https:\/\/api.w.org\/{rel}","templated":true}]}}