{"id":166513,"date":"2025-11-06T04:45:51","date_gmt":"2025-11-06T09:45:51","guid":{"rendered":"https:\/\/www.acrartex.com\/products\/plan-bivy-go-bivy-stick-mesh-datos-ilimitados\/"},"modified":"2025-11-06T04:45:51","modified_gmt":"2025-11-06T09:45:51","slug":"plan-bivy-go-bivy-stick-mesh-datos-ilimitados","status":"publish","type":"product","link":"https:\/\/www.acrartex.com\/es\/products\/plan-bivy-go-bivy-stick-mesh-datos-ilimitados\/","title":{"rendered":"Plan Bivy Go: Bivy Stick MESH + Datos ilimitados"},"content":{"rendered":"<p>El Bivy Stick MESH no es solo un dispositivo: es un avance revolucionario en la comunicaci\u00f3n empresarial para operaciones remotas. Dise\u00f1ado para mantener a los equipos conectados incluso en los entornos m\u00e1s desafiantes, ofrece conectividad dual fluida, alternando inteligentemente entre la red satelital Global Iridium\u00ae y la red en malla con tecnolog\u00eda LoRa\u00ae para una confiabilidad y cobertura inigualables. <\/p>\n<p>&nbsp;<\/p>\n<p>Potenciando su comunicaci\u00f3n remota:<\/p>\n<ul>\n<li><strong>Cobertura satelital global de Iridium:<\/strong> opere con confianza en cualquier lugar de la Tierra, aprovechando la constelaci\u00f3n de sat\u00e9lites inigualable de Iridium para una comunicaci\u00f3n inquebrantable.<\/li>\n<li><strong>Redes en malla habilitadas para LoRa\u00ae:<\/strong> redes en malla autoformadas que permiten mensajer\u00eda en tiempo real y actualizaciones de ubicaci\u00f3n GPS para una mejor coordinaci\u00f3n del equipo.<\/li>\n<\/ul>\n<p><strong> <\/strong><\/p>\n<p>ACR Bivy ha liderado constantemente la industria, siendo pionero en la introducci\u00f3n de la comunicaci\u00f3n grupal satelital y el seguimiento de hasta 12 Bivy Sticks. Ahora, con la integraci\u00f3n de MESH con LoRa\u00ae, Bivy sube el list\u00f3n, consolidando su posici\u00f3n como la soluci\u00f3n de comunicaci\u00f3n l\u00edder para equipos que operan en ubicaciones aisladas de la red el\u00e9ctrica. <\/p>\n<h2>Caracter\u00edsticas Bivy Stick MESH:<\/h2>\n<ul>\n<li><strong>Modos de comunicaci\u00f3n dual<\/strong> : combina de forma \u00fanica la red en malla habilitada para LoRa\u00ae con una s\u00f3lida comunicaci\u00f3n satelital global, ofreciendo una conectividad incomparable en diversos entornos y estableciendo un nuevo est\u00e1ndar en tecnolog\u00eda de comunicaci\u00f3n al aire libre.\n<ul>\n<li><strong>Comunicaci\u00f3n satelital global<\/strong> :<br \/>\n Conf\u00ede en la red Iridium para una conectividad global constante incluso en las ubicaciones m\u00e1s aisladas.<\/li>\n<li><strong>Redes en malla habilitadas para LoRa\u00ae:<br \/>\n<\/strong> Mejore la coordinaci\u00f3n del equipo con redes en malla para conexiones directas de dispositivo a dispositivo con una distancia de hasta una milla y soporte para hasta 12 dispositivos.<\/li>\n<\/ul>\n<\/li>\n<li><strong>Mensajer\u00eda habilitada para LoRa\u00ae:<\/strong> transmisi\u00f3n de mensajes de dispositivo a dispositivo en segundos, lo que es significativamente m\u00e1s r\u00e1pido que la comunicaci\u00f3n satelital tradicional que puede demorar minutos entre dispositivos.<\/li>\n<\/ul>\n<ul>\n<li><strong>Adaptable a entornos dif\u00edciles:<\/strong> dise\u00f1ado para funcionar sin problemas en lugares extremos, desde bosques densos con copas espesas hasta \u00e1reas cargadas de estructuras de concreto, estableci\u00e9ndose como un activo esencial para equipos y socorristas en zonas con se\u00f1ales comprometidas.<\/li>\n<li><strong>Mensajer\u00eda grupal:<\/strong> los usuarios pueden crear y unirse f\u00e1cilmente a chats grupales dentro de la red en malla, lo que permite una coordinaci\u00f3n y comunicaci\u00f3n eficiente entre equipos o grupos de personas.<\/li>\n<li aria-level=\"1\"><b>Compartir ubicaci\u00f3n en tiempo real:<\/b> los dispositivos permiten a los usuarios compartir su ubicaci\u00f3n en tiempo real con otros en la red de malla, lo que mejora la seguridad y permite una coordinaci\u00f3n eficiente durante actividades al aire libre y emergencias.<\/li>\n<li><strong>Inteligencia de red MESH:<\/strong> monitorea la intensidad de la se\u00f1al celular y satelital de cada dispositivo dentro de la red, enrutando inteligentemente los mensajes a trav\u00e9s de dispositivos con mejores conexiones para optimizar la eficiencia de la comunicaci\u00f3n.<\/li>\n<li><strong>Retransmisi\u00f3n de mensajes inteligente<\/strong> : Bivy Stick MESH puede actuar como un nodo de comunicaci\u00f3n para retransmitir mensajes sin problemas, ya sea de dispositivo a dispositivo o mediante sat\u00e9lite, maximizando la eficiencia de la comunicaci\u00f3n.<\/li>\n<li><strong>Bater\u00eda de reserva de emergencia SOS:<\/strong> equipada con una reserva de bater\u00eda SOS dedicada de 24 horas, lo que garantiza que se mantenga la se\u00f1al SOS cr\u00edtica en situaciones de emergencia.<\/li>\n<li><strong>Resistente e impermeable:<\/strong> Dise\u00f1ado para entornos exigentes, el Bivy Stick MESH cuenta con una construcci\u00f3n duradera que cumple con la norma IP67 de impermeabilidad. Dise\u00f1ado para funcionar en cualquier condici\u00f3n clim\u00e1tica, garantiza un funcionamiento confiable dondequiera que lo lleve su misi\u00f3n. <\/li>\n<li><strong>Listo para integraci\u00f3n:<\/strong> dise\u00f1ado para ser compatible con los flujos de trabajo empresariales existentes para una integraci\u00f3n perfecta.<\/li>\n<\/ul>\n<p>SOS de emergencia. Se activa en la app o en el bot\u00f3n del dispositivo. Proporcionado por GlobalRescue\u2122. <\/p>\n","protected":false},"excerpt":{"rendered":"<p><span class=\"TextRun SCXW184998696 BCX0\" lang=\"EN-US\" data-contrast=\"none\" xml:lang=\"EN-US\"><span class=\"NormalTextRun SCXW184998696 BCX0\">Con Bivy Stick MESH, disfruta de<\/span> <span class=\"NormalTextRun SCXW184998696 BCX0\">una experiencia de viaje fiable.<\/span> <\/span><span class=\"TextRun SCXW184998696 BCX0\" lang=\"EN-US\" data-contrast=\"auto\"><span class=\"NormalTextRun SCXW184998696 BCX0\">Comunicaci\u00f3n<\/span> <span class=\"NormalTextRun SCXW184998696 BCX0\">satelital<\/span><\/span> <span class=\"TextRun SCXW184998696 BCX0\" lang=\"EN-US\" data-contrast=\"none\"><span class=\"NormalTextRun SCXW184998696 BCX0\">bidireccional<\/span><\/span><span class=\"TextRun SCXW184998696 BCX0\" lang=\"EN-US\" data-contrast=\"none\" xml:lang=\"EN-US\"><span class=\"NormalTextRun SCXW184998696 BCX0\">,  <\/span><\/span><span class=\"TextRun SCXW184998696 BCX0\" lang=\"EN-US\" data-contrast=\"none\" xml:lang=\"EN-US\"><span class=\"NormalTextRun SCXW184998696 BCX0\">mensajer\u00eda grupal<\/span><\/span><span class=\"TextRun SCXW184998696 BCX0\" lang=\"EN-US\" data-contrast=\"none\" xml:lang=\"EN-US\"><span class=\"NormalTextRun SCXW184998696 BCX0\">,  <\/span><\/span><span class=\"TextRun SCXW184998696 BCX0\" lang=\"EN-US\" data-contrast=\"none\" xml:lang=\"EN-US\"><span class=\"NormalTextRun SCXW184998696 BCX0\">Soporte SOS 24\/7<\/span><\/span><span class=\"TextRun SCXW184998696 BCX0\" lang=\"EN-US\" data-contrast=\"none\" xml:lang=\"EN-US\"><span class=\"NormalTextRun SCXW184998696 BCX0\">,  <\/span><\/span><span class=\"TextRun SCXW184998696 BCX0\" lang=\"EN-US\" data-contrast=\"none\" xml:lang=\"EN-US\"><span class=\"NormalTextRun SCXW184998696 BCX0\">Rastreo GPS<\/span><\/span><span class=\"TextRun SCXW184998696 BCX0\" lang=\"EN-US\" data-contrast=\"none\" xml:lang=\"EN-US\"><span class=\"NormalTextRun SCXW184998696 BCX0\">, y  <\/span><\/span><span class=\"TextRun SCXW184998696 BCX0\" lang=\"EN-US\" data-contrast=\"none\" xml:lang=\"EN-US\"><span class=\"NormalTextRun SCXW184998696 BCX0\">compartir ubicaci\u00f3n  <\/span><\/span><span class=\"TextRun SCXW184998696 BCX0\" lang=\"EN-US\" data-contrast=\"none\" xml:lang=\"EN-US\"><span class=\"NormalTextRun SCXW184998696 BCX0\">todo en uno  <\/span><\/span><span class=\"TextRun SCXW184998696 BCX0\" lang=\"EN-US\" data-contrast=\"none\" xml:lang=\"EN-US\"><span class=\"NormalTextRun SCXW184998696 BCX0\">compacto<\/span><\/span><span class=\"TextRun SCXW184998696 BCX0\" lang=\"EN-US\" data-contrast=\"none\" xml:lang=\"EN-US\"><span class=\"NormalTextRun SCXW184998696 BCX0\">  y  <\/span><\/span><span class=\"TextRun SCXW184998696 BCX0\" lang=\"EN-US\" data-contrast=\"none\" xml:lang=\"EN-US\"><span class=\"NormalTextRun SCXW184998696 BCX0\">ligero<\/span><\/span><span class=\"TextRun SCXW184998696 BCX0\" lang=\"EN-US\" data-contrast=\"none\" xml:lang=\"EN-US\"><span class=\"NormalTextRun SCXW184998696 BCX0\">  dispositivo. Te da la   <\/span><\/span><span class=\"TextRun SCXW184998696 BCX0\" lang=\"EN-US\" data-contrast=\"none\"><span class=\"NormalTextRun SCXW184998696 BCX0\">Libertad de comunicaci\u00f3n fuera de la red<\/span><\/span> <span class=\"TextRun SCXW184998696 BCX0\" lang=\"EN-US\" data-contrast=\"none\"><span class=\"NormalTextRun SCXW184998696 BCX0\">al<\/span><\/span> <span class=\"TextRun SCXW184998696 BCX0\" lang=\"EN-US\" data-contrast=\"none\"><span class=\"NormalTextRun SCXW184998696 BCX0\">precio m\u00e1s asequible del mercado<\/span><\/span><span class=\"TextRun SCXW184998696 BCX0\" lang=\"EN-US\" data-contrast=\"none\" xml:lang=\"EN-US\"><span class=\"NormalTextRun SCXW184998696 BCX0\">. Mant\u00e9ngase conectado, incluso m\u00e1s all\u00e1 de la cobertura celular.<\/span><\/span><\/p>\n<h4><\/h4>\n<h4><strong>\u00a1Hecho con orgullo en EE. UU.!<\/strong><\/h4>\n<p>&nbsp;<\/p>\n","protected":false},"featured_media":163296,"template":"","meta":{"_acf_changed":false,"om_disable_all_campaigns":false},"product_brand":[],"product_cat":[5819,5775],"product_tag":[],"class_list":{"0":"post-166513","1":"product","2":"type-product","3":"status-publish","4":"has-post-thumbnail","6":"product_cat-exterior","7":"product_cat-marina-es","9":"first","10":"instock","11":"taxable","12":"shipping-taxable","13":"purchasable","14":"product-type-subscription"},"acf":[],"_links":{"self":[{"href":"https:\/\/www.acrartex.com\/es\/wp-json\/wp\/v2\/product\/166513","targetHints":{"allow":["GET"]}}],"collection":[{"href":"https:\/\/www.acrartex.com\/es\/wp-json\/wp\/v2\/product"}],"about":[{"href":"https:\/\/www.acrartex.com\/es\/wp-json\/wp\/v2\/types\/product"}],"wp:featuredmedia":[{"embeddable":true,"href":"https:\/\/www.acrartex.com\/es\/wp-json\/wp\/v2\/media\/163296"}],"wp:attachment":[{"href":"https:\/\/www.acrartex.com\/es\/wp-json\/wp\/v2\/media?parent=166513"}],"wp:term":[{"taxonomy":"product_brand","embeddable":true,"href":"https:\/\/www.acrartex.com\/es\/wp-json\/wp\/v2\/product_brand?post=166513"},{"taxonomy":"product_cat","embeddable":true,"href":"https:\/\/www.acrartex.com\/es\/wp-json\/wp\/v2\/product_cat?post=166513"},{"taxonomy":"product_tag","embeddable":true,"href":"https:\/\/www.acrartex.com\/es\/wp-json\/wp\/v2\/product_tag?post=166513"}],"curies":[{"name":"wp","href":"https:\/\/api.w.org\/{rel}","templated":true}]}}