{"id":166509,"date":"2025-11-06T04:46:44","date_gmt":"2025-11-06T09:46:44","guid":{"rendered":"https:\/\/www.acrartex.com\/products\/plan-bivy-go-bivy-stick-datos-ilimitados\/"},"modified":"2025-11-06T04:46:44","modified_gmt":"2025-11-06T09:46:44","slug":"plan-bivy-go-bivy-stick-datos-ilimitados","status":"publish","type":"product","link":"https:\/\/www.acrartex.com\/es\/products\/plan-bivy-go-bivy-stick-datos-ilimitados\/","title":{"rendered":"Plan Bivy Go: Bivy Stick + Datos ilimitados"},"content":{"rendered":"<p>Mant\u00e9ngase conectado y seguro en cualquier lugar del mundo con el Bivy Stick, un dispositivo compacto y potente que transforma su smartphone en un comunicador satelital global. Alimentado por la red satelital Iridium, el Bivy Stick garantiza una cobertura global del 100 %, incluso en los entornos m\u00e1s remotos y dif\u00edciles. <\/p>\n<p>Dise\u00f1ado para aventureros, exploradores y para la preparaci\u00f3n ante emergencias, el Bivy Stick permite mensajer\u00eda satelital bidireccional, compartir ubicaci\u00f3n GPS y actualizaciones meteorol\u00f3gicas, todo accesible a trav\u00e9s de la app Bivy para iOS o Android. Su exclusiva funci\u00f3n GroupTrack\u2122 permite enviar mensajes y rastrear hasta 12 usuarios del Bivy Stick simult\u00e1neamente, lo que facilita que equipos, gu\u00edas y familias se mantengan conectados y visibles en un mapa grupal compartido. <\/p>\n<p>En caso de emergencia, simplemente presione el bot\u00f3n SOS para alertar al instante a Global Rescue, lo que le brinda acceso 24\/7 a los servicios de emergencia en cualquier parte del mundo. Ya sea que est\u00e9 descargando mapas sin conexi\u00f3n, navegando por senderos inexplorados o contactando con sus seres queridos, el Bivy Stick le brinda tranquilidad y una comunicaci\u00f3n esencial cuando m\u00e1s lo necesita. <\/p>\n<p><b>El papel de la aplicaci\u00f3n Bivy<\/b><\/p>\n<p>Descubre m\u00e1s de 50.000 aventuras al aire libre con la app Bivy, tu herramienta todo en uno para explorar la naturaleza. Tanto si te gusta el senderismo, el ciclismo, el remo, la escalada o cualquiera de los 20 tipos de aventura que ofrece la app, Bivy te ayuda a encontrar el lugar perfecto y a recorrerlo con confianza. <\/p>\n<p>Registra tu ritmo, kilometraje, altitud y m\u00e1s mientras exploras, y registra cada viaje para llevar un registro personal de tus aventuras. Con acceso a mapas globales detallados sin conexi\u00f3n, siempre sabr\u00e1s exactamente d\u00f3nde est\u00e1s, incluso sin se\u00f1al. <\/p>\n<p>Combinada con el Bivy Stick de ACR, la aplicaci\u00f3n Bivy combina navegaci\u00f3n, seguimiento de viajes y comunicaci\u00f3n satelital confiable, brindando seguridad y tranquilidad asequibles para todos, desde exploradores de fin de semana hasta profesionales experimentados.<\/p>\n<p><b>Caracter\u00edsticas y beneficios:<\/b><\/p>\n<ul>\n<li><b>Mensajer\u00eda bidireccional confiable<\/b> : mant\u00e9ngase conectado m\u00e1s all\u00e1 del servicio celular con mensajer\u00eda de texto bidireccional a trav\u00e9s de la red satelital global Iridium\u00ae.<\/li>\n<li><b>N\u00famero de tel\u00e9fono y correo electr\u00f3nico dedicados<\/b> : env\u00ede un mensaje con su propio n\u00famero de tel\u00e9fono y correo electr\u00f3nico para una comunicaci\u00f3n fluida.<\/li>\n<li><b>Mensajer\u00eda y seguimiento grupal con GroupTrack\u2122<\/b> : Comun\u00edcate y comparte ubicaciones con hasta 12 usuarios de Bivy Stick. Tus amigos y familiares pueden seguir tu viaje y unirse a chats grupales a trav\u00e9s de una p\u00e1gina web compartida. <\/li>\n<li><b>Registros personalizados ilimitados<\/b> : Env\u00eda mensajes de registro GPS con tu ubicaci\u00f3n exacta. La suscripci\u00f3n incluye registros ilimitados.* <\/li>\n<li><b>Seguimiento en tiempo real y uso compartido de ubicaci\u00f3n<\/b> : la p\u00e1gina web para compartir ubicaci\u00f3n muestra su registro de llegada, historial de mensajes con respuestas y recorridos compartidos, todo en un solo lugar.<\/li>\n<li><b>Monitoreo SOS 24\/7 con Global Rescue\u2122<\/b> : Active alertas de emergencia mediante la app o el bot\u00f3n SOS del dispositivo. Comun\u00edquese directamente con los servicios de emergencia y las alertas SOS se pueden cancelar desde el dispositivo o la app. <\/li>\n<li><b>Herramientas avanzadas de navegaci\u00f3n y aventura<\/b> : descargue mapas sin conexi\u00f3n y explore miles de aventuras enviadas por la comunidad, incluidos senderos para caminatas, escaladas y v\u00edas fluviales.<\/li>\n<li><b>Dise\u00f1o resistente e impermeable<\/b> : con clasificaci\u00f3n IPX7<\/li>\n<li><b>Compatible con GoPro<\/b> : totalmente compatible con los soportes GoPro e incluye un adaptador de accesorios GoPro para una f\u00e1cil integraci\u00f3n.<\/li>\n<li><b>Kit completo incluido:<\/b> viene con un cable de carga USB-C, mosquet\u00f3n, cord\u00f3n, gu\u00eda de inicio r\u00e1pido y adaptador GoPro: todo lo que necesita para comenzar.<\/li>\n<li><b>Hecho en EE. UU. \u2013<\/b> Respaldado por una garant\u00eda del fabricante de 1 a\u00f1o para su tranquilidad.<\/li>\n<li>* <a href=\"https:\/\/bivystick.com\/plans\/\" data-cke-saved-href=\"https:\/\/www.bivy.com\/data-plans\">Se requiere suscripci\u00f3n mensual<\/a> . Para m\u00e1s informaci\u00f3n, consulte el sitio web del fabricante. <\/li>\n<\/ul>\n<p>&nbsp;<\/p>\n<p>SOS de emergencia. Se activa en la app o en el bot\u00f3n del dispositivo. Proporcionado por GlobalRescue\u2122. <\/p>\n<p><a href=\"https:\/\/www.acrartex.com\/wp-content\/uploads\/2021\/06\/ProductOverview.png\"><img loading=\"lazy\" decoding=\"async\" class=\"alignnone size-medium wp-image-37736\" src=\"https:\/\/www.acrartex.com\/wp-content\/uploads\/2021\/06\/ProductOverview-300x300.png\" alt=\"\" width=\"300\" height=\"300\" srcset=\"https:\/\/www.acrartex.com\/wp-content\/uploads\/2021\/06\/ProductOverview-300x300.png 300w, https:\/\/www.acrartex.com\/wp-content\/uploads\/2021\/06\/ProductOverview-1024x1024.png 1024w, https:\/\/www.acrartex.com\/wp-content\/uploads\/2021\/06\/ProductOverview-150x150.png 150w, https:\/\/www.acrartex.com\/wp-content\/uploads\/2021\/06\/ProductOverview-768x768.png 768w, https:\/\/www.acrartex.com\/wp-content\/uploads\/2021\/06\/ProductOverview-1536x1536.png 1536w, https:\/\/www.acrartex.com\/wp-content\/uploads\/2021\/06\/ProductOverview-600x600.png 600w, https:\/\/www.acrartex.com\/wp-content\/uploads\/2021\/06\/ProductOverview-100x100.png 100w, https:\/\/www.acrartex.com\/wp-content\/uploads\/2021\/06\/ProductOverview.png 1601w\" sizes=\"auto, (max-width: 300px) 100vw, 300px\" \/><\/a> <a href=\"https:\/\/www.acrartex.com\/wp-content\/uploads\/2021\/06\/2_ProductOverview-04.png\"><img loading=\"lazy\" decoding=\"async\" class=\"alignnone size-medium wp-image-37732\" src=\"https:\/\/www.acrartex.com\/wp-content\/uploads\/2021\/06\/2_ProductOverview-04-300x300.png\" alt=\"\" width=\"300\" height=\"300\" srcset=\"https:\/\/www.acrartex.com\/wp-content\/uploads\/2021\/06\/2_ProductOverview-04-300x300.png 300w, https:\/\/www.acrartex.com\/wp-content\/uploads\/2021\/06\/2_ProductOverview-04-1024x1024.png 1024w, https:\/\/www.acrartex.com\/wp-content\/uploads\/2021\/06\/2_ProductOverview-04-150x150.png 150w, https:\/\/www.acrartex.com\/wp-content\/uploads\/2021\/06\/2_ProductOverview-04-768x768.png 768w, https:\/\/www.acrartex.com\/wp-content\/uploads\/2021\/06\/2_ProductOverview-04-1536x1536.png 1536w, https:\/\/www.acrartex.com\/wp-content\/uploads\/2021\/06\/2_ProductOverview-04-2048x2048.png 2048w, https:\/\/www.acrartex.com\/wp-content\/uploads\/2021\/06\/2_ProductOverview-04-600x600.png 600w, https:\/\/www.acrartex.com\/wp-content\/uploads\/2021\/06\/2_ProductOverview-04-100x100.png 100w\" sizes=\"auto, (max-width: 300px) 100vw, 300px\" \/><\/a> <a href=\"https:\/\/www.acrartex.com\/wp-content\/uploads\/2021\/06\/SOS.png\"><img loading=\"lazy\" decoding=\"async\" class=\"alignnone size-medium wp-image-37734\" src=\"https:\/\/www.acrartex.com\/wp-content\/uploads\/2021\/06\/SOS-300x300.png\" alt=\"\" width=\"300\" height=\"300\" srcset=\"https:\/\/www.acrartex.com\/wp-content\/uploads\/2021\/06\/SOS-300x300.png 300w, https:\/\/www.acrartex.com\/wp-content\/uploads\/2021\/06\/SOS-1024x1024.png 1024w, https:\/\/www.acrartex.com\/wp-content\/uploads\/2021\/06\/SOS-150x150.png 150w, https:\/\/www.acrartex.com\/wp-content\/uploads\/2021\/06\/SOS-768x768.png 768w, https:\/\/www.acrartex.com\/wp-content\/uploads\/2021\/06\/SOS-1536x1536.png 1536w, https:\/\/www.acrartex.com\/wp-content\/uploads\/2021\/06\/SOS-600x600.png 600w, https:\/\/www.acrartex.com\/wp-content\/uploads\/2021\/06\/SOS-100x100.png 100w, https:\/\/www.acrartex.com\/wp-content\/uploads\/2021\/06\/SOS.png 1601w\" sizes=\"auto, (max-width: 300px) 100vw, 300px\" \/><\/a><a href=\"https:\/\/www.acrartex.com\/wp-content\/uploads\/2021\/06\/2_ProductOverview-06.png\"><img loading=\"lazy\" decoding=\"async\" class=\"alignnone size-medium wp-image-37733\" src=\"https:\/\/www.acrartex.com\/wp-content\/uploads\/2021\/06\/2_ProductOverview-06-300x300.png\" alt=\"\" width=\"300\" height=\"300\" srcset=\"https:\/\/www.acrartex.com\/wp-content\/uploads\/2021\/06\/2_ProductOverview-06-300x300.png 300w, https:\/\/www.acrartex.com\/wp-content\/uploads\/2021\/06\/2_ProductOverview-06-1024x1024.png 1024w, https:\/\/www.acrartex.com\/wp-content\/uploads\/2021\/06\/2_ProductOverview-06-150x150.png 150w, https:\/\/www.acrartex.com\/wp-content\/uploads\/2021\/06\/2_ProductOverview-06-768x768.png 768w, https:\/\/www.acrartex.com\/wp-content\/uploads\/2021\/06\/2_ProductOverview-06-1536x1536.png 1536w, https:\/\/www.acrartex.com\/wp-content\/uploads\/2021\/06\/2_ProductOverview-06-2048x2048.png 2048w, https:\/\/www.acrartex.com\/wp-content\/uploads\/2021\/06\/2_ProductOverview-06-600x600.png 600w, https:\/\/www.acrartex.com\/wp-content\/uploads\/2021\/06\/2_ProductOverview-06-100x100.png 100w\" sizes=\"auto, (max-width: 300px) 100vw, 300px\" \/><\/a><\/p>\n","protected":false},"excerpt":{"rendered":"<p><span class=\"TextRun SCXW244057555 BCX0\" lang=\"EN-US\" data-contrast=\"none\" xml:lang=\"EN-US\"><span class=\"NormalTextRun SCXW244057555 BCX0\">Con Bivy Stick, disfruta<\/span><span class=\"NormalTextRun SCXW244057555 BCX0\"> <\/span><span class=\"NormalTextRun SCXW244057555 BCX0\">confiable<\/span><span class=\"NormalTextRun SCXW244057555 BCX0\"> <\/span><\/span><span class=\"TextRun SCXW244057555 BCX0\" lang=\"EN-US\" data-contrast=\"auto\"><span class=\"NormalTextRun SCXW244057555 BCX0\">Comunicaci\u00f3n<\/span> <span class=\"NormalTextRun SCXW244057555 BCX0\">satelital<\/span><\/span> <span class=\"TextRun SCXW244057555 BCX0\" lang=\"EN-US\" data-contrast=\"none\"><span class=\"NormalTextRun SCXW244057555 BCX0\">bidireccional<\/span><\/span><span class=\"TextRun SCXW244057555 BCX0\" lang=\"EN-US\" data-contrast=\"none\" xml:lang=\"EN-US\"><span class=\"NormalTextRun SCXW244057555 BCX0\">,  <\/span><\/span><span class=\"TextRun SCXW244057555 BCX0\" lang=\"EN-US\" data-contrast=\"none\" xml:lang=\"EN-US\"><span class=\"NormalTextRun SCXW244057555 BCX0\">mensajer\u00eda grupal<\/span><\/span><span class=\"TextRun SCXW244057555 BCX0\" lang=\"EN-US\" data-contrast=\"none\" xml:lang=\"EN-US\"><span class=\"NormalTextRun SCXW244057555 BCX0\">,  <\/span><\/span><span class=\"TextRun SCXW244057555 BCX0\" lang=\"EN-US\" data-contrast=\"none\" xml:lang=\"EN-US\"><span class=\"NormalTextRun SCXW244057555 BCX0\">Soporte SOS 24\/7<\/span><\/span><span class=\"TextRun SCXW244057555 BCX0\" lang=\"EN-US\" data-contrast=\"none\" xml:lang=\"EN-US\"><span class=\"NormalTextRun SCXW244057555 BCX0\">,  <\/span><\/span><span class=\"TextRun SCXW244057555 BCX0\" lang=\"EN-US\" data-contrast=\"none\" xml:lang=\"EN-US\"><span class=\"NormalTextRun SCXW244057555 BCX0\">Rastreo GPS<\/span><\/span><span class=\"TextRun SCXW244057555 BCX0\" lang=\"EN-US\" data-contrast=\"none\" xml:lang=\"EN-US\"><span class=\"NormalTextRun SCXW244057555 BCX0\">, y  <\/span><\/span><span class=\"TextRun SCXW244057555 BCX0\" lang=\"EN-US\" data-contrast=\"none\" xml:lang=\"EN-US\"><span class=\"NormalTextRun SCXW244057555 BCX0\">compartir ubicaci\u00f3n  <\/span><\/span><span class=\"TextRun SCXW244057555 BCX0\" lang=\"EN-US\" data-contrast=\"none\" xml:lang=\"EN-US\"><span class=\"NormalTextRun SCXW244057555 BCX0\">todo en uno  <\/span><\/span><span class=\"TextRun SCXW244057555 BCX0\" lang=\"EN-US\" data-contrast=\"none\" xml:lang=\"EN-US\"><span class=\"NormalTextRun SCXW244057555 BCX0\">compacto<\/span><\/span><span class=\"TextRun SCXW244057555 BCX0\" lang=\"EN-US\" data-contrast=\"none\" xml:lang=\"EN-US\"><span class=\"NormalTextRun SCXW244057555 BCX0\">  y  <\/span><\/span><span class=\"TextRun SCXW244057555 BCX0\" lang=\"EN-US\" data-contrast=\"none\" xml:lang=\"EN-US\"><span class=\"NormalTextRun SCXW244057555 BCX0\">ligero<\/span><\/span><span class=\"TextRun SCXW244057555 BCX0\" lang=\"EN-US\" data-contrast=\"none\" xml:lang=\"EN-US\"><span class=\"NormalTextRun SCXW244057555 BCX0\">  dispositivo. Te da la   <\/span><\/span><span class=\"TextRun SCXW244057555 BCX0\" lang=\"EN-US\" data-contrast=\"none\"><span class=\"NormalTextRun SCXW244057555 BCX0\">Libertad de comunicaci\u00f3n fuera de la red<\/span><\/span> <span class=\"TextRun SCXW244057555 BCX0\" lang=\"EN-US\" data-contrast=\"none\"><span class=\"NormalTextRun SCXW244057555 BCX0\">al<\/span><\/span> <span class=\"TextRun SCXW244057555 BCX0\" lang=\"EN-US\" data-contrast=\"none\"><span class=\"NormalTextRun SCXW244057555 BCX0\">valor m\u00e1s asequible del mercado<\/span><\/span> <span class=\"TextRun SCXW244057555 BCX0\" lang=\"EN-US\" data-contrast=\"none\"><span class=\"NormalTextRun SCXW244057555 BCX0\">.<\/span><\/span><\/p>\n","protected":false},"featured_media":163283,"template":"","meta":{"_acf_changed":false,"om_disable_all_campaigns":false},"product_brand":[],"product_cat":[5819,5775],"product_tag":[13169,13157,13158,13148,13156],"class_list":{"0":"post-166509","1":"product","2":"type-product","3":"status-publish","4":"has-post-thumbnail","6":"product_cat-exterior","7":"product_cat-marina-es","8":"product_tag-4601-es","9":"product_tag-acr-bivy-es","10":"product_tag-aplicacion-bivy","11":"product_tag-bivy-es","12":"product_tag-comunicacion-bidireccional","14":"first","15":"instock","16":"taxable","17":"shipping-taxable","18":"purchasable","19":"product-type-subscription"},"acf":[],"_links":{"self":[{"href":"https:\/\/www.acrartex.com\/es\/wp-json\/wp\/v2\/product\/166509","targetHints":{"allow":["GET"]}}],"collection":[{"href":"https:\/\/www.acrartex.com\/es\/wp-json\/wp\/v2\/product"}],"about":[{"href":"https:\/\/www.acrartex.com\/es\/wp-json\/wp\/v2\/types\/product"}],"wp:featuredmedia":[{"embeddable":true,"href":"https:\/\/www.acrartex.com\/es\/wp-json\/wp\/v2\/media\/163283"}],"wp:attachment":[{"href":"https:\/\/www.acrartex.com\/es\/wp-json\/wp\/v2\/media?parent=166509"}],"wp:term":[{"taxonomy":"product_brand","embeddable":true,"href":"https:\/\/www.acrartex.com\/es\/wp-json\/wp\/v2\/product_brand?post=166509"},{"taxonomy":"product_cat","embeddable":true,"href":"https:\/\/www.acrartex.com\/es\/wp-json\/wp\/v2\/product_cat?post=166509"},{"taxonomy":"product_tag","embeddable":true,"href":"https:\/\/www.acrartex.com\/es\/wp-json\/wp\/v2\/product_tag?post=166509"}],"curies":[{"name":"wp","href":"https:\/\/api.w.org\/{rel}","templated":true}]}}