{"id":166493,"date":"2024-06-11T08:30:35","date_gmt":"2024-06-11T13:30:35","guid":{"rendered":"https:\/\/www.acrartex.com\/products\/etiqueta-de-exposicion-olas\/"},"modified":"2026-03-06T08:55:38","modified_gmt":"2026-03-06T13:55:38","slug":"etiqueta-de-exposicion-olas","status":"publish","type":"product","link":"https:\/\/www.acrartex.com\/es\/products\/etiqueta-de-exposicion-olas\/","title":{"rendered":"ETIQUETA DE EXPOSICI\u00d3N OLAS"},"content":{"rendered":"<h3>Qu\u00e9 hace<\/h3>\n<p><strong>Seguimiento con la aplicaci\u00f3n m\u00f3vil OLAS<\/strong><\/p>\n<p>En menos de 8 segundos tras un incidente de hombre al agua, la tecnolog\u00eda de la aplicaci\u00f3n m\u00f3vil OLAS detecta una rotura en su conexi\u00f3n virtual con la etiqueta. El tel\u00e9fono m\u00f3vil emite una alarma sonora que alerta a la tripulaci\u00f3n de que alguien se ha ca\u00eddo al agua. OLAS ayuda a la tripulaci\u00f3n a recuperar el hombre al agua, dirigi\u00e9ndolos claramente a la ubicaci\u00f3n GPS donde se produjo el incidente mediante se\u00f1ales visuales claras y datos de rumbo. OLAS almacena todos los datos de ubicaci\u00f3n y hora del incidente que necesitan los servicios de rescate.   <\/p>\n<p><strong>Seguimiento con OLAS Guardian y Core (embarcaciones de hasta 50 pies)<\/strong><\/p>\n<p>Conecte hasta 15 transmisores OLAS (etiqueta OLAS o flotador OLAS) a cualquier receptor OLAS. Dos segundos despu\u00e9s de interrumpirse la conexi\u00f3n, se activar\u00e1 la alerta MOB para alertar a la tripulaci\u00f3n sobre el incidente. <\/p>\n<h3>Ventajas de la etiqueta OLAS<\/h3>\n<ul>\n<li>Bater\u00eda de larga duraci\u00f3n (hasta 4 meses)<\/li>\n<li>La soluci\u00f3n de fijaci\u00f3n m\u00e1s vers\u00e1til: mu\u00f1eca, chaleco salvavidas, dispositivo MOB con 1 correa<\/li>\n<li>Aplicaci\u00f3n gratuita para iOS y Android<\/li>\n<li>Conecte varias etiquetas a 1 tel\u00e9fono o tableta<\/li>\n<li>Conecte 1 etiqueta a varios tel\u00e9fonos\/tabletas<\/li>\n<li>Con\u00e9ctese a cualquier receptor OLAS Informaci\u00f3n sobre la bater\u00eda (dentro de la aplicaci\u00f3n m\u00f3vil OLAS)<\/li>\n<li>Cada etiqueta se suministra con una correa de mu\u00f1eca de silicona universal con hebilla de acero inoxidable y una bater\u00eda CR2477 preinstalada (reemplazable por el usuario).<\/li>\n<li>Compatible con <a href=\"https:\/\/www.acrartex.com\/es\/products\/guardian-acr-olas\/\">el sistema de apagado del motor OLAS Guardian<\/a> ( <a href=\"https:\/\/uscgboating.org\/recreational-boaters\/engine-cut-off-devices.php\">nuevas regulaciones de la Guardia Costera de EE. UU.<\/a> )<\/li>\n<\/ul>\n<h3><\/h3>\n<h3>Caracter\u00edsticas de la aplicaci\u00f3n m\u00f3vil<\/h3>\n<p>El Guardian se maneja f\u00e1cilmente a trav\u00e9s de la aplicaci\u00f3n OLAS, disponible gratuitamente en la App Store para iOS y en Google Play Store para Android. Requiere un dispositivo con iOS 11 o Android 5.1 como m\u00ednimo. La aplicaci\u00f3n OLAS es una herramienta potente para controlar las funciones del Guardian y facilitar un rescate r\u00e1pido.  <\/p>\n<p><strong>Monitor<\/strong><\/p>\n<ul>\n<li>Monitorear todos los transmisores OLAS que est\u00e1n siendo rastreados<\/li>\n<li>Personalice los nombres de los transmisores OLAS para que sean f\u00e1ciles de asignar<\/li>\n<li>Comprobar el estado de la bater\u00eda de las etiquetas OLAS<\/li>\n<\/ul>\n<p><strong>Control de guardianes<\/strong><\/p>\n<ul>\n<li>Agregue nuevos transmisores OLAS al sistema Guardian<\/li>\n<li>Pause el sistema Guardian si los transmisores abandonan el \u00e1rea durante un breve per\u00edodo<\/li>\n<li>Ajuste el tiempo antes de que el Guardian reaccione a un transmisor por la borda entre 2 y 15 segundos, lo que permite mayor libertad alrededor de embarcaciones m\u00e1s grandes.<\/li>\n<li>Ajuste entre el interruptor de corte y el modo de alarma externa<\/li>\n<\/ul>\n<ul>\n<li>El modo de interruptor de apagado activa el interruptor incorporado durante 5 segundos, apagando el motor, pero permitiendo a los usuarios reiniciarlo despu\u00e9s de 5 segundos.<\/li>\n<li>El modo de alarma externa activa el interruptor integrado hasta que se cancela manualmente. Esto permite conectar alarmas externas de alta potencia en serie. <\/li>\n<li>Pausa el estado de alarma<\/li>\n<\/ul>\n<p><strong>Control del transmisor<\/strong><\/p>\n<ul>\n<li>Ajuste f\u00e1cilmente los transmisores individuales entre Apagado del motor (para el capit\u00e1n), Solo alarma (para pasajeros) y Pausa (para pasajeros que abandonan el barco temporalmente)<\/li>\n<li>Hacer sonar la alarma externa si el usuario de un Tag est\u00e1 fuera del alcance tanto del Guardian como de su dispositivo m\u00f3vil.<\/li>\n<li>Ajuste el tiempo antes de que se active el interruptor de corte o la alarma, lo que ofrece mayor libertad<\/li>\n<\/ul>\n<p><strong>Alarma externa y ayuda de rescate<\/strong><\/p>\n<ul>\n<li>Alarma de volumen m\u00e1ximo y vibraci\u00f3n en tu m\u00f3vil, sincronizada con Guardian.<\/li>\n<li>Indicaci\u00f3n de qu\u00e9 transmisor ha activado la alarma.<\/li>\n<li>Registre la ubicaci\u00f3n GPS del lugar donde se activ\u00f3 la alarma \u2022 Gu\u00eda clara de regreso a la ubicaci\u00f3n GPS donde se activ\u00f3 la alarma.<\/li>\n<li>Visualizaci\u00f3n clara de la hora y la ubicaci\u00f3n GPS del lugar donde se activ\u00f3 la alarma y la ubicaci\u00f3n actual del usuario. \u2022 Script de emergencia VHF con ingreso autom\u00e1tico de coordenadas GPS e informaci\u00f3n personalizada de la embarcaci\u00f3n en modo Solo.<\/li>\n<li>Dise\u00f1ado para navegar solo dentro del alcance celular 2G o wifi en alta mar. El modo individual enviar\u00e1 un mensaje de texto autom\u00e1tico a un n\u00famero personalizado con su ubicaci\u00f3n y hora del incidente. Si se logra un autorrescate, se env\u00eda un mensaje de texto autom\u00e1tico para cancelar la alerta.  <\/li>\n<\/ul>\n","protected":false},"excerpt":{"rendered":"<p>La etiqueta OLAS es un transmisor compacto que se fija f\u00e1cilmente a adultos, ni\u00f1os, mascotas y objetos como flotadores. Las etiquetas se rastrean mediante la aplicaci\u00f3n OLAS en un dispositivo m\u00f3vil o a trav\u00e9s del Core, Guardian y Extender. <\/p>\n<p>Segundos despu\u00e9s de que la etiqueta interrumpe la conexi\u00f3n con un receptor OLAS, la tripulaci\u00f3n es alertada por la alarma y la luz OLAS, mientras que la pantalla de rescate OLAS MOB se activa en la aplicaci\u00f3n m\u00f3vil OLAS.<\/p>\n<p>Cada etiqueta se suministra con una correa de mu\u00f1eca de silicona universal con hebilla de acero inoxidable y una bater\u00eda CR2477 preinstalada (reemplazable por el usuario).<\/p>\n<p>&nbsp;<\/p>\n<p>&nbsp;<\/p>\n","protected":false},"featured_media":163781,"template":"","meta":{"_acf_changed":false,"om_disable_all_campaigns":false},"product_brand":[],"product_cat":[5984,5986,5983,5775,5985],"product_tag":[16125,14932,11417,14974,11403,13932,13914,11984,13923,11973,10088,16128,14953],"class_list":{"0":"post-166493","1":"product","2":"type-product","3":"status-publish","4":"has-post-thumbnail","6":"product_cat-cerca-de-la-costa","7":"product_cat-comercial","8":"product_cat-interior","9":"product_cat-marina-es","10":"product_cat-off-shore-es","11":"product_tag-etiqueta","12":"product_tag-etiqueta-olas","13":"product_tag-hombre-al-agua","14":"product_tag-hombre-al-agua-con-bluetooth","15":"product_tag-mob-es","16":"product_tag-perro-al-agua","17":"product_tag-rastreador-de-tripulacion","18":"product_tag-rastreo-gps","19":"product_tag-seguridad-infantil-en-la-navegacion","20":"product_tag-sistema-de-hombre-al-agua","21":"product_tag-transmisor","22":"product_tag-transmisor-de-turba","23":"product_tag-transmisor-olas","24":"pa_activity-pesca","25":"pa_boat-size-0-20-es","26":"pa_boat-size-21-40-es","27":"pa_boat-size-40-80-es","28":"pa_boat-size-80-es","29":"pa_boat-type-artesania-deportiva","30":"pa_boat-type-buque-de-carga","31":"pa_boat-type-lancha-fuera-borda","32":"pa_boat-type-pesca-comercial","33":"pa_boat-type-remolcador","34":"pa_boat-type-velero","35":"pa_boat-type-yate","36":"pa_boat-type-yate-de-alquiler","38":"first","39":"instock","40":"taxable","41":"shipping-taxable","42":"purchasable","43":"product-type-variable"},"acf":[],"_links":{"self":[{"href":"https:\/\/www.acrartex.com\/es\/wp-json\/wp\/v2\/product\/166493","targetHints":{"allow":["GET"]}}],"collection":[{"href":"https:\/\/www.acrartex.com\/es\/wp-json\/wp\/v2\/product"}],"about":[{"href":"https:\/\/www.acrartex.com\/es\/wp-json\/wp\/v2\/types\/product"}],"wp:featuredmedia":[{"embeddable":true,"href":"https:\/\/www.acrartex.com\/es\/wp-json\/wp\/v2\/media\/163781"}],"wp:attachment":[{"href":"https:\/\/www.acrartex.com\/es\/wp-json\/wp\/v2\/media?parent=166493"}],"wp:term":[{"taxonomy":"product_brand","embeddable":true,"href":"https:\/\/www.acrartex.com\/es\/wp-json\/wp\/v2\/product_brand?post=166493"},{"taxonomy":"product_cat","embeddable":true,"href":"https:\/\/www.acrartex.com\/es\/wp-json\/wp\/v2\/product_cat?post=166493"},{"taxonomy":"product_tag","embeddable":true,"href":"https:\/\/www.acrartex.com\/es\/wp-json\/wp\/v2\/product_tag?post=166493"}],"curies":[{"name":"wp","href":"https:\/\/api.w.org\/{rel}","templated":true}]}}