{"id":166470,"date":"2024-06-11T10:31:17","date_gmt":"2024-06-11T15:31:17","guid":{"rendered":"https:\/\/www.acrartex.com\/products\/antorcha-de-flotacion-exposure-sin-olas\/"},"modified":"2024-06-11T10:31:17","modified_gmt":"2024-06-11T15:31:17","slug":"antorcha-de-flotacion-exposure-sin-olas","status":"publish","type":"product","link":"https:\/\/www.acrartex.com\/es\/products\/antorcha-de-flotacion-exposure-sin-olas\/","title":{"rendered":"Antorcha de flotaci\u00f3n EXPOSURE (sin OLAS)"},"content":{"rendered":"<p data-sleek-node-id=\"NyjVtB\">La Float-On es una linterna de bolsillo flotante e impermeable que integra de forma exclusiva la tecnolog\u00eda MOB de Exposure. Una herramienta de seguridad y linterna multifuncional tanto para navegantes principiantes como experimentados. <br data-sleek-node-id=\"ehDiFc\"><br data-sleek-node-id=\"323HQV\">Al arrojarlo por la borda o al ser usado por una persona que lo lleve puesto, flotar\u00e1. La tecnolog\u00eda MOB detecta 6 segundos de conexi\u00f3n al agua y activa la luz estrobosc\u00f3pica, que parpadea una vez por segundo durante un m\u00e1ximo de 24 horas, siendo visible hasta a 3 millas n\u00e1uticas de distancia. Los terminales de conexi\u00f3n al agua, separados y hundidos, garantizan que la tecnolog\u00eda MOB solo se active al sumergirse.  <\/p>\n<p>Cabe en la palma de la mano y su bot\u00f3n de funci\u00f3n facilita su localizaci\u00f3n en la oscuridad. La lente funciona como linterna de distancia y, al mismo tiempo, emite luz lateral para garantizar una visibilidad panor\u00e1mica completa cuando se utiliza como luz indicadora de posici\u00f3n o luz estrobosc\u00f3pica. El Float-On se guarda f\u00e1cilmente en cualquier equipo de seguridad o en el bolsillo de un chaleco salvavidas.  <\/p>\n<p><strong>Tenga en cuenta que la tecnolog\u00eda OLAS NO est\u00e1 integrada en este producto. Haga clic aqu\u00ed para ver el sistema de flotaci\u00f3n OLAS. <\/strong><\/p>\n<p style=\"margin: 0in 0in 0.0001pt;\"><span style=\"font-size: 16px;\"><span style=\"line-height: 150%;\"><strong>En la caja:<\/strong> Float-On, cable de carga micro USB, cord\u00f3n reflectante para el cuello, gu\u00eda del usuario.<\/span><\/span><\/p>\n<p>&nbsp;<\/p>\n<p style=\"margin: 0in 0in 0.0001pt;\"><span style=\"font-size: 16px;\"><span style=\"line-height: 150%;\"> <strong>Caracter\u00edsticas:<\/strong><\/span><\/span><\/p>\n<ul>\n<li style=\"margin: 0in 0in 0.0001pt;\"><span style=\"font-size: 16px;\">Impermeable<\/span><\/li>\n<li style=\"margin: 0in 0in 0.0001pt;\"><span style=\"font-size: 16px;\">Boyante<\/span><\/li>\n<li style=\"margin: 0in 0in 0.0001pt;\"><span style=\"font-size: 16px;\">Luz estrobosc\u00f3pica activada por agua<\/span><\/li>\n<li style=\"margin: 0in 0in 0.0001pt;\"><span style=\"font-size: 16px;\">Linterna LED<\/span><\/li>\n<li style=\"margin: 0in 0in 0.0001pt;\"><span style=\"font-size: 16px;\">Indicador de duraci\u00f3n de la bater\u00eda<\/span><\/li>\n<li style=\"margin: 0in 0in 0.0001pt;\"><span style=\"font-size: 16px;\">Carga r\u00e1pida<\/span><\/li>\n<li style=\"margin: 0in 0in 0.0001pt;\"><span style=\"font-size: 16px;\">Recargable por USB<\/span><\/li>\n<\/ul>\n","protected":false},"excerpt":{"rendered":"<p>La Float-On es una linterna de bolsillo flotante e impermeable que integra de forma exclusiva la tecnolog\u00eda MOB de Exposure. Una herramienta de seguridad y linterna multifuncional tanto para navegantes principiantes como experimentados. <\/p>\n<p>Al arrojarlo por la borda o al ser usado por una persona que lo lleve puesto, flotar\u00e1. La tecnolog\u00eda MOB detecta 6 segundos de conexi\u00f3n al agua y activa la luz estrobosc\u00f3pica, que parpadea una vez por segundo durante un m\u00e1ximo de 24 horas, siendo visible hasta a 3 millas n\u00e1uticas de distancia. Los terminales de conexi\u00f3n al agua, separados y hundidos, garantizan que la tecnolog\u00eda MOB solo se active al sumergirse.  <\/p>\n<p style=\"margin: 0in 0in 0.0001pt;\"><a href=\"https:\/\/www.dropbox.com\/s\/fk04stqsp2hgk5f\/Prop%2065%20-%20DEHP.pdf?dl=0\">ADVERTENCIA: PROP 65<\/a><\/p>\n<p>&nbsp;<\/p>\n<p>&nbsp;<\/p>\n","protected":false},"featured_media":163908,"template":"","meta":{"_acf_changed":false,"om_disable_all_campaigns":false},"product_brand":[],"product_cat":[5984,5986,5988,5990,5819,5983,5775,5985,5987],"product_tag":[16091,16093,16095,16098,16097,16099],"class_list":{"0":"post-166470","1":"product","2":"type-product","3":"status-publish","4":"has-post-thumbnail","6":"product_cat-cerca-de-la-costa","7":"product_cat-comercial","8":"product_cat-deporte-de-accion-todoterreno","9":"product_cat-deportes-de-remo-pesca","10":"product_cat-exterior","11":"product_cat-interior","12":"product_cat-marina-es","13":"product_cat-off-shore-es","14":"product_cat-senderismo-escalada-campamento","15":"product_tag-antorcha-de-exposicion","16":"product_tag-antorcha-de-flotacion-de-exposicion","17":"product_tag-exposicion-flotante","18":"product_tag-luz-estroboscopica-activada-por-agua","19":"product_tag-luz-estroboscopica-flotante","20":"product_tag-luz-estroboscopica-flotante-activada-por-agua","21":"pa_boat-type-artesania-deportiva","22":"pa_product-accesorios-de-seguridad","23":"pa_terrain-rios-humedales-lagos","25":"first","26":"instock","27":"taxable","28":"shipping-taxable","29":"purchasable","30":"product-type-simple"},"acf":[],"_links":{"self":[{"href":"https:\/\/www.acrartex.com\/es\/wp-json\/wp\/v2\/product\/166470","targetHints":{"allow":["GET"]}}],"collection":[{"href":"https:\/\/www.acrartex.com\/es\/wp-json\/wp\/v2\/product"}],"about":[{"href":"https:\/\/www.acrartex.com\/es\/wp-json\/wp\/v2\/types\/product"}],"wp:featuredmedia":[{"embeddable":true,"href":"https:\/\/www.acrartex.com\/es\/wp-json\/wp\/v2\/media\/163908"}],"wp:attachment":[{"href":"https:\/\/www.acrartex.com\/es\/wp-json\/wp\/v2\/media?parent=166470"}],"wp:term":[{"taxonomy":"product_brand","embeddable":true,"href":"https:\/\/www.acrartex.com\/es\/wp-json\/wp\/v2\/product_brand?post=166470"},{"taxonomy":"product_cat","embeddable":true,"href":"https:\/\/www.acrartex.com\/es\/wp-json\/wp\/v2\/product_cat?post=166470"},{"taxonomy":"product_tag","embeddable":true,"href":"https:\/\/www.acrartex.com\/es\/wp-json\/wp\/v2\/product_tag?post=166470"}],"curies":[{"name":"wp","href":"https:\/\/api.w.org\/{rel}","templated":true}]}}