{"id":166462,"date":"2024-06-11T14:10:58","date_gmt":"2024-06-11T19:10:58","guid":{"rendered":"https:\/\/www.acrartex.com\/products\/extensor-de-exposicion-olas\/"},"modified":"2026-03-06T08:46:49","modified_gmt":"2026-03-06T13:46:49","slug":"extensor-de-exposicion-olas","status":"publish","type":"product","link":"https:\/\/www.acrartex.com\/es\/products\/extensor-de-exposicion-olas\/","title":{"rendered":"EXTENSOR DE EXPOSICI\u00d3N OLAS"},"content":{"rendered":"<h3>Ventajas del extensor<\/h3>\n<h3 class=\"title\"><strong>Configuraci\u00f3n r\u00e1pida y sencilla sin necesidad de cableado.<\/strong><\/h3>\n<ul>\n<li>Cambie su N2K, Guardian o Core al modo de emparejamiento y el extensor se conectar\u00e1 autom\u00e1ticamente y permanecer\u00e1 emparejado.<\/li>\n<li>Utilice el indicador LED del interruptor para colocar el extensor en la posici\u00f3n \u00f3ptima en la embarcaci\u00f3n. Con la bater\u00eda recargable, puede mover el extensor por la embarcaci\u00f3n. Cuando el LED del interruptor se ponga rojo fijo, la conexi\u00f3n se habr\u00e1 interrumpido. Vuelva a la posici\u00f3n donde el extensor est\u00e9 conectado y f\u00edjelo en esa posici\u00f3n.  <\/li>\n<\/ul>\n<h3 class=\"title\"><strong>Port\u00e1til y de bajo consumo (USB 5V)<\/strong><\/h3>\n<ul>\n<li>El extensor puede funcionar con su bater\u00eda interna recargable durante hasta 80 horas o, para una soluci\u00f3n permanente, se puede conectar a una fuente de alimentaci\u00f3n de 5 V con su cable USB.<\/li>\n<\/ul>\n<h3 class=\"title\"><strong>Conexi\u00f3n autom\u00e1tica del transmisor<\/strong><\/h3>\n<ul>\n<li>Cambie su N2K, Guardian o Core al modo de emparejamiento y el extensor se conectar\u00e1 autom\u00e1ticamente y permanecer\u00e1 emparejado.<\/li>\n<\/ul>\n<h3 class=\"title\"><strong>Ampl\u00eda el sistema OLAS<\/strong><\/h3>\n<ul>\n<li>A\u00f1ade hasta 15 metros de alcance adicional a los sistemas base N2K, Guardian y Core. Nota: Un extensor ampl\u00eda el alcance en 7,6 metros y se pueden usar dos extensores para ampliar el alcance del sistema en 15 metros. <\/li>\n<\/ul>\n<p>&nbsp;<\/p>\n<p>&nbsp;<\/p>\n","protected":false},"excerpt":{"rendered":"<p>El extensor OLAS es un repetidor inal\u00e1mbrico compacto y port\u00e1til para la alarma MOB NMEA 2000 OLAS N2K con interruptor de seguridad inal\u00e1mbrico, la alarma MOB OLAS Guardian con interruptor de seguridad inal\u00e1mbrico y el sistema de alarma MOB OLAS Core. Mientras que OLAS Tag, T2 y OLAS Float-On, al usarse solos con la aplicaci\u00f3n m\u00f3vil, ofrecen cobertura en embarcaciones de hasta 12 metros (40 pies), mientras que N2K, Guardian y Core ofrecen cobertura en embarcaciones de hasta 15 metros (50 pies). El extensor puede usarse con Core, Guardian o N2K para ampliar la cobertura en embarcaciones de hasta 30 metros (100 pies) de eslora. <\/p>\n<p>&nbsp;<\/p>\n","protected":false},"featured_media":163636,"template":"","meta":{"_acf_changed":false,"om_disable_all_campaigns":false},"product_brand":[],"product_cat":[5984,5986,5983,5775,5985],"product_tag":[16067,16069,11417,11403,11984,16066,16068,11973],"class_list":{"0":"post-166462","1":"product","2":"type-product","3":"status-publish","4":"has-post-thumbnail","6":"product_cat-cerca-de-la-costa","7":"product_cat-comercial","8":"product_cat-interior","9":"product_cat-marina-es","10":"product_cat-off-shore-es","11":"product_tag-extensor","12":"product_tag-extensor-inalambrico","13":"product_tag-hombre-al-agua","14":"product_tag-mob-es","15":"product_tag-rastreo-gps","16":"product_tag-reloj-de-repeticion","17":"product_tag-repetidor-inalambrico","18":"product_tag-sistema-de-hombre-al-agua","19":"pa_boat-type-lancha-fuera-borda","20":"pa_terrain-rios-humedales-lagos","22":"first","23":"instock","24":"taxable","25":"shipping-taxable","26":"purchasable","27":"product-type-simple"},"acf":[],"_links":{"self":[{"href":"https:\/\/www.acrartex.com\/es\/wp-json\/wp\/v2\/product\/166462","targetHints":{"allow":["GET"]}}],"collection":[{"href":"https:\/\/www.acrartex.com\/es\/wp-json\/wp\/v2\/product"}],"about":[{"href":"https:\/\/www.acrartex.com\/es\/wp-json\/wp\/v2\/types\/product"}],"wp:featuredmedia":[{"embeddable":true,"href":"https:\/\/www.acrartex.com\/es\/wp-json\/wp\/v2\/media\/163636"}],"wp:attachment":[{"href":"https:\/\/www.acrartex.com\/es\/wp-json\/wp\/v2\/media?parent=166462"}],"wp:term":[{"taxonomy":"product_brand","embeddable":true,"href":"https:\/\/www.acrartex.com\/es\/wp-json\/wp\/v2\/product_brand?post=166462"},{"taxonomy":"product_cat","embeddable":true,"href":"https:\/\/www.acrartex.com\/es\/wp-json\/wp\/v2\/product_cat?post=166462"},{"taxonomy":"product_tag","embeddable":true,"href":"https:\/\/www.acrartex.com\/es\/wp-json\/wp\/v2\/product_tag?post=166462"}],"curies":[{"name":"wp","href":"https:\/\/api.w.org\/{rel}","templated":true}]}}