{"id":166425,"date":"2024-06-11T14:20:02","date_gmt":"2024-06-11T19:20:02","guid":{"rendered":"https:\/\/www.acrartex.com\/products\/exposicion-olas-guardian\/"},"modified":"2024-06-11T14:20:02","modified_gmt":"2024-06-11T19:20:02","slug":"exposicion-olas-guardian","status":"publish","type":"product","link":"https:\/\/www.acrartex.com\/es\/products\/exposicion-olas-guardian\/","title":{"rendered":"EXPOSICI\u00d3N OLAS GUARDIAN"},"content":{"rendered":"<h3>Qu\u00e9 hace<\/h3>\n<p>El OLAS Guardian garantiza que los conductores de lanchas motoras y semirr\u00edgidas puedan detener su embarcaci\u00f3n al instante si el patr\u00f3n o la tripulaci\u00f3n se separan, lo que previene accidentes causados \u200b\u200bpor embarcaciones sin tripulaci\u00f3n ni control. Pueden moverse libremente por la embarcaci\u00f3n sin tener que recordar constantemente conectar, desconectar y volver a conectar un cable de seguridad. <\/p>\n<h3>Modos de etiqueta personalizables para mayor flexibilidad<\/h3>\n<p>OLAS Guardian ofrece tres modos de etiqueta seleccionables por el usuario, lo que le permite adaptar el dispositivo a sus necesidades espec\u00edficas. Puede cambiar de modo f\u00e1cilmente mediante la aplicaci\u00f3n m\u00f3vil de OLAS. A continuaci\u00f3n, se detallan los modos de etiqueta:  <\/p>\n<ul>\n<li><strong>Parada del motor<\/strong> : act\u00faa como un cord\u00f3n de seguridad, deteniendo la embarcaci\u00f3n cuando la etiqueta est\u00e1 fuera de alcance, sin activar alertas MOB.<\/li>\n<\/ul>\n<ul>\n<li><strong>Alerta MOB<\/strong> : alerta a la embarcaci\u00f3n sin cortar el motor.<\/li>\n<\/ul>\n<ul>\n<li><strong>Parada del motor + alerta MOB<\/strong> : este modo activa alertas de la tripulaci\u00f3n y apaga el motor.<\/li>\n<\/ul>\n<h3>C\u00f3mo funciona<\/h3>\n<ul>\n<li>El Guardian puede rastrear hasta 25 dispositivos transmisores OLAS (OLAS T2\/OLAS Tag\/OLAS Float-On) dentro del alcance del buque. Esto permite a la tripulaci\u00f3n y al patr\u00f3n moverse libremente por el buque con la seguridad de que, si alguien cae por la borda, se apagar\u00e1 el motor o se activar\u00e1 una alarma, lo que permitir\u00e1 una r\u00e1pida recuperaci\u00f3n. <\/li>\n<li>El Guardian se conecta a la fuente de alimentaci\u00f3n de 12\/24 V de un barco y al interruptor de seguridad existente mediante los conectores suministrados, lo que hace que su instalaci\u00f3n sea r\u00e1pida y sencilla con una usabilidad inmediata.<\/li>\n<li>Se requiere un orificio de 21 mm cerca del interruptor de seguridad existente para instalar el interruptor de control LED de acero inoxidable de 20 mm.<\/li>\n<\/ul>\n<p><em>No se requiere instalaci\u00f3n profesional, pero se recomienda ya que ACR Electronics no acepta ninguna responsabilidad por una instalaci\u00f3n incorrecta.<\/em><\/p>\n<div class=\"row\">\n<div class=\"col-xs-12 col-sm-12\">\n<h3>\u00bfPara qui\u00e9n es?<\/h3>\n<p>OLAS Guardian est\u00e1 dirigido a conductores de embarcaciones a motor, patrones y propietarios de embarcaciones preocupados por la seguridad a bordo. Conecta de forma inal\u00e1mbrica a hasta 25 tripulantes mediante transmisores OLAS port\u00e1tiles (T2, Tag o OLAS Float On Light), creando un sistema de seguridad virtual. <\/p>\n<\/div>\n<\/div>\n<div>\n<div class=\"row\">\n<div class=\"col-sm-12 col-xs-12\">\n<h3>Ventajas principales<\/h3>\n<\/div>\n<\/div>\n<div class=\"row\">\n<div class=\"col-xs-12 col-sm-6\">\n<ul>\n<li><strong>Funciona junto con el interruptor de apagado existente<\/strong> : The Guardian se puede usar en lugar o junto con un interruptor de cable de apagado existente y funcionar\u00e1 si el cable de apagado f\u00edsico no se ha conectado al controlador. \u2013 En la mayor\u00eda de los motores, una conexi\u00f3n paralela simple al interruptor de apagado existente permitir\u00e1 una capacidad de corte inal\u00e1mbrico total. <\/li>\n<li><strong>Reinicio autom\u00e1tico<\/strong> : despu\u00e9s de 5 segundos, el interruptor de apagado se desactiva, lo que permite reiniciar el motor.<\/li>\n<li><strong>Alarma incorporada<\/strong> : sonar\u00e1 una alarma de 85 db para indicar que un transmisor OLAS ha quedado fuera de alcance.<\/li>\n<li><strong>Luz de emergencia incorporada (si est\u00e1 montada externamente)<\/strong> : se iluminar\u00e1 una luz roja de emergencia de alta potencia, que ofrecer\u00e1 una indicaci\u00f3n visual clara de una alerta y al mismo tiempo actuar\u00e1 como una luz para iluminar el \u00e1rea circundante.<\/li>\n<li><strong>Selecci\u00f3n de rel\u00e9<\/strong> : la aplicaci\u00f3n OLAS permite la selecci\u00f3n de rel\u00e9 individual para ajustar f\u00e1cilmente si el transmisor OLAS activa el rel\u00e9\/corte del motor o solo activa la alarma MOB incorporada del Guardian.<\/li>\n<li><strong>Conexi\u00f3n autom\u00e1tica<\/strong> : cuando aborde su embarcaci\u00f3n y encienda el sistema, The Guardian se conectar\u00e1 autom\u00e1ticamente a cualquier dispositivo de transmisi\u00f3n OLAS encendido dentro de un radio de 2 metros.<\/li>\n<\/ul>\n<\/div>\n<div class=\"col-xs-12 col-sm-6\">\n<ul>\n<li><strong>Alerta de falta de conexi\u00f3n y anulaci\u00f3n<\/strong> : Si sube a bordo y no hay ning\u00fan transmisor encendido, el Guardian emitir\u00e1 una alerta sonora. Esta alerta puede detenerse conectando el transmisor OLAS al Guardian o apag\u00e1ndolo manualmente. Despu\u00e9s, la embarcaci\u00f3n puede navegar con normalidad utilizando el cable de seguridad.  <\/li>\n<li><strong>Modo de pausa<\/strong> : El sistema puede activarse en modo de pausa. Esto se utiliza cuando se necesita salir de la embarcaci\u00f3n con el motor al ralent\u00ed, como al bajar por un pont\u00f3n, sabiendo que el transmisor OLAS quedar\u00e1 fuera de alcance. <\/li>\n<li><strong>Conecta hasta 25 transmisores OLAS (OLAS T2, OLAS Tag u OLAS Float-On).<\/strong> Permite conectar hasta 25 transmisores a embarcaciones de mayor tama\u00f1o para conectar a la tripulaci\u00f3n y objetos con el Guardian. Con solo conectar un transmisor a un objeto, como un dispositivo de flotaci\u00f3n MOB o una embarcaci\u00f3n auxiliar, siempre estar\u00e1 al tanto de si se ha perdido algo. <\/li>\n<li><strong>Compatible con extensores.<\/strong> Se pueden usar uno o dos extensores OLAS para cubrir zonas donde la se\u00f1al del transmisor pueda verse bloqueada. Esto permite su uso en embarcaciones de hasta 30 metros (100 pies). <\/li>\n<\/ul>\n<h3>Caracter\u00edsticas de la aplicaci\u00f3n m\u00f3vil<\/h3>\n<p>El Guardian se maneja f\u00e1cilmente a trav\u00e9s de la aplicaci\u00f3n OLAS, disponible gratuitamente en la App Store para iOS y en Google Play Store para Android. Requiere un dispositivo con iOS 11 o Android 5.1 como m\u00ednimo. La aplicaci\u00f3n OLAS es una potente herramienta para controlar las funciones del Guardian y facilitar un rescate r\u00e1pido. Ofrece las siguientes funciones:   <\/p>\n<ul>\n<li>Monitorear todos los transmisores OLAS que est\u00e1n siendo rastreados<\/li>\n<li>Personalice los nombres de los transmisores OLAS para que sean f\u00e1ciles de asignar<\/li>\n<li>Comprobar el estado de la bater\u00eda de los transmisores OLAS<\/li>\n<li>Agregue nuevos transmisores OLAS al sistema Guardian.<\/li>\n<li>Pause el sistema Guardian si los transmisores abandonan el \u00e1rea por un per\u00edodo breve.<\/li>\n<li>Ajuste el tiempo antes de que el Guardian reaccione a un transmisor por la borda entre 2 y 15 segundos, lo que permite mayor libertad alrededor de embarcaciones m\u00e1s grandes.<\/li>\n<li>Ajuste entre el interruptor de corte y el modo de alarma externa.<\/li>\n<li>El modo de interruptor de apagado activa el interruptor incorporado durante 5 segundos, apagando el motor, pero permitiendo a los usuarios reiniciarlo despu\u00e9s de 5 segundos.<\/li>\n<li>El modo de alarma externa activa el interruptor integrado hasta que se cancela manualmente. Esto permite conectar alarmas externas de alta potencia en serie. <\/li>\n<li>Pausa el estado de alarma.<\/li>\n<li>Ajuste f\u00e1cilmente los transmisores individuales entre Apagado del motor (para el capit\u00e1n), Solo alarma (para pasajeros) y Pausa (para pasajeros que abandonan el barco temporalmente).<\/li>\n<li>Hacer sonar la alarma externa si el usuario de un Tag est\u00e1 fuera del alcance tanto del Guardian como de su dispositivo m\u00f3vil.<\/li>\n<li>Ajuste el tiempo antes de que se active el interruptor de corte o la alarma, lo que ofrece mayor libertad.<\/li>\n<li>Alarma de volumen m\u00e1ximo y vibraci\u00f3n en tu m\u00f3vil, sincronizada con Guardian.<\/li>\n<li>Indicaci\u00f3n de qu\u00e9 transmisor ha activado la alarma.<\/li>\n<li>Registre la ubicaci\u00f3n GPS del lugar donde se activ\u00f3 la alarma<\/li>\n<li>Gu\u00eda clara a la ubicaci\u00f3n GPS donde se activ\u00f3 la alarma.<\/li>\n<li>Visualizaci\u00f3n clara de la hora y la ubicaci\u00f3n GPS del lugar donde se activ\u00f3 la alarma y la ubicaci\u00f3n actual del usuario. \u2022 Script de emergencia VHF con ingreso autom\u00e1tico de coordenadas GPS e informaci\u00f3n personalizada de la embarcaci\u00f3n en modo Solo.<\/li>\n<li>Dise\u00f1ado para navegar solo dentro del alcance celular 2G o wifi en alta mar. El modo individual enviar\u00e1 un mensaje de texto autom\u00e1tico a un n\u00famero personalizado con su ubicaci\u00f3n y hora del incidente. Si se logra un autorrescate, se env\u00eda un mensaje de texto autom\u00e1tico para cancelar la alerta.  <\/li>\n<\/ul>\n<h3>Configuraci\u00f3n y montaje<\/h3>\n<p><strong>Cableado de 12\/24 V<\/strong><\/p>\n<p>El m\u00f3dulo Guardian se puede conectar a la fuente de alimentaci\u00f3n de su embarcaci\u00f3n para garantizar que est\u00e9 siempre conectado cuando haya electricidad. Los cables de alimentaci\u00f3n se pueden conectar f\u00e1cilmente a una fuente de alimentaci\u00f3n existente desde la bater\u00eda de la embarcaci\u00f3n. <\/p>\n<p><strong>Montaje mediante panel<\/strong><\/p>\n<p>El interruptor compacto de acero inoxidable requiere un ajuste m\u00ednimo en la consola central existente, lo que permite colocarlo a trav\u00e9s de un orificio de 21 mm.<\/p>\n<p><strong>Interruptor de control codificado por colores<\/strong><\/p>\n<p>El interruptor de control con c\u00f3digo de colores facilita el control y la configuraci\u00f3n del sistema, sin necesidad de la aplicaci\u00f3n OLAS. Durante el proceso de configuraci\u00f3n, indicar\u00e1 las etapas de configuraci\u00f3n autom\u00e1tica con una luz roja. Cuando el sistema est\u00e1 en funcionamiento, se ilumina en verde y vuelve a rojo en caso de alarma.  <\/p>\n<p><strong>Comentarios del sistema<\/strong><\/p>\n<p>El GUARDIAN indica claramente cu\u00e1ntos transmisores OLAS est\u00e1n conectados durante el proceso de configuraci\u00f3n.<\/p>\n<p>Los transmisores se pueden agregar al sistema usando la aplicaci\u00f3n m\u00f3vil o mediante un simple proceso de conmutaci\u00f3n incorporado.<\/p>\n<\/div>\n<\/div>\n<\/div>\n<div class=\"row\"><\/div>\n","protected":false},"excerpt":{"rendered":"<p>El OLAS Guardian es un interruptor inal\u00e1mbrico de parada de motor que se activa en dos segundos tras la ca\u00edda de una persona por la borda. Tiene la doble funci\u00f3n de actuar tambi\u00e9n como sistema de alarma instant\u00e1nea de hombre al agua. El Guardian se conecta f\u00e1cilmente con hasta 25 transmisores OLAS y puede cubrir una embarcaci\u00f3n de hasta 15 metros de eslora.  <\/p>\n<p><strong>En la caja:<\/strong> Guardi\u00e1n, etiqueta OLAS + bater\u00eda, cables de conexi\u00f3n de energ\u00eda, cables de conexi\u00f3n de cable de seguridad, interruptor de acero inoxidable, gu\u00eda del usuario, 5 conectores marinos.<\/p>\n<p>&nbsp;<\/p>\n<p><a href=\"https:\/\/www.dropbox.com\/s\/fk04stqsp2hgk5f\/Prop%2065%20-%20DEHP.pdf?dl=0\">ADVERTENCIA: PROP 65<\/a><\/p>\n","protected":false},"featured_media":163376,"template":"","meta":{"_acf_changed":false,"om_disable_all_campaigns":false},"product_brand":[],"product_cat":[5984,5986,5983,5775,5985],"product_tag":[12377,12368,12358,11417,12327,12390,11403,12338,12350,12076,11984,11973],"class_list":{"0":"post-166425","1":"product","2":"type-product","3":"status-publish","4":"has-post-thumbnail","6":"product_cat-cerca-de-la-costa","7":"product_cat-comercial","8":"product_cat-interior","9":"product_cat-marina-es","10":"product_cat-off-shore-es","11":"product_tag-apagado-del-motor-de-la-guardia-costera-de-ee-uu","12":"product_tag-ecos-es","13":"product_tag-esos-es","14":"product_tag-hombre-al-agua","15":"product_tag-interruptor-de-apagado-del-motor","16":"product_tag-interruptor-de-apagado-del-motor-de-la-guardia-costera-de-los-estados-unidos","17":"product_tag-mob-es","18":"product_tag-motor-apagado","19":"product_tag-motor-apagado-es","20":"product_tag-olas-es","21":"product_tag-rastreo-gps","22":"product_tag-sistema-de-hombre-al-agua","23":"pa_boat-size-0-20-es","24":"pa_boat-size-21-40-es","25":"pa_boat-size-40-80-es","26":"pa_boat-size-80-es","27":"pa_boat-type-artesania-deportiva","28":"pa_boat-type-buque-de-carga","29":"pa_boat-type-lancha-fuera-borda","30":"pa_boat-type-pesca-comercial","31":"pa_boat-type-remolcador","32":"pa_boat-type-velero","33":"pa_boat-type-yate","34":"pa_boat-type-yate-de-alquiler","35":"pa_product-productos-de-senalizacion","37":"first","38":"instock","39":"taxable","40":"shipping-taxable","41":"purchasable","42":"product-type-variable"},"acf":[],"_links":{"self":[{"href":"https:\/\/www.acrartex.com\/es\/wp-json\/wp\/v2\/product\/166425","targetHints":{"allow":["GET"]}}],"collection":[{"href":"https:\/\/www.acrartex.com\/es\/wp-json\/wp\/v2\/product"}],"about":[{"href":"https:\/\/www.acrartex.com\/es\/wp-json\/wp\/v2\/types\/product"}],"wp:featuredmedia":[{"embeddable":true,"href":"https:\/\/www.acrartex.com\/es\/wp-json\/wp\/v2\/media\/163376"}],"wp:attachment":[{"href":"https:\/\/www.acrartex.com\/es\/wp-json\/wp\/v2\/media?parent=166425"}],"wp:term":[{"taxonomy":"product_brand","embeddable":true,"href":"https:\/\/www.acrartex.com\/es\/wp-json\/wp\/v2\/product_brand?post=166425"},{"taxonomy":"product_cat","embeddable":true,"href":"https:\/\/www.acrartex.com\/es\/wp-json\/wp\/v2\/product_cat?post=166425"},{"taxonomy":"product_tag","embeddable":true,"href":"https:\/\/www.acrartex.com\/es\/wp-json\/wp\/v2\/product_tag?post=166425"}],"curies":[{"name":"wp","href":"https:\/\/api.w.org\/{rel}","templated":true}]}}