{"id":162685,"date":"2025-09-18T08:34:05","date_gmt":"2025-09-18T13:34:05","guid":{"rendered":"https:\/\/www.acrartex.com\/products\/pathfinder-ais\/"},"modified":"2026-03-06T10:17:42","modified_gmt":"2026-03-06T15:17:42","slug":"pathfinder-ais","status":"publish","type":"product","link":"https:\/\/www.acrartex.com\/es\/products\/pathfinder-ais\/","title":{"rendered":"Buscador de rutas AIS SART"},"content":{"rendered":"<p>Gracias al dise\u00f1o robusto y pr\u00e1ctico del Pathfinder Pro SART, el Pathfinder AIS ofrece alertas de socorro mediante el Sistema de Identificaci\u00f3n Autom\u00e1tica (AIS), a diferencia de los sistemas tradicionales basados en radar. El nuevo Pathfinder AIS de vanguardia transmite las coordenadas de ubicaci\u00f3n satelital GNSS\/GPS a todas las embarcaciones equipadas con AIS dentro del alcance VHF, alert\u00e1ndolas de la necesidad de asistencia de emergencia. <\/p>\n<p>El Pathfinder AIS tiene un alcance de detecci\u00f3n promedio de 5 millas n\u00e1uticas, incorpora tecnolog\u00eda de Comunicaci\u00f3n de Campo Cercano (NFC) que facilita el registro del producto y proporciona datos de prueba, y utiliza una bater\u00eda de litio con 96 horas de autonom\u00eda. Otras ventajas incluyen posicionamiento GNSS\/GPS preciso, seguimiento en tiempo real y, a diferencia de los SART de radar, los SART AIS son menos susceptibles a condiciones clim\u00e1ticas adversas como lluvia intensa o niebla. <\/p>\n<p>El Pathfinder AIS incluye un elegante soporte de pared que lo mantiene oculto y a la vez f\u00e1cilmente accesible en caso de emergencia. El poste telesc\u00f3pico opcional se conecta f\u00e1cilmente a la base del SART y proporciona m\u00e1xima altura (extensible hasta 1 m) y visibilidad desde una embarcaci\u00f3n salvavidas. El SART tambi\u00e9n puede suspenderse dentro de la embarcaci\u00f3n para un uso manos libres.  <\/p>\n<p>Dise\u00f1ado para soportar los entornos marinos m\u00e1s hostiles, el Pathfinder AIS est\u00e1 listo para funcionar en cualquier emergencia, garantizando que su se\u00f1al de socorro sea detectada por cualquier embarcaci\u00f3n equipada con AIS dentro del alcance. Su dise\u00f1o robusto garantiza que permanezca operativo cuando m\u00e1s lo necesite. <\/p>\n<p><strong><em><u>Requisitos de transporte<\/u><\/em><\/strong><\/p>\n<ul>\n<li>Todo buque SOLAS de la OMI en viajes internacionales debe llevar un SART.<\/li>\n<li>300-500 toneladas de registro bruto (TRB) deben llevar un m\u00ednimo de 1 SART<\/li>\n<li>M\u00e1s de 500 TRB de tonelaje de registro bruto (TRB) deben llevar un m\u00ednimo de 2 SART<\/li>\n<li>1 SART por cada cuatro balsas salvavidas en buques de pasajeros Ro-Ro<\/li>\n<li>Los buques de pasajeros de cualquier tama\u00f1o deben llevar un m\u00ednimo de 2 SART, independientemente de su tonelaje.<\/li>\n<li>Botes salvavidas: SOLAS exige que al menos 1 SART est\u00e9 disponible para su uso en cada embarcaci\u00f3n de supervivencia.<\/li>\n<li>Balsas salvavidas: En el caso de buques de pasajeros, si hay m\u00e1s de 2 balsas salvavidas, se deben proporcionar SART adicionales de modo que haya al menos un SART disponible por cada 2 balsas salvavidas.<\/li>\n<\/ul>\n","protected":false},"excerpt":{"rendered":"<p style=\"margin: 0in; line-height: 16.05pt;\"><span style=\"font-family: 'Tahoma',sans-serif; color: black;\">El Pathfinder AIS SART es un transmisor de b\u00fasqueda y rescate AIS totalmente homologado que cumple con la normativa SOLAS de la OMI y permite a los buques que deben cumplir con el SMSSM cumplir con el requisito obligatorio de llevar un SART. Utilizando informes de posici\u00f3n AIS de clase A, el Pathfinder AIS SART env\u00eda un total de ocho mensajes de informe de posici\u00f3n una vez por minuto para permitir el seguimiento en tiempo real. <\/span><\/p>\n<p><strong><span style=\"font-family: 'Tahoma',sans-serif; color: black;\">Este dispositivo no ha sido autorizado seg\u00fan lo exigen las regulaciones de la FCC (Comisi\u00f3n Federal de Comunicaciones).<br \/>\nEste dispositivo no se ofrece, y no puede ofrecerse para venta o alquiler, ni venderse o alquilarse, en los Estados Unidos, hasta que se obtenga autorizaci\u00f3n.<\/span><\/strong><\/p>\n<p><a href=\"https:\/\/www.dropbox.com\/s\/fk04stqsp2hgk5f\/Prop%2065%20-%20DEHP.pdf?dl=0\">ADVERTENCIA: PROP 65<\/a><\/p>\n","protected":false},"featured_media":162690,"template":"","meta":{"_acf_changed":false,"om_disable_all_campaigns":false},"product_brand":[],"product_cat":[5986,5775],"product_tag":[13372,13311,13365,13320,13315,14262,13349,13341,13323,13325,13334,13355,13330,14255,13344,13338,13369,13304,13308,13327,13360],"class_list":{"0":"post-162685","1":"product","2":"type-product","3":"status-publish","4":"has-post-thumbnail","6":"product_cat-comercial","7":"product_cat-marina-es","8":"product_tag-aprobaciones-de-inicio","9":"product_tag-bateria-de-arranque","10":"product_tag-iniciar-gmdss","11":"product_tag-iniciar-la-fiv","12":"product_tag-inicio-acr","13":"product_tag-inicio-de-la-radiobaliza-epirb","14":"product_tag-inicio-de-prueba","15":"product_tag-inicio-del-gmdss","16":"product_tag-inicio-del-otono","17":"product_tag-jotron-start","18":"product_tag-jotron-tron-sart-es","19":"product_tag-marinero","20":"product_tag-mcmurdo-sart-es","21":"product_tag-mejor-comienzo","22":"product_tag-probador-de-arranque","23":"product_tag-prueba-de-inicio","24":"product_tag-requisitos-de-inicio","25":"product_tag-sart-es","26":"product_tag-transpondedor-de-inicio","27":"product_tag-tron-sart-es","28":"product_tag-tron-sart-20-es","30":"first","31":"outofstock","32":"taxable","33":"shipping-taxable","34":"product-type-simple"},"acf":[],"_links":{"self":[{"href":"https:\/\/www.acrartex.com\/es\/wp-json\/wp\/v2\/product\/162685","targetHints":{"allow":["GET"]}}],"collection":[{"href":"https:\/\/www.acrartex.com\/es\/wp-json\/wp\/v2\/product"}],"about":[{"href":"https:\/\/www.acrartex.com\/es\/wp-json\/wp\/v2\/types\/product"}],"wp:featuredmedia":[{"embeddable":true,"href":"https:\/\/www.acrartex.com\/es\/wp-json\/wp\/v2\/media\/162690"}],"wp:attachment":[{"href":"https:\/\/www.acrartex.com\/es\/wp-json\/wp\/v2\/media?parent=162685"}],"wp:term":[{"taxonomy":"product_brand","embeddable":true,"href":"https:\/\/www.acrartex.com\/es\/wp-json\/wp\/v2\/product_brand?post=162685"},{"taxonomy":"product_cat","embeddable":true,"href":"https:\/\/www.acrartex.com\/es\/wp-json\/wp\/v2\/product_cat?post=162685"},{"taxonomy":"product_tag","embeddable":true,"href":"https:\/\/www.acrartex.com\/es\/wp-json\/wp\/v2\/product_tag?post=162685"}],"curies":[{"name":"wp","href":"https:\/\/api.w.org\/{rel}","templated":true}]}}