{"id":162594,"date":"2023-04-10T16:14:00","date_gmt":"2023-04-10T21:14:00","guid":{"rendered":"https:\/\/www.acrartex.com\/products\/elt-4000m\/"},"modified":"2023-04-10T16:14:00","modified_gmt":"2023-04-10T21:14:00","slug":"elt-4000m","status":"publish","type":"product","link":"https:\/\/www.acrartex.com\/es\/products\/elt-4000m\/","title":{"rendered":"ELT 4000M"},"content":{"rendered":"<p><strong>Descripci\u00f3n general del producto<\/strong><\/p>\n<p>El <a href=\"https:\/\/www.acrartex.com\/es\/news\/acr-electronics-lanza-artex-elt-4000m-un-innovador-emergency-locator-transmitter-de-grado-de-transporte-alimentado-por-bateria-alcalina\/\">nuevo ARTEX ELT 4000M<\/a> es un Transmisor Localizador de Emergencia (ELT) trifrecuencia apto para transporte que utiliza bater\u00edas alcalinas. Esta innovadora fuente de alimentaci\u00f3n permite que el ELT 4000M est\u00e9 completamente exento de los requisitos de condiciones especiales de la FAA. Las ventajas del ARTEX ELT 4000M en cuanto al costo de propiedad incluyen un menor gasto de bater\u00eda por ciclo, la eliminaci\u00f3n del env\u00edo de materiales peligrosos y su f\u00e1cil eliminaci\u00f3n. Una interfaz NAV integrada (ARINC429) elimina la necesidad y el gasto de instalar una unidad de interfaz NAV independiente.   <\/p>\n<p><strong>C\u00f3mo funciona el ARTEX ELT 4000M<\/strong><\/p>\n<p>El ARTEX ELT 4000M puede activarse manualmente (mediante el interruptor remoto de la cabina) o autom\u00e1ticamente (el G-Switch detecta un impacto de 2,3 G o superior) y alerta a la agencia de b\u00fasqueda y rescate m\u00e1s cercana de una emergencia. La se\u00f1al de 406 MHz, que contiene las coordenadas GPS de la aeronave, se transmite a los sat\u00e9lites Cospas-Sarsat y se retransmite al Centro de Control de Misi\u00f3n, donde se env\u00eda inmediatamente a la agencia de b\u00fasqueda y rescate m\u00e1s cercana. La baliza proporciona a los equipos de emergencia la ubicaci\u00f3n exacta con una precisi\u00f3n de 100 metros. Finalmente, la se\u00f1al de localizaci\u00f3n de 121,5 MHz ayuda a las fuerzas terrestres de b\u00fasqueda y rescate a localizar la ubicaci\u00f3n de la emergencia.   <\/p>\n<p><strong>Facilidad de instalaci\u00f3n y modernizaci\u00f3n<\/strong><\/p>\n<p>El ARTEX ELT 4000M ofrece una modernizaci\u00f3n r\u00e1pida y sencilla con opciones de instalaci\u00f3n flexibles, como un interruptor remoto de dos cables que no requiere alimentaci\u00f3n de la aeronave. El ELT 4000M cuenta con la aprobaci\u00f3n de TSO para sistemas de conmutaci\u00f3n y antena heredados, lo que facilita la modernizaci\u00f3n. Al ser un ELT de una sola salida, el ARTEX ELT 4000M utiliza la misma salida de RF y un solo cable coaxial para transmitir las se\u00f1ales de 406 MHz, 121,5 y 243,0 MHz. La interfaz de navegaci\u00f3n integrada reduce la necesidad de instalar una interfaz externa secundaria, lo que reduce considerablemente el coste de instalaci\u00f3n. El conjunto de la bandeja de montaje es compatible con la instalaci\u00f3n de los ELT ARTEX de las series C y B heredadas, lo que reduce a\u00fan m\u00e1s los costes de ingenier\u00eda.    <\/p>\n<p>&nbsp;<\/p>\n<p><strong>Caracter\u00edsticas del producto<\/strong><\/p>\n<ul>\n<li>Emergency Locator Transmitter fijo autom\u00e1tico<\/li>\n<li>Radiobaliza de socorro de tres frecuencias, se\u00f1ales de localizaci\u00f3n digitales de 406 MHz y anal\u00f3gicas de 121,5 MHz y 243,0 MHz<\/li>\n<li>Activaci\u00f3n autom\u00e1tica mediante interruptor G interno<\/li>\n<li>Antena de doble banda con conector \u00fanico y cable al transmisor (disponibles en versi\u00f3n Blade y Whip)<\/li>\n<li>Compatible con antenas antiguas<\/li>\n<li>F\u00e1cil mantenimiento e instalaci\u00f3n<\/li>\n<li>Muchas opciones de interruptores remotos de cabina disponibles<\/li>\n<li>Se puede conectar al GPS integrado a trav\u00e9s de la interfaz ARINC429 integrada<\/li>\n<li>Los datos GPS est\u00e1n integrados en la transmisi\u00f3n digital, lo que reduce el radio de b\u00fasqueda a 100 metros. Tipo Cospas-Sarsat aprobado.<\/li>\n<li>Compatible con el sistema de prueba de confirmaci\u00f3n satelital ARTEX 406Test.com<\/li>\n<li><a href=\"https:\/\/www.acrartex.com\/sv\/products\/elt-4000m-hm\/\">ARTEX ELT 4000M HM<\/a> Versi\u00f3n de helic\u00f3ptero con G-Switch de 5 ejes disponible<\/li>\n<li>Bater\u00eda de 5 a\u00f1os de duraci\u00f3n (reemplazable). Se env\u00eda con materiales no peligrosos. <\/li>\n<\/ul>\n<p>&nbsp;<\/p>\n<p><strong>Lista de paquetes<\/strong><\/p>\n<p><a href=\"https:\/\/www.dropbox.com\/scl\/fi\/23o6bmhfh4yfhkkm99yad\/8265A.pdf?rlkey=j9pb5q8p6uc7pmvwnyd2ehg7s&amp;dl=1\">Paquete b\u00e1sico 8265 ELT 4000M<\/a><\/p>\n<p><a href=\"https:\/\/www.dropbox.com\/scl\/fi\/gmfobp9uap4dljd95gezz\/8266A.pdf?rlkey=orfkkzr6hoe1m106tkv8pudfq&amp;dl=1\">8266 ELT 4000M Varilla base 1 IN<\/a><\/p>\n<p>&nbsp;<\/p>\n","protected":false},"excerpt":{"rendered":"<p>El nuevo ARTEX ELT 4000M es un Transmisor Localizador de Emergencias (ELT) de 3 frecuencias, apto para transporte, que utiliza bater\u00edas alcalinas. Esta innovadora fuente de alimentaci\u00f3n permite que el ELT 4000M est\u00e9 completamente exento de los requisitos de condiciones especiales de la FAA. En caso de emergencia, el ELT 4000M puede activarse manual o autom\u00e1ticamente para alertar r\u00e1pidamente a los equipos locales de b\u00fasqueda y rescate sobre su situaci\u00f3n. Prep\u00e1rese para lo impredecible: \u2013 Menor consumo de bater\u00eda por ciclo \u2013 Sin env\u00edo de materiales peligrosos \u2013 F\u00e1cil eliminaci\u00f3n \u2013 Interfaz de navegaci\u00f3n integrada (ARINC429)   <\/p>\n<p><a href=\"https:\/\/www.acrartex.com\/news\/acr-electronics-launches-artex-elt-4000m-an-innovative-transport-grade-emergency-locator-transmitter-powered-by-alkaline-battery\/\">Leer el comunicado de prensa<\/a><\/p>\n<p><a href=\"https:\/\/www.acrartex.com\/products\/406test-elt-self-testing-service\/\"><img loading=\"lazy\" decoding=\"async\" class=\"alignnone\" style=\"width: 250px; height: 34px;\" src=\"https:\/\/dk2ztu5ooimmu.cloudfront.net\/ckeditor_assets\/pictures\/146\/406Test_with_desc_-_Tag.gif\" alt=\"\" width=\"641\" height=\"88\"><\/a><\/p>\n<p><a href=\"mailto:ArtexSales@acrartex.com?subject= ELT %204000% 20Ventas%20Pregunta\"><img decoding=\"async\" style=\"width: 250px; height: 210px;\" src=\"\/\/dk2ztu5ooimmu.cloudfront.net\/ckeditor_assets\/pictures\/148\/ARTEX_-_ELT_4000_Ad_Bubble.gif\" alt=\"\"><\/a><\/p>\n","protected":false},"featured_media":12176,"template":"","meta":{"_acf_changed":false,"om_disable_all_campaigns":false},"product_brand":[],"product_cat":[5527,5992,8521],"product_tag":[15697,15700,15706,15694,8324,8977,8973,8124,8978,5532,8966,15708,8981,8979,8974,8976,5540,15703],"class_list":{"0":"post-162594","1":"product","2":"type-product","3":"status-publish","4":"has-post-thumbnail","6":"product_cat-aviacion","7":"product_cat-avion-de-negocios","8":"product_cat-aviones-comerciales","9":"product_tag-243-mhz-es","10":"product_tag-2430-mhz-es","11":"product_tag-3-frecuencias","12":"product_tag-4000-metros","13":"product_tag-406-mhz-elt-es","14":"product_tag-8260-es","15":"product_tag-actualizacion-elt","16":"product_tag-artex-es","17":"product_tag-condiciones-especiales-del-litio","18":"product_tag-elt-es","19":"product_tag-elt-4000-es","20":"product_tag-elt-4000m-es","21":"product_tag-elt-alcalina","22":"product_tag-elt-de-litio-exento","23":"product_tag-elt4000-es","24":"product_tag-pn-8260-es","25":"product_tag-transmisor-localizador-de-emergencia","26":"product_tag-trifrecuencia","28":"first","29":"instock","30":"taxable","31":"shipping-taxable","32":"product-type-simple"},"acf":[],"_links":{"self":[{"href":"https:\/\/www.acrartex.com\/es\/wp-json\/wp\/v2\/product\/162594","targetHints":{"allow":["GET"]}}],"collection":[{"href":"https:\/\/www.acrartex.com\/es\/wp-json\/wp\/v2\/product"}],"about":[{"href":"https:\/\/www.acrartex.com\/es\/wp-json\/wp\/v2\/types\/product"}],"wp:featuredmedia":[{"embeddable":true,"href":"https:\/\/www.acrartex.com\/es\/wp-json\/wp\/v2\/media\/12176"}],"wp:attachment":[{"href":"https:\/\/www.acrartex.com\/es\/wp-json\/wp\/v2\/media?parent=162594"}],"wp:term":[{"taxonomy":"product_brand","embeddable":true,"href":"https:\/\/www.acrartex.com\/es\/wp-json\/wp\/v2\/product_brand?post=162594"},{"taxonomy":"product_cat","embeddable":true,"href":"https:\/\/www.acrartex.com\/es\/wp-json\/wp\/v2\/product_cat?post=162594"},{"taxonomy":"product_tag","embeddable":true,"href":"https:\/\/www.acrartex.com\/es\/wp-json\/wp\/v2\/product_tag?post=162594"}],"curies":[{"name":"wp","href":"https:\/\/api.w.org\/{rel}","templated":true}]}}