{"id":161996,"date":"2025-08-20T09:58:30","date_gmt":"2025-08-20T14:58:30","guid":{"rendered":"https:\/\/www.acrartex.com\/products\/accesorios-para-reflectores-led-rcl-100-y-rcl-50\/"},"modified":"2026-03-06T08:56:56","modified_gmt":"2026-03-06T13:56:56","slug":"accesorios-para-reflectores-led-rcl-100-y-rcl-50","status":"publish","type":"product","link":"https:\/\/www.acrartex.com\/es\/products\/accesorios-para-reflectores-led-rcl-100-y-rcl-50\/","title":{"rendered":"Accesorios para reflectores LED RCL-100 y RCL-50"},"content":{"rendered":"<p><strong><em>Control moderno. Confiabilidad cl\u00e1sica. <\/em><\/strong><\/p>\n<p>&nbsp;<\/p>\n<p><strong><em>Almohadilla de puntos URP-103:<\/em><\/strong><\/p>\n<p>&nbsp;<\/p>\n<p>El panel de puntos URP-103 est\u00e1 dise\u00f1ado pensando en los navegantes modernos y presenta un estilo actualizado y una est\u00e9tica elegante y contempor\u00e1nea que se integra a la perfecci\u00f3n con los tableros y paneles de control n\u00e1uticos actuales, perfecto para reacondicionamientos o nuevas instalaciones. Tanto si actualiza una configuraci\u00f3n existente como si equipa una nueva embarcaci\u00f3n, el panel de puntos de b\u00fasqueda de \u00faltima generaci\u00f3n de ACR ofrece un nuevo nivel de estilo, funcionalidad y flexibilidad. <\/p>\n<p>&nbsp;<\/p>\n<ul>\n<li><strong>Estilo:<\/strong> Una apariencia m\u00e1s moderna con iconograf\u00eda estilizada para los botones de funci\u00f3n y un elegante anillo de acero inoxidable que encapsula los botones direccionales principales. El logotipo ACR retroiluminado a\u00f1ade un toque moderno y sirve como toque final que completa el Point Pad, realzando tanto su estilo como su funcionalidad. <\/li>\n<\/ul>\n<p>&nbsp;<\/p>\n<ul>\n<li><strong>Funci\u00f3n:<\/strong> Todos los botones, incluido el logotipo central de ACR, est\u00e1n retroiluminados con m\u00faltiples colores para indicar los diferentes modos y funciones. Con la capacidad de controlar uno o dos reflectores de forma independiente o simult\u00e1nea, los usuarios pueden alternar f\u00e1cilmente entre ellos o controlar ambos para una iluminaci\u00f3n coordinada. El URP-103 incluye una funci\u00f3n de retorno a la posici\u00f3n inicial que permite que el\/los reflector(es) vuelva(n) a la orientaci\u00f3n frontal. Gracias a la exclusiva tecnolog\u00eda XRCiZ\u2122 de ACR, su reflector permanece listo cuando m\u00e1s lo necesita. Esta funci\u00f3n de automantenimiento rota autom\u00e1ticamente la luz cada 30 d\u00edas para prevenir la corrosi\u00f3n y mantener el perfecto funcionamiento de todas las piezas m\u00f3viles y componentes el\u00e9ctricos.   <\/li>\n<\/ul>\n<p>&nbsp;<\/p>\n<ul>\n<li><strong>Flexibilidad:<\/strong> Incluye placas frontales adhesivas en blanco y negro. Elija la placa que mejor se adapte a su consola y simplemente p\u00e9guela al panel de puntos para mantener una apariencia uniforme y consistente en su embarcaci\u00f3n. <\/li>\n<\/ul>\n<p>&nbsp;<\/p>\n<p><strong><em>Control remoto inal\u00e1mbrico port\u00e1til URH-103:<\/em><\/strong><\/p>\n<p><em> <\/em><\/p>\n<p>Con una comodidad y un control inigualables al alcance de la mano, el control remoto inal\u00e1mbrico port\u00e1til URH-103 es la primera opci\u00f3n de control remoto port\u00e1til de su clase para los reflectores LED RCL-100 y RCL-50. El control remoto presenta un dise\u00f1o ergon\u00f3mico y moderno, pensado tanto para la forma como para la funci\u00f3n. El logotipo ACR en relieve le da un toque de distinci\u00f3n, mientras que los botones retroiluminados garantizan un funcionamiento impecable durante el uso nocturno. Las ranuras cuidadosamente dise\u00f1adas a ambos lados proporcionan un agarre seguro y antideslizante, incluso en condiciones de mar h\u00famedas o agitadas, para que usted mantenga el control cuando m\u00e1s lo necesita.   <\/p>\n<p>&nbsp;<\/p>\n<p><strong><em>Controlador maestro URC-104:<\/em><\/strong><\/p>\n<p>&nbsp;<\/p>\n<p>El controlador maestro URC-104 puede estar oculto, pero es fundamental para todo. Dise\u00f1ado para un montaje discreto detr\u00e1s del tablero, el URC-104 es el centro esencial que permite el control remoto sin problemas de sus LED RCL-100 y RCL-50. <strong> <\/strong>Reflectores. Es el cerebro detr\u00e1s de la operaci\u00f3n, garantizando la plena funcionalidad tanto del controlador de punto URP-103 como del control remoto inal\u00e1mbrico port\u00e1til URH-103. <\/p>\n<p>&nbsp;<\/p>\n<p><strong><u>N\u00fameros de pieza:<\/u><\/strong><\/p>\n<p>&nbsp;<\/p>\n<p>Con la introducci\u00f3n de las nuevas opciones de control de reflectores de ACR, est\u00e1n disponibles los siguientes n\u00fameros de piezas para kits de reflectores (RCL-100 LED o RCL-50 LED vendidos con nuevos accesorios incluidos) y accesorios independientes (nuevos accesorios vendidos individualmente):<\/p>\n<p>&nbsp;<\/p>\n<p><strong><em>Kits de reflectores:<\/em><\/strong><\/p>\n<p>&nbsp;<\/p>\n<table>\n<tbody>\n<tr>\n<td width=\"120\"><strong>N\u00daMERO DE PIEZA<\/strong><\/td>\n<td width=\"852\"><strong>DESCRIPCI\u00d3N<\/strong><\/td>\n<\/tr>\n<tr>\n<td width=\"120\">1978<\/td>\n<td width=\"852\">LED RCL-100, blanco, con nuevo controlador maestro URC-104 y pad de puntos URP-103<\/td>\n<\/tr>\n<tr>\n<td width=\"120\">1979<\/td>\n<td width=\"852\">LED RCL-100, negro, con nuevo controlador maestro URC-104 y pad de puntos URP-103<\/td>\n<\/tr>\n<tr>\n<td width=\"120\">1982<\/td>\n<td width=\"852\">LED RCL-50, blanco, con nuevo controlador maestro URC-104 y pad de puntos URP-103<\/td>\n<\/tr>\n<tr>\n<td width=\"120\">1983<\/td>\n<td width=\"852\">LED RCL-50, negro, con nuevo controlador maestro URC-104 y pad de puntos URP-103<\/td>\n<\/tr>\n<tr>\n<td width=\"120\">1976<\/td>\n<td width=\"852\">LED RCL-100, blanco, con nuevo controlador maestro URC-104, almohadilla de puntero URP-103 y control remoto inal\u00e1mbrico port\u00e1til URH-103<\/td>\n<\/tr>\n<tr>\n<td width=\"120\">1977<\/td>\n<td width=\"852\">LED RCL-100, negro, con nuevo controlador maestro URC-104, almohadilla de puntero URP-103 y control remoto inal\u00e1mbrico port\u00e1til URH-103<\/td>\n<\/tr>\n<tr>\n<td width=\"120\">1980<\/td>\n<td width=\"852\">LED RCL-50, blanco, con nuevo controlador maestro URC-104, pad de puntero URP-103 y control remoto inal\u00e1mbrico port\u00e1til URH-103<\/td>\n<\/tr>\n<tr>\n<td width=\"120\">1981<\/td>\n<td width=\"852\">LED RCL-50, negro, con nuevo controlador maestro URC-104, almohadilla de puntero URP-103 y control remoto inal\u00e1mbrico port\u00e1til URH-103<\/td>\n<\/tr>\n<\/tbody>\n<\/table>\n<p>&nbsp;<\/p>\n<p><strong><em>Accesorios individuales:<\/em><\/strong><\/p>\n<p>&nbsp;<\/p>\n<table>\n<tbody>\n<tr>\n<td width=\"120\"><strong>N\u00daMERO DE PIEZA<\/strong><\/td>\n<td width=\"855\"><strong>DESCRIPCI\u00d3N<\/strong><\/td>\n<\/tr>\n<tr>\n<td width=\"120\">1967<\/td>\n<td width=\"855\">Control remoto inal\u00e1mbrico port\u00e1til URH-103<\/td>\n<\/tr>\n<tr>\n<td width=\"120\">1968<\/td>\n<td width=\"855\">Almohadilla de puntos URP-103<\/td>\n<\/tr>\n<tr>\n<td width=\"120\">1970<\/td>\n<td width=\"855\">Controlador maestro URC-104<\/td>\n<\/tr>\n<tr>\n<td width=\"120\">1971<\/td>\n<td width=\"855\">Cubierta de placa de actualizaci\u00f3n URP-103 (para clientes que reemplazan su antigua almohadilla de puntos URP-102 por la nueva URP-103)<\/td>\n<\/tr>\n<tr>\n<td width=\"120\">1975<\/td>\n<td width=\"855\">Kit de control remoto universal (controlador de punto URP-103, controlador maestro URC-104 y mando inal\u00e1mbrico port\u00e1til URH-103)<\/td>\n<\/tr>\n<tr>\n<td width=\"120\">1984<\/td>\n<td width=\"855\">Kit de actualizaci\u00f3n (cubierta de placa de actualizaci\u00f3n URP-103, URC-104 y URP-103)<\/td>\n<\/tr>\n<\/tbody>\n<\/table>\n","protected":false},"excerpt":{"rendered":"<p>El control de punto URP-103, el controlador maestro URC-104 y el control remoto port\u00e1til URH-103 conforman la nueva generaci\u00f3n de accesorios de control para reflectores ACR, que ofrecen opciones de control modernizadas con mayor usabilidad y versatilidad. Dise\u00f1adas para ser retrocompatibles, estas nuevas opciones se integran a la perfecci\u00f3n con los reflectores ACR RCL-100 LED y RCL-50 LED, populares en la industria.  Este kit (n.\u00b0 de pieza 1975) incluye todos los nuevos accesorios de control de reflector. Encontrar\u00e1 opciones adicionales, como un kit de actualizaci\u00f3n para los propietarios de RCL-100 LED o RCL-50 LED que deseen actualizar, en el men\u00fa desplegable que aparece a continuaci\u00f3n en esta p\u00e1gina del producto. <\/p>\n","protected":false},"featured_media":161901,"template":"","meta":{"_acf_changed":false,"om_disable_all_campaigns":false},"product_brand":[],"product_cat":[5775,7182],"product_tag":[],"class_list":{"0":"post-161996","1":"product","2":"type-product","3":"status-publish","4":"has-post-thumbnail","6":"product_cat-marina-es","7":"product_cat-reflectores","9":"first","10":"onbackorder","11":"taxable","12":"shipping-taxable","13":"purchasable","14":"product-type-variable"},"acf":[],"_links":{"self":[{"href":"https:\/\/www.acrartex.com\/es\/wp-json\/wp\/v2\/product\/161996","targetHints":{"allow":["GET"]}}],"collection":[{"href":"https:\/\/www.acrartex.com\/es\/wp-json\/wp\/v2\/product"}],"about":[{"href":"https:\/\/www.acrartex.com\/es\/wp-json\/wp\/v2\/types\/product"}],"wp:featuredmedia":[{"embeddable":true,"href":"https:\/\/www.acrartex.com\/es\/wp-json\/wp\/v2\/media\/161901"}],"wp:attachment":[{"href":"https:\/\/www.acrartex.com\/es\/wp-json\/wp\/v2\/media?parent=161996"}],"wp:term":[{"taxonomy":"product_brand","embeddable":true,"href":"https:\/\/www.acrartex.com\/es\/wp-json\/wp\/v2\/product_brand?post=161996"},{"taxonomy":"product_cat","embeddable":true,"href":"https:\/\/www.acrartex.com\/es\/wp-json\/wp\/v2\/product_cat?post=161996"},{"taxonomy":"product_tag","embeddable":true,"href":"https:\/\/www.acrartex.com\/es\/wp-json\/wp\/v2\/product_tag?post=161996"}],"curies":[{"name":"wp","href":"https:\/\/api.w.org\/{rel}","templated":true}]}}