{"id":160378,"date":"2021-07-29T17:07:01","date_gmt":"2021-07-29T22:07:01","guid":{"rendered":"https:\/\/www.acrartex.com\/products\/globalfix-rlb-35\/"},"modified":"2021-07-29T17:07:01","modified_gmt":"2021-07-29T22:07:01","slug":"globalfix-rlb-35","status":"publish","type":"product","link":"https:\/\/www.acrartex.com\/es\/products\/globalfix-rlb-35\/","title":{"rendered":"GlobalFix RLB-35"},"content":{"rendered":"<p><a href=\"https:\/\/www.acrartex.com\/es\/products\/epirb-ais-globalfix-v5-con-return-link-service-y-aplicacion-movil\/\"><em><strong>Este producto ha sido actualizado.<\/strong><\/em><\/a><\/p>\n<div data-canvas-width=\"547.4670718954251\">\n<div data-canvas-width=\"539.4155986928106\">El motor GPS FastACQ\u2122 adquiere LAT\/LON desde un arranque en fr\u00edo mejor que los motores GPS normales.<\/div>\n<div data-canvas-width=\"371.07709150326815\"><\/div>\n<div data-canvas-width=\"371.07709150326815\">GPS FastACQ\u2122 est\u00e1 encendido hasta 25 minutos durante los primeros 45 minutos de funcionamiento.<\/div>\n<div data-canvas-width=\"516.3214869281046\"><\/div>\n<div data-canvas-width=\"516.3214869281046\">El paquete electr\u00f3nico patentado proporciona una mayor estabilidad de frecuencia para una posici\u00f3n m\u00e1s precisa a trav\u00e9s de los sat\u00e9lites LEOSAR. Precisi\u00f3n de posici\u00f3n GPS de 100 m (110 yardas), \u00f3ptima permitida por COSPAS-SARSAT. <\/div>\n<div data-canvas-width=\"482.5856732026145\"><\/div>\n<div data-canvas-width=\"482.5856732026145\">\u00danica EPIRB disponible que proporciona una prueba de adquisici\u00f3n de GPS , una autoprueba funcional completa de los circuitos internos y una prueba de voltaje de la bater\u00eda.<\/div>\n<div data-canvas-width=\"482.5856732026145\"><\/div>\n<div data-canvas-width=\"482.5856732026145\">Categor\u00eda 1: Polietileno totalmente cerrado, de alta densidad y estabilizado contra rayos UV.<\/div>\n<div data-canvas-width=\"474.1053562091504\">Soporte con liberaci\u00f3n hidrost\u00e1tica. Resiste entornos extremadamente agresivos. La liberaci\u00f3n hidrost\u00e1tica activa autom\u00e1ticamente EPIRB si la embarcaci\u00f3n se hunde a aproximadamente 4 m (13 pies).  <\/div>\n<div data-canvas-width=\"506.93075816993485\">Categor\u00eda 2: Soporte universal Low Pro2; incluye opci\u00f3n de montaje en riel y mamparo.<\/div>\n<div data-canvas-width=\"506.93075816993485\"><\/div>\n<div data-canvas-width=\"547.7559820261438\">Transmite en 406 MHz (COSPAS-SARSAT) con su se\u00f1al de socorro registrada y codificada digitalmente, y 121,5 MHz (frecuencia de localizaci\u00f3n SAR).<\/div>\n<\/div>\n","protected":false},"excerpt":{"rendered":"<p><em><strong>Este producto ha sido actualizado. <a href=\"https:\/\/www.acrartex.com\/products\/globalfix-v5-ais-epirb\/\">Haga clic aqu\u00ed<\/a> para ver las actualizaciones disponibles.<\/strong><\/em><\/p>\n<div data-canvas-width=\"547.4670718954251\">Independientemente del tipo de navegaci\u00f3n que practiques, los accidentes ocurren a diario. Si la situaci\u00f3n empeora, \u00a1aseg\u00farate de estar preparado! <\/div>\n<div data-canvas-width=\"496.097777777778\">Lo \u00faltimo en tecnolog\u00eda para salvar vidas marinas ya est\u00e1 disponible. Aproveche el poder de la EPIRB GPS GlobalFix \u2122 de 406 MHz y convierta esa situaci\u00f3n de riesgo vital en un rescate exitoso. <\/div>\n<div data-canvas-width=\"141.5316320261438\">Es tan f\u00e1cil como accionar un interruptor, y con un receptor GPS interno, el GlobalFix \u2122 adquirir\u00e1 su posici\u00f3n GPS y la transmitir\u00e1 junto con su c\u00f3digo de identificaci\u00f3n personalizado a trav\u00e9s de los sat\u00e9lites SARSAT, alertando instant\u00e1neamente a las fuerzas SAR de que necesita ayuda, \u00a1inmediatamente!<\/div>\n<div data-canvas-width=\"133.5515816993464\">El GlobalFix funciona r\u00e1pidamente. Cuando la primera r\u00e1faga de las radiobalizas contiene datos GPS , se puede notificar a las fuerzas SAR y comenzar a planificar el rescate en tan solo tres minutos. Probado independientemente en situaciones reales, el GlobalFix super\u00f3 a todas las dem\u00e1s radiobalizas de 406 MHz del mercado. <\/div>\n<p>&nbsp;<\/p>\n<p>&nbsp;<\/p>\n","protected":false},"featured_media":160379,"template":"","meta":{"_acf_changed":false,"om_disable_all_campaigns":false},"product_brand":[],"product_cat":[5775],"product_tag":[16025,16026,16027,16028,5778,5811,5782,5776,16030,16029,5792],"class_list":{"0":"post-160378","1":"product","2":"type-product","3":"status-publish","4":"has-post-thumbnail","6":"product_cat-marina-es","7":"product_tag-2742-es","8":"product_tag-2742nh-es","9":"product_tag-2744-es","10":"product_tag-2744nh-es","11":"product_tag-baliza-de-emergencia","12":"product_tag-base-de-datos-de-referencia-de-productos-quimicos-gpirb","13":"product_tag-correccion-global","14":"product_tag-radiobaliza-de-emergencia","15":"product_tag-rlb-35-es","16":"product_tag-rlb35-es","17":"product_tag-solucion-global","18":"pa_product-legado","20":"first","21":"outofstock","22":"taxable","23":"shipping-taxable","24":"product-type-simple"},"acf":[],"_links":{"self":[{"href":"https:\/\/www.acrartex.com\/es\/wp-json\/wp\/v2\/product\/160378","targetHints":{"allow":["GET"]}}],"collection":[{"href":"https:\/\/www.acrartex.com\/es\/wp-json\/wp\/v2\/product"}],"about":[{"href":"https:\/\/www.acrartex.com\/es\/wp-json\/wp\/v2\/types\/product"}],"wp:featuredmedia":[{"embeddable":true,"href":"https:\/\/www.acrartex.com\/es\/wp-json\/wp\/v2\/media\/160379"}],"wp:attachment":[{"href":"https:\/\/www.acrartex.com\/es\/wp-json\/wp\/v2\/media?parent=160378"}],"wp:term":[{"taxonomy":"product_brand","embeddable":true,"href":"https:\/\/www.acrartex.com\/es\/wp-json\/wp\/v2\/product_brand?post=160378"},{"taxonomy":"product_cat","embeddable":true,"href":"https:\/\/www.acrartex.com\/es\/wp-json\/wp\/v2\/product_cat?post=160378"},{"taxonomy":"product_tag","embeddable":true,"href":"https:\/\/www.acrartex.com\/es\/wp-json\/wp\/v2\/product_tag?post=160378"}],"curies":[{"name":"wp","href":"https:\/\/api.w.org\/{rel}","templated":true}]}}