{"id":160341,"date":"2021-08-04T14:51:40","date_gmt":"2021-08-04T19:51:40","guid":{"rendered":"https:\/\/www.acrartex.com\/products\/rls-rapidfix-rlb-epirb\/"},"modified":"2021-08-04T14:51:40","modified_gmt":"2021-08-04T19:51:40","slug":"rls-rapidfix-rlb-epirb","status":"publish","type":"product","link":"https:\/\/www.acrartex.com\/es\/products\/rls-rapidfix-rlb-epirb\/","title":{"rendered":"RLS RapidFix RLB- EPIRB"},"content":{"rendered":"<p><a href=\"https:\/\/www.acrartex.com\/no\/products\/globalfix-v5-ais-epirb-med-return-link-service-og-mobilapp\/\"><b><i>Este producto ha sido actualizado.<\/i><\/b><\/a><\/p>\n<div data-canvas-width=\"547.4670718954251\">\n<div data-canvas-width=\"482.5856732026145\">Categor\u00eda 1: Polietileno totalmente cerrado, de alta densidad y estabilizado contra rayos UV.<\/div>\n<div data-canvas-width=\"474.1053562091504\">Soporte con liberaci\u00f3n hidrost\u00e1tica. Resiste entornos extremadamente agresivos. La liberaci\u00f3n hidrost\u00e1tica activa autom\u00e1ticamente EPIRB si la embarcaci\u00f3n se hunde a aproximadamente 4 m (13 pies).  <\/div>\n<div data-canvas-width=\"506.93075816993485\">Categor\u00eda 2: Soporte universal Low Pro2; incluye opci\u00f3n de montaje en riel y mamparo.<\/div>\n<div data-canvas-width=\"506.93075816993485\"><\/div>\n<div data-canvas-width=\"547.7559820261438\">Transmite en 406 MHz (COSPAS-SARSAT) con su se\u00f1al de socorro registrada y codificada digitalmente, y 121,5 MHz (frecuencia de localizaci\u00f3n SAR).<\/div>\n<\/div>\n","protected":false},"excerpt":{"rendered":"<p><b><i>Este producto ha sido actualizado. <a href=\"https:\/\/www.acrartex.com\/products\/globalfix-v5-ais-epirb\/\">Haga clic aqu\u00ed<\/a> para ver las actualizaciones disponibles.<\/i><\/b><\/p>\n<div data-canvas-width=\"133.5515816993464\">\n<div data-canvas-width=\"516.3214869281046\">RapidFix\u2122 es una baliza habilitada para GPS que interact\u00faa con GPS externo para descargar la posici\u00f3n antes de la activaci\u00f3n.<\/div>\n<div data-canvas-width=\"516.3214869281046\"><\/div>\n<div data-canvas-width=\"516.3214869281046\">El paquete electr\u00f3nico patentado proporciona mayor estabilidad de frecuencia para una posici\u00f3n m\u00e1s precisa a trav\u00e9s de los sat\u00e9lites LEOSAR. La interfaz GPS proporciona una precisi\u00f3n de posici\u00f3n GPS de 100 m (110 yardas), la \u00f3ptima permitida por COSPAS-SARSAT. <\/div>\n<\/div>\n<p>&nbsp;<\/p>\n<p>&nbsp;<\/p>\n","protected":false},"featured_media":160343,"template":"","meta":{"_acf_changed":false,"om_disable_all_campaigns":false},"product_brand":[],"product_cat":[5775],"product_tag":[15929,15931,15933,15935,15937,15927,5778,5811,5776,15923,15925,15924],"class_list":{"0":"post-160341","1":"product","2":"type-product","3":"status-publish","4":"has-post-thumbnail","6":"product_cat-marina-es","7":"product_tag-2776-es","8":"product_tag-2776nh-es","9":"product_tag-2777-es","10":"product_tag-2777-5-es","11":"product_tag-2777-5nh-es","12":"product_tag-acr-rapidfix-es","13":"product_tag-baliza-de-emergencia","14":"product_tag-base-de-datos-de-referencia-de-productos-quimicos-gpirb","15":"product_tag-radiobaliza-de-emergencia","16":"product_tag-rapidfix-es","17":"product_tag-rlb-33-es","18":"product_tag-rlb33-es","19":"pa_product-legado","21":"first","22":"outofstock","23":"taxable","24":"shipping-taxable","25":"product-type-simple"},"acf":[],"_links":{"self":[{"href":"https:\/\/www.acrartex.com\/es\/wp-json\/wp\/v2\/product\/160341","targetHints":{"allow":["GET"]}}],"collection":[{"href":"https:\/\/www.acrartex.com\/es\/wp-json\/wp\/v2\/product"}],"about":[{"href":"https:\/\/www.acrartex.com\/es\/wp-json\/wp\/v2\/types\/product"}],"wp:featuredmedia":[{"embeddable":true,"href":"https:\/\/www.acrartex.com\/es\/wp-json\/wp\/v2\/media\/160343"}],"wp:attachment":[{"href":"https:\/\/www.acrartex.com\/es\/wp-json\/wp\/v2\/media?parent=160341"}],"wp:term":[{"taxonomy":"product_brand","embeddable":true,"href":"https:\/\/www.acrartex.com\/es\/wp-json\/wp\/v2\/product_brand?post=160341"},{"taxonomy":"product_cat","embeddable":true,"href":"https:\/\/www.acrartex.com\/es\/wp-json\/wp\/v2\/product_cat?post=160341"},{"taxonomy":"product_tag","embeddable":true,"href":"https:\/\/www.acrartex.com\/es\/wp-json\/wp\/v2\/product_tag?post=160341"}],"curies":[{"name":"wp","href":"https:\/\/api.w.org\/{rel}","templated":true}]}}