{"id":160147,"date":"2022-01-26T17:16:59","date_gmt":"2022-01-26T22:16:59","guid":{"rendered":"https:\/\/www.acrartex.com\/products\/panel-solar-bivy-de-15-w\/"},"modified":"2022-01-26T17:16:59","modified_gmt":"2022-01-26T22:16:59","slug":"panel-solar-bivy-de-15-w","status":"publish","type":"product","link":"https:\/\/www.acrartex.com\/es\/products\/panel-solar-bivy-de-15-w\/","title":{"rendered":"Panel solar Bivy de 15 W"},"content":{"rendered":"<p>TECNOLOG\u00cdA DE CARGA INTELIGENTE: El puerto USB reconoce autom\u00e1ticamente sus dispositivos para proporcionar la entrada de corriente de carga \u00f3ptima y acelerar el proceso de carga para minimizar el tiempo de carga.<\/p>\n<p>ALTA TASA DE CONVERSI\u00d3N: el panel recubierto de ETFE absorbe la luz solar de manera efectiva y convierte hasta el 20% de la energ\u00eda solar en energ\u00eda; carga sin problemas iOS, Android, Bivy Stick, paquetes de bater\u00edas, GoPro y otros dispositivos electr\u00f3nicos.<\/p>\n<p>PORT\u00c1TIL Y LIGERO: el dise\u00f1o ultradelgado y plegable hace que sea f\u00e1cil de transportar;<\/p>\n<p>A PRUEBA DE SUCIEDAD Y SALPICADURAS: \u00edndice de impermeabilidad IPX4, que es resistente a salpicaduras de agua y polvo, sin importar la direcci\u00f3n, lo que lo hace perfecto para uso en exteriores.<\/p>\n<p>Potencia: 15W<\/p>\n<dl>\n<dt>Salida: 5 V\/3 A<\/dt>\n<\/dl>\n<dl>\n<dt>Certificado: CE FCC ROHS<\/dt>\n<\/dl>\n<dl>\n<dt>Peso: 450g<\/dt>\n<dt><\/dt>\n<dt>Tama\u00f1o: (plegado) 10 pulgadas x 6,5 pulgadas x 0,75 pulgadas<\/dt>\n<dt>(Desplegado) 10 pulgadas x 19,5 pulgadas<\/dt>\n<\/dl>\n","protected":false},"excerpt":{"rendered":"<h4><span style=\"color: #ff0000;\">\u00a1Hecho con orgullo en EE. UU.!<\/span><\/h4>\n<p><a href=\"https:\/\/www.acrartex.com\/wp-content\/uploads\/2022\/01\/Prop-65-DINP.pdf\">ADVERTENCIA: PROP 65<\/a><\/p>\n","protected":false},"featured_media":160188,"template":"","meta":{"_acf_changed":false,"om_disable_all_campaigns":false},"product_brand":[],"product_cat":[6733,5819,5775],"product_tag":[15872,13157,13158,13148,13168,12105,13156,13164,5828,13154,13179,13146,13171,13177,13162,13181,13150,13175,13166,13160,13155,13170],"class_list":{"0":"post-160147","1":"product","2":"type-product","3":"status-publish","4":"has-post-thumbnail","6":"product_cat-accesorios-de-seguridad","7":"product_cat-exterior","8":"product_cat-marina-es","9":"product_tag-4605-es","10":"product_tag-acr-bivy-es","11":"product_tag-aplicacion-bivy","12":"product_tag-bivy-es","13":"product_tag-bivy-vs-plb-es","14":"product_tag-bluetooth-es","15":"product_tag-comunicacion-bidireccional","16":"product_tag-el-comunicador-satelital-mas-pequeno","17":"product_tag-gps-es","18":"product_tag-iridio","19":"product_tag-kit-bivy-y-panel-solar","20":"product_tag-kit-de-supervivencia-es","21":"product_tag-kit-de-supervivencia-bivy","22":"product_tag-kit-de-supervivencia-bivy-y-panel-solar","23":"product_tag-mini-es","24":"product_tag-mini-gps-es","25":"product_tag-palo-bivy","26":"product_tag-panel-solar-bivy","27":"product_tag-rastreo-gps-por-satelite","28":"product_tag-rescate-global","29":"product_tag-seguimiento","30":"product_tag-supervivencia-bivy","31":"pa_activity-a-campo-traviesa","32":"pa_activity-bicicleta","33":"pa_activity-camping-es","34":"pa_activity-deportes-de-remo","35":"pa_activity-escalada","36":"pa_activity-esqui-snowboard","37":"pa_activity-motonieve","38":"pa_activity-pesca","39":"pa_activity-senderismo","40":"pa_activity-todoterreno-4x4","41":"pa_aircraft-type-avion-de-pasajeros","42":"pa_aircraft-type-experimental-es","43":"pa_aircraft-type-grandes-aviones","44":"pa_aircraft-type-jets-de-tamano-mediano","45":"pa_aircraft-type-jets-ligeros","46":"pa_aircraft-type-multimotor","47":"pa_aircraft-type-rotocraft-es","48":"pa_aircraft-type-turbohelice","49":"pa_aircraft-type-un-solo-motor","50":"pa_boat-type-artesania-deportiva","51":"pa_boat-type-buque-de-carga","52":"pa_boat-type-lancha-fuera-borda","53":"pa_boat-type-pesca-comercial","54":"pa_boat-type-remolcador","55":"pa_boat-type-velero","56":"pa_boat-type-yate","57":"pa_boat-type-yate-de-alquiler","58":"pa_product-accesorios-de-seguridad","59":"pa_terrain-bosque-y-jungla","60":"pa_terrain-colina-y-montana","61":"pa_terrain-rios-humedales-lagos","62":"pa_terrain-tundra-es","64":"first","65":"instock","66":"sale","67":"taxable","68":"shipping-taxable","69":"purchasable","70":"product-type-simple"},"acf":[],"_links":{"self":[{"href":"https:\/\/www.acrartex.com\/es\/wp-json\/wp\/v2\/product\/160147","targetHints":{"allow":["GET"]}}],"collection":[{"href":"https:\/\/www.acrartex.com\/es\/wp-json\/wp\/v2\/product"}],"about":[{"href":"https:\/\/www.acrartex.com\/es\/wp-json\/wp\/v2\/types\/product"}],"wp:featuredmedia":[{"embeddable":true,"href":"https:\/\/www.acrartex.com\/es\/wp-json\/wp\/v2\/media\/160188"}],"wp:attachment":[{"href":"https:\/\/www.acrartex.com\/es\/wp-json\/wp\/v2\/media?parent=160147"}],"wp:term":[{"taxonomy":"product_brand","embeddable":true,"href":"https:\/\/www.acrartex.com\/es\/wp-json\/wp\/v2\/product_brand?post=160147"},{"taxonomy":"product_cat","embeddable":true,"href":"https:\/\/www.acrartex.com\/es\/wp-json\/wp\/v2\/product_cat?post=160147"},{"taxonomy":"product_tag","embeddable":true,"href":"https:\/\/www.acrartex.com\/es\/wp-json\/wp\/v2\/product_tag?post=160147"}],"curies":[{"name":"wp","href":"https:\/\/api.w.org\/{rel}","templated":true}]}}