{"id":160083,"date":"2022-01-28T12:52:37","date_gmt":"2022-01-28T17:52:37","guid":{"rendered":"https:\/\/www.acrartex.com\/products\/kit-completo-de-montaje-bivy\/"},"modified":"2022-01-28T12:52:37","modified_gmt":"2022-01-28T17:52:37","slug":"kit-completo-de-montaje-bivy","status":"publish","type":"product","link":"https:\/\/www.acrartex.com\/es\/products\/kit-completo-de-montaje-bivy\/","title":{"rendered":"Kit completo de montaje Bivy"},"content":{"rendered":"<p>Lleva el Bivy Stick a todas partes con el Kit de Montaje Completo. Es ideal para aventureros que cambian constantemente de una actividad a otra. El kit completo cabe f\u00e1cilmente en la funda impermeable y a prueba de golpes incluida, lo que facilita la adaptaci\u00f3n Bivy Bivy a tus necesidades.  <\/p>\n<ul class=\"a-unordered-list a-vertical a-spacing-mini\">\n<li><strong>Tr\u00edpode de pulpo<br \/>\n<\/strong> Ligero y compacto, se puede usar como bast\u00f3n de mano, tr\u00edpode para superficies irregulares o para envolver objetos.<\/li>\n<li><strong>Soporte de abrazadera flexible Jaws con cuello ajustable<br \/>\n<\/strong> Se fija r\u00e1pidamente a postes u otros objetos. F\u00e1cilmente ajustable y ligero. <\/li>\n<li><strong>Flotador de mano EVA<\/strong><br \/>\n Seguridad adicional contra ca\u00eddas accidentales al agua. Espacio de almacenamiento sellado para guardar objetos peque\u00f1os. Adaptador de 6,35 mm para conectar a un tr\u00edpode.  <\/li>\n<li><span class=\"a-list-item\"><strong>Soporte de ventosa<\/strong><br \/>\n La ventosa fija el Bivy Stick al coche.  <\/span><\/li>\n<li><span class=\"a-list-item\"><strong>Montaje en el manillar<\/strong><br \/>\n El soporte para manillar se adapta a manillares de 0,75\u201d\u20131,4\u201d (1,9\u20133,6 cm) de di\u00e1metro de su bicicleta y motocicleta y permite un movimiento de inclinaci\u00f3n de 180\u00b0.  <\/span><\/li>\n<li><strong>Clip para mochila<\/strong><br \/>\n Kit de abrazadera para tapa de mochila con rotaci\u00f3n de 360 grados y tornillos largos<\/li>\n<li><strong>Hebilla con gancho en J<\/strong><br \/>\n <span data-spm-anchor-id=\"a2700.wholesale.0.i26.35472ba2pcG0VM\">Se adhiere firmemente al soporte adhesivo para un funcionamiento sin preocupaciones y con manos libres.<\/span><\/li>\n<li><strong>Hebillas de liberaci\u00f3n y adaptador de brazo pivotante de 3 v\u00edas, conexiones largas y cortas<\/strong><\/li>\n<li><strong>Adaptadores de montaje con rosca de 1\/4&#8243;<\/strong><\/li>\n<li><strong>Soportes de almohadilla adhesiva 3M<\/strong><\/li>\n<li><strong>Tornillos extra largos y cortos<\/strong><\/li>\n<li><strong>Correas de sujeci\u00f3n<\/strong><\/li>\n<li><strong>Estuche de transporte port\u00e1til<\/strong><\/li>\n<\/ul>\n","protected":false},"excerpt":{"rendered":"<p>&nbsp;<\/p>\n<p><a href=\"https:\/\/www.dropbox.com\/s\/fk04stqsp2hgk5f\/Prop%2065%20-%20DEHP.pdf?dl=0\" data-cke-saved-href=\"https:\/\/www.dropbox.com\/s\/fk04stqsp2hgk5f\/Prop%2065%20-%20DEHP.pdf?dl=0\">ADVERTENCIA: PROP 65<\/a><\/p>\n","protected":false},"featured_media":160123,"template":"","meta":{"_acf_changed":false,"om_disable_all_campaigns":false},"product_brand":[],"product_cat":[5819,5775],"product_tag":[15872,13157,13158,13148,13168,12105,13156,13164,5828,13154,13179,13146,13171,13177,13162,13181,13150,13175,13166,13160,13155,13170],"class_list":{"0":"post-160083","1":"product","2":"type-product","3":"status-publish","4":"has-post-thumbnail","6":"product_cat-exterior","7":"product_cat-marina-es","8":"product_tag-4605-es","9":"product_tag-acr-bivy-es","10":"product_tag-aplicacion-bivy","11":"product_tag-bivy-es","12":"product_tag-bivy-vs-plb-es","13":"product_tag-bluetooth-es","14":"product_tag-comunicacion-bidireccional","15":"product_tag-el-comunicador-satelital-mas-pequeno","16":"product_tag-gps-es","17":"product_tag-iridio","18":"product_tag-kit-bivy-y-panel-solar","19":"product_tag-kit-de-supervivencia-es","20":"product_tag-kit-de-supervivencia-bivy","21":"product_tag-kit-de-supervivencia-bivy-y-panel-solar","22":"product_tag-mini-es","23":"product_tag-mini-gps-es","24":"product_tag-palo-bivy","25":"product_tag-panel-solar-bivy","26":"product_tag-rastreo-gps-por-satelite","27":"product_tag-rescate-global","28":"product_tag-seguimiento","29":"product_tag-supervivencia-bivy","30":"pa_activity-a-campo-traviesa","31":"pa_activity-bicicleta","32":"pa_activity-camping-es","33":"pa_activity-deportes-de-remo","34":"pa_activity-escalada","35":"pa_activity-esqui-snowboard","36":"pa_activity-motonieve","37":"pa_activity-pesca","38":"pa_activity-senderismo","39":"pa_activity-todoterreno-4x4","40":"pa_aircraft-type-avion-de-pasajeros","41":"pa_aircraft-type-experimental-es","42":"pa_aircraft-type-grandes-aviones","43":"pa_aircraft-type-jets-de-tamano-mediano","44":"pa_aircraft-type-jets-ligeros","45":"pa_aircraft-type-multimotor","46":"pa_aircraft-type-rotocraft-es","47":"pa_aircraft-type-turbohelice","48":"pa_aircraft-type-un-solo-motor","49":"pa_boat-type-artesania-deportiva","50":"pa_boat-type-buque-de-carga","51":"pa_boat-type-lancha-fuera-borda","52":"pa_boat-type-pesca-comercial","53":"pa_boat-type-remolcador","54":"pa_boat-type-velero","55":"pa_boat-type-yate","56":"pa_boat-type-yate-de-alquiler","57":"pa_product-accesorios-de-seguridad","58":"pa_terrain-bosque-y-jungla","59":"pa_terrain-colina-y-montana","60":"pa_terrain-rios-humedales-lagos","61":"pa_terrain-tundra-es","63":"first","64":"instock","65":"taxable","66":"shipping-taxable","67":"purchasable","68":"product-type-simple"},"acf":[],"_links":{"self":[{"href":"https:\/\/www.acrartex.com\/es\/wp-json\/wp\/v2\/product\/160083","targetHints":{"allow":["GET"]}}],"collection":[{"href":"https:\/\/www.acrartex.com\/es\/wp-json\/wp\/v2\/product"}],"about":[{"href":"https:\/\/www.acrartex.com\/es\/wp-json\/wp\/v2\/types\/product"}],"wp:featuredmedia":[{"embeddable":true,"href":"https:\/\/www.acrartex.com\/es\/wp-json\/wp\/v2\/media\/160123"}],"wp:attachment":[{"href":"https:\/\/www.acrartex.com\/es\/wp-json\/wp\/v2\/media?parent=160083"}],"wp:term":[{"taxonomy":"product_brand","embeddable":true,"href":"https:\/\/www.acrartex.com\/es\/wp-json\/wp\/v2\/product_brand?post=160083"},{"taxonomy":"product_cat","embeddable":true,"href":"https:\/\/www.acrartex.com\/es\/wp-json\/wp\/v2\/product_cat?post=160083"},{"taxonomy":"product_tag","embeddable":true,"href":"https:\/\/www.acrartex.com\/es\/wp-json\/wp\/v2\/product_tag?post=160083"}],"curies":[{"name":"wp","href":"https:\/\/api.w.org\/{rel}","templated":true}]}}