{"id":159970,"date":"2022-07-06T11:31:11","date_gmt":"2022-07-06T16:31:11","guid":{"rendered":"https:\/\/www.acrartex.com\/products\/plb-bolsa-bivy-y-mosqueton-con-correa-de-velcro\/"},"modified":"2022-07-06T11:31:11","modified_gmt":"2022-07-06T16:31:11","slug":"plb-bolsa-bivy-y-mosqueton-con-correa-de-velcro","status":"publish","type":"product","link":"https:\/\/www.acrartex.com\/es\/products\/plb-bolsa-bivy-y-mosqueton-con-correa-de-velcro\/","title":{"rendered":"PLB + Bolsa Bivy y mosquet\u00f3n con correa de velcro"},"content":{"rendered":"<p>Compatible con el ACR Bivy Stick y los ACR PLB -400, PLB -410, PLB -425 y PLB -435, este kit es un importante complemento de equipo de seguridad, ya que ayuda a garantizar que pueda mantener los productos salvavidas de ACR de forma segura en su persona para que los tenga cuando m\u00e1s los necesite.<\/p>\n<p>El mosquet\u00f3n con velcro permite sujetar la PLB o el palo Bivy a una mochila, un chaleco salvavidas o simplemente a la ropa de abrigo que se usa para diversas actividades al aire libre. Asimismo, la bolsa protectora cuenta con un enganche para cintur\u00f3n que permite sujetarla a cinturones de diferentes anchos, adem\u00e1s de a las correas de una mochila o un chaleco salvavidas. <\/p>\n<p>Dondequiera que te lleve tu aventura, ya sea un viaje a las cimas de las monta\u00f1as m\u00e1s altas, al terreno m\u00e1s desconocido o al m\u00e1s vasto de los oc\u00e9anos, disfruta de la mayor facilidad de incorporar tu PLB o Bivy Stick en tu persona o con tu equipo, haciendo que todas tus aventuras no solo sean m\u00e1s seguras, sino tambi\u00e9n m\u00e1s convenientes.<\/p>\n","protected":false},"excerpt":{"rendered":"<p>El kit de accesorios de bolsa y mosquet\u00f3n ACR con velcro ofrece numerosas opciones de uso y aborda una variedad de aplicaciones para m\u00faltiples productos ACR .<\/p>\n<p>Compatible con el ACR Bivy Stick y la serie Personal Locator Beacon ACR ResQLink (incluidas PLB -375, PLB -400, PLB -410, PLB -425 y PLB -435), este kit es un importante complemento de equipo de seguridad, ya que ayuda a garantizar que pueda mantener los productos salvavidas de ACR de forma segura en su persona para que los tenga cuando m\u00e1s los necesite.<\/p>\n<p>&nbsp;<\/p>\n<p>Esta bolsa NO es compatible con el nuevo ResQLink AIS PLB -450<\/p>\n<p>&nbsp;<\/p>\n<p>&nbsp;<\/p>\n<p><a href=\"https:\/\/www.dropbox.com\/s\/fk04stqsp2hgk5f\/Prop%2065%20-%20DEHP.pdf?dl=0\">ADVERTENCIA: PROP 65<\/a><\/p>\n","protected":false},"featured_media":27632,"template":"","meta":{"_acf_changed":false,"om_disable_all_campaigns":false},"product_brand":[],"product_cat":[6733,5819,5775],"product_tag":[],"class_list":{"0":"post-159970","1":"product","2":"type-product","3":"status-publish","4":"has-post-thumbnail","6":"product_cat-accesorios-de-seguridad","7":"product_cat-exterior","8":"product_cat-marina-es","9":"pa_activity-a-campo-traviesa","10":"pa_activity-bicicleta","11":"pa_activity-camping-es","12":"pa_activity-deportes-de-remo","13":"pa_activity-escalada","14":"pa_activity-esqui-snowboard","15":"pa_activity-motonieve","16":"pa_activity-pesca","17":"pa_activity-senderismo","18":"pa_activity-todoterreno-4x4","19":"pa_product-accesorios-de-seguridad","21":"first","22":"instock","23":"taxable","24":"shipping-taxable","25":"purchasable","26":"product-type-simple"},"acf":[],"_links":{"self":[{"href":"https:\/\/www.acrartex.com\/es\/wp-json\/wp\/v2\/product\/159970","targetHints":{"allow":["GET"]}}],"collection":[{"href":"https:\/\/www.acrartex.com\/es\/wp-json\/wp\/v2\/product"}],"about":[{"href":"https:\/\/www.acrartex.com\/es\/wp-json\/wp\/v2\/types\/product"}],"wp:featuredmedia":[{"embeddable":true,"href":"https:\/\/www.acrartex.com\/es\/wp-json\/wp\/v2\/media\/27632"}],"wp:attachment":[{"href":"https:\/\/www.acrartex.com\/es\/wp-json\/wp\/v2\/media?parent=159970"}],"wp:term":[{"taxonomy":"product_brand","embeddable":true,"href":"https:\/\/www.acrartex.com\/es\/wp-json\/wp\/v2\/product_brand?post=159970"},{"taxonomy":"product_cat","embeddable":true,"href":"https:\/\/www.acrartex.com\/es\/wp-json\/wp\/v2\/product_cat?post=159970"},{"taxonomy":"product_tag","embeddable":true,"href":"https:\/\/www.acrartex.com\/es\/wp-json\/wp\/v2\/product_tag?post=159970"}],"curies":[{"name":"wp","href":"https:\/\/api.w.org\/{rel}","templated":true}]}}