{"id":159872,"date":"2022-08-11T08:04:39","date_gmt":"2022-08-11T13:04:39","guid":{"rendered":"https:\/\/www.acrartex.com\/products\/epirb-ais-globalfix-v5-con-return-link-service-y-aplicacion-movil\/"},"modified":"2026-03-06T08:59:20","modified_gmt":"2026-03-06T13:59:20","slug":"epirb-ais-globalfix-v5-con-return-link-service-y-aplicacion-movil","status":"publish","type":"product","link":"https:\/\/www.acrartex.com\/es\/products\/epirb-ais-globalfix-v5-con-return-link-service-y-aplicacion-movil\/","title":{"rendered":"EPIRB AIS GlobalFix \u2122 V5 con Return Link Service y aplicaci\u00f3n m\u00f3vil"},"content":{"rendered":"<p class=\"ai-optimize-introduction ai-optimize-33\">Presentamos la EPIRB ( <a href=\"https:\/\/www.acrartex.com\/es\/news\/que-es-una-epirb-o-radiobaliza-de-localizacion-de-emergencia\/\">radiobaliza indicadora de posici\u00f3n de emergencia<\/a> ) m\u00e1s avanzada disponible. La nueva ACR GlobalFix V5 EPIRB combina conectividad satelital de 406 MHz con la funcionalidad Automatic Identification System ( AIS ). Esto significa que cuando la EPIRB se activa, no solo transmite su se\u00f1al de emergencia al sistema global de rescate por sat\u00e9lite <a href=\"https:\/\/www.cospas-sarsat.int\/en\/\">Cospas Sarsat<\/a> , sino que tambi\u00e9n emite un mensaje de seguridad AIS en frecuencias VHF que puede ser visto inmediatamente por cualquier embarcaci\u00f3n equipada con AIS cercana. Otras excelentes caracter\u00edsticas incluyen la tecnolog\u00eda Return Link Service ( RLS ) que proporciona confirmaci\u00f3n visual al usuario de que su mensaje de socorro ha sido recibido, una se\u00f1al de localizaci\u00f3n de 121,5 MHz y luces estrobosc\u00f3picas visibles e infrarrojas para una f\u00e1cil identificaci\u00f3n de objetivos por la noche o con poca visibilidad. Otra nueva caracter\u00edstica es Near Field Communication ( NFC ) que permite a los usuarios monitorear su EPIRB usando una aplicaci\u00f3n para tel\u00e9fonos inteligentes. ACR es el l\u00edder mundial en tecnolog\u00eda de seguridad y rescate mar\u00edtimo, y la nueva EPIRB GPS GlobalFix V5 con AIS combina la durabilidad y confiabilidad por las que son conocidos con tecnolog\u00eda avanzada dise\u00f1ada para acelerar el tiempo de respuesta de rescate.     <\/p>\n<h3 class=\"ai-optimize-34\"><strong>Rescates m\u00e1s r\u00e1pidos mediante la combinaci\u00f3n de rescate global y local mediante EPIRB AIS<\/strong><\/h3>\n<p class=\"ai-optimize-35\">La EPIRB ACR GlobalFix V5 deriva con precisi\u00f3n su posici\u00f3n en cualquier parte del mundo utilizando redes de posicionamiento GNSS ( GPS , Galileo, Glonass). Al activarse, las transmisiones de socorro de 406 MHz retransmiten la posici\u00f3n GPS EPIRB (GPIRB), con una precisi\u00f3n de 100 metros, a la red mundial de sat\u00e9lites de b\u00fasqueda y rescate Cospas Sarsat. Los identificadores EPIRB y la informaci\u00f3n de posici\u00f3n se retransmiten a las estaciones terrestres a trav\u00e9s del sistema de sat\u00e9lites que inician las operaciones de rescate. Con la tecnolog\u00eda AIS avanzada ahora incorporada en la EPIRB , una vez activada, se transmite una se\u00f1al AIS para que los buques cercanos equipados con un transpondedor AIS sean notificados instant\u00e1neamente de la ubicaci\u00f3n de la baliza del barco. Los buques equipados con AIS dentro del alcance VHF de la baliza ver\u00e1n un mensaje de seguridad en sus pantallas, incluida la identificaci\u00f3n del buque MMSI. Los buques en el \u00e1rea donde se ha activado la EPIRB pueden comenzar las operaciones de rescate y recuperaci\u00f3n inmediatamente sin tener que esperar la respuesta de emergencia de la autoridad SAR correspondiente. AIS tambi\u00e9n permite a los servicios de emergencia locales localizar f\u00e1cilmente la ubicaci\u00f3n de la EPIRB , que se presenta como un objetivo AIS en su pantalla de a bordo. Las embarcaciones cercanas con AIS a bordo pueden navegar directamente a la EPIRB seleccionando el objetivo AIS .        Este incre\u00edble avance tecnol\u00f3gico acelerar\u00e1 los tiempos de recuperaci\u00f3n, lo que seguramente salvar\u00e1 vidas.<\/p>\n<h3 class=\"ai-optimize-36\"><strong>Conectividad de tel\u00e9fonos inteligentes mediante Near Field Communication ( NFC )<\/strong><\/h3>\n<p class=\"ai-optimize-37\"><a href=\"https:\/\/www.youtube.com\/watch?v=WqE0ag4yqG4\">La tecnolog\u00eda NFC (Near Field Communication)<\/a> permite a los usuarios acceder a los diagn\u00f3sticos de la radiobaliza EPIRB desde sus tel\u00e9fonos inteligentes. Al colocar un tel\u00e9fono inteligente junto a la radiobaliza de posicionamiento de emergencia GlobalFix V5, la aplicaci\u00f3n del producto ACR se abre autom\u00e1ticamente y proporciona acceso a los datos de la radiobaliza. La informaci\u00f3n sobre el estado de la radiobaliza en la aplicaci\u00f3n incluye la duraci\u00f3n de la bater\u00eda, el n\u00famero de autopruebas realizadas, el n\u00famero de pruebas GNSS completadas y el tiempo que la radiobaliza lleva activada.   Tambi\u00e9n est\u00e1 disponible informaci\u00f3n detallada sobre cada autoprueba y prueba GNSS realizada por el dispositivo. Las pruebas GNSS muestran una vista de mapa que indica d\u00f3nde se realiz\u00f3 la prueba anterior, la fecha y hora de la prueba, el tiempo que tard\u00f3 la RLS en obtener una posici\u00f3n en las coordenadas GNSS, el n\u00famero de sat\u00e9lites utilizados para obtener dicha posici\u00f3n y su precisi\u00f3n. La sencilla conectividad de la aplicaci\u00f3n con NFC permite a los usuarios comprobar f\u00e1cilmente el estado de todas las funciones de la RLS para garantizar su correcto funcionamiento. <\/p>\n<p>&nbsp;<\/p>\n<h3 class=\"ai-optimize-38\"><strong>Return Link Service ( RLS )<\/strong><\/h3>\n<p class=\"ai-optimize-39\">El Servicio de Enlace de Retorno informa a quien activa la RLS de que se ha entregado el mensaje de socorro. Una se\u00f1al RLS, enviada a trav\u00e9s de la red de sat\u00e9lites Galileo, confirma la detecci\u00f3n del mensaje de socorro, junto con la ubicaci\u00f3n precisa de la baliza y los identificadores. Una luz azul intermitente visible indica que la RLS ha recibido correctamente el mensaje de Enlace de Retorno de la red de sat\u00e9lites Galileo.   La tranquilidad de saber que los rescatistas saben que se ha activado una EPIRB y conocen su ubicaci\u00f3n ayuda a reducir el estr\u00e9s asociado a las situaciones de emergencia.<\/p>\n<p class=\"ai-optimize-40\">ACR se especializa en dispositivos electr\u00f3nicos de rescate y otros productos salvavidas dise\u00f1ados tanto para navegantes profesionales como recreativos. Con la incorporaci\u00f3n del AIS , la innovadora EPIRB ACR GlobalFix V5 ofrece la v\u00eda de rescate m\u00e1s f\u00e1cil y r\u00e1pida. Return Link Service proporciona la seguridad de saber que su mensaje de socorro ha sido recibido, y Near Field Communication proporciona acceso a datos y funcionalidades del producto que nunca antes hab\u00edan estado disponibles para ning\u00fan cliente EPIRB . Las nuevas y avanzadas funciones de la EPIRB GlobalFix V5 la hacen perfecta para navegantes, ya sea en navegaci\u00f3n costera, en alta mar o en traves\u00edas oce\u00e1nicas.   <\/p>\n<p class=\"ai-optimize-41\">Para una radiobaliza personal EPIRB , consulte la nueva <a href=\"https:\/\/www.acrartex.com\/es\/products\/personal-locator-beacon-resqlink-ais\/\">Personal Locator Beacon ResQLink AIS<\/a><\/p>\n","protected":false},"excerpt":{"rendered":"<p>La nueva radiobaliza de localizaci\u00f3n de emergencia AIS GlobalFix V5 ACR es una innovadora EPIRB con un conjunto de caracter\u00edsticas \u00fanicas. La adici\u00f3n de una alerta AIS proporciona la ruta de rescate m\u00e1s f\u00e1cil y r\u00e1pida, mientras que la funci\u00f3n Return Link Service ( RLS ) proporciona una agradable sensaci\u00f3n de seguridad al confirmar directamente a la baliza la recepci\u00f3n de su mensaje de socorro. La incorporaci\u00f3n de Near Field Communication ( NFC ) permite la conectividad con smartphones y el acceso a datos e interacci\u00f3n con el producto, algo nunca antes disponible. Este conjunto avanzado de caracter\u00edsticas hace que la GlobalFix V5 sea perfecta para navegantes, ya sea en navegaci\u00f3n costera, en alta mar o en traves\u00edas oce\u00e1nicas.   <\/p>\n<p>&nbsp;<\/p>\n<p><a href=\"https:\/\/www.dropbox.com\/s\/fk04stqsp2hgk5f\/Prop%2065%20-%20DEHP.pdf?dl=0\">ADVERTENCIA: PROP 65<\/a><\/p>\n<p>&nbsp;<\/p>\n","protected":false},"featured_media":33693,"template":"","meta":{"_acf_changed":false,"om_disable_all_campaigns":false},"product_brand":[],"product_cat":[5984,5986,15772,5995,5983,5775,5985],"product_tag":[5778,5811,5782,15337,15828,9327,9323,9321,9331,5776,9322,9324,9325,12991,15625],"class_list":{"0":"post-159872","1":"product","2":"type-product","3":"status-publish","4":"has-post-thumbnail","6":"product_cat-cerca-de-la-costa","7":"product_cat-comercial","8":"product_cat-epirb-es","9":"product_cat-fuerzas-navales","10":"product_cat-interior","11":"product_cat-marina-es","12":"product_cat-off-shore-es","13":"product_tag-baliza-de-emergencia","14":"product_tag-base-de-datos-de-referencia-de-productos-quimicos-gpirb","15":"product_tag-correccion-global","16":"product_tag-epirb-ais","17":"product_tag-epirb-con-ais-es","18":"product_tag-epirb-con-gps-es","19":"product_tag-epirbs-es","20":"product_tag-globalfix-v4-es","21":"product_tag-gpirb-es","22":"product_tag-radiobaliza-de-emergencia","23":"product_tag-radiobaliza-globalfix","24":"product_tag-radiobaliza-gps","25":"product_tag-radiobaliza-indicadora-de-posicion-de-emergencia","26":"product_tag-return-link-service-es","27":"product_tag-rls-epirb-es","28":"pa_activity-pesca","29":"pa_boat-size-0-20-es","30":"pa_boat-size-21-40-es","31":"pa_boat-size-40-80-es","32":"pa_boat-size-80-es","33":"pa_boat-type-artesania-deportiva","34":"pa_boat-type-buque-de-carga","35":"pa_boat-type-lancha-fuera-borda","36":"pa_boat-type-pesca-comercial","37":"pa_boat-type-remolcador","38":"pa_boat-type-velero","39":"pa_boat-type-yate","40":"pa_boat-type-yate-de-alquiler","42":"first","43":"instock","44":"taxable","45":"shipping-taxable","46":"purchasable","47":"product-type-variable","48":"has-default-attributes"},"acf":[],"_links":{"self":[{"href":"https:\/\/www.acrartex.com\/es\/wp-json\/wp\/v2\/product\/159872","targetHints":{"allow":["GET"]}}],"collection":[{"href":"https:\/\/www.acrartex.com\/es\/wp-json\/wp\/v2\/product"}],"about":[{"href":"https:\/\/www.acrartex.com\/es\/wp-json\/wp\/v2\/types\/product"}],"wp:featuredmedia":[{"embeddable":true,"href":"https:\/\/www.acrartex.com\/es\/wp-json\/wp\/v2\/media\/33693"}],"wp:attachment":[{"href":"https:\/\/www.acrartex.com\/es\/wp-json\/wp\/v2\/media?parent=159872"}],"wp:term":[{"taxonomy":"product_brand","embeddable":true,"href":"https:\/\/www.acrartex.com\/es\/wp-json\/wp\/v2\/product_brand?post=159872"},{"taxonomy":"product_cat","embeddable":true,"href":"https:\/\/www.acrartex.com\/es\/wp-json\/wp\/v2\/product_cat?post=159872"},{"taxonomy":"product_tag","embeddable":true,"href":"https:\/\/www.acrartex.com\/es\/wp-json\/wp\/v2\/product_tag?post=159872"}],"curies":[{"name":"wp","href":"https:\/\/api.w.org\/{rel}","templated":true}]}}