{"id":159841,"date":"2022-11-14T18:20:23","date_gmt":"2022-11-14T23:20:23","guid":{"rendered":"https:\/\/www.acrartex.com\/products\/personal-locator-beacon-resqlink-ais\/"},"modified":"2026-03-06T10:44:12","modified_gmt":"2026-03-06T15:44:12","slug":"personal-locator-beacon-resqlink-ais","status":"publish","type":"product","link":"https:\/\/www.acrartex.com\/es\/products\/personal-locator-beacon-resqlink-ais\/","title":{"rendered":"Personal Locator Beacon ResQLink AIS"},"content":{"rendered":"<p class=\"ai-optimize-40 ai-optimize-introduction\"><b> <\/b>Un l\u00edder mundial en dispositivos de rescate y otros productos que salvan vidas en los que conf\u00edan los navegantes profesionales y recreativos, ACR se enorgullece de ofrecer el nuevo y galardonado ResQLink AIS Personal Locator Beacon ( PLB ). Este compacto faro de emergencia de alta tecnolog\u00eda es el primer PLB del mundo que incluye tanto AIS ( Automatic Identification System ) como NFC ( Near Field Communication ) adem\u00e1s de la notificaci\u00f3n satelital est\u00e1ndar a trav\u00e9s del sistema de rescate <a href=\"https:\/\/www.cospas-sarsat.int\/en\/\">Cospas Sarsat<\/a> . AIS significa notificaci\u00f3n local instant\u00e1nea para tiempos de rescate m\u00e1s r\u00e1pidos. NFC garantiza que la baliza funcione correctamente cuando se necesita y proporciona un f\u00e1cil acceso a trav\u00e9s de un tel\u00e9fono inteligente a todas las funciones y registros. El posicionamiento preciso a trav\u00e9s de GNSS ( GPS , Galileo, Glonass) y la conectividad satelital de 406 MHz significa un servicio confiable en todo el mundo. Las transmisiones de referencia de 121,5 MHz combinadas con AIS Man Overboard ( AIS MOB ) y la ayuda estrobosc\u00f3pica visible e infrarroja en la ubicaci\u00f3n de la baliza y aceleran los tiempos de recuperaci\u00f3n. El nuevo e innovador ACR ResQLink AIS es el PRIMERO en combinar todas estas caracter\u00edsticas en una baliza PLB compacta y f\u00e1cil de usar, lo que la convierte en la PRIMERA opci\u00f3n para los navegantes serios que buscan la mejor Personal Locator Beacon para sus embarcaciones.      <\/p>\n<p>&nbsp;<\/p>\n<h2 class=\"ai-optimize-41\"><strong>Emparejamiento de rescate global y local con una Personal Locator Beacon AIS<\/strong><\/h2>\n<p class=\"ai-optimize-42\">El sistema satelital Worldwide Cospas Sarsat incluye 3 constelaciones diferentes para garantizar que su se\u00f1al de socorro de 406 MHz llegue de inmediato a la red global de fuerzas de b\u00fasqueda y rescate con su ubicaci\u00f3n precisa a 100 metros. Con m\u00faltiples niveles de tecnolog\u00eda de se\u00f1alizaci\u00f3n integrada que incluyen posicionamiento de 406 MHz y GNSS ( GPS , Galileo, Glonass), la PLB tambi\u00e9n transmite una se\u00f1al de localizaci\u00f3n de 121,5 MHz que gu\u00eda a los servicios de b\u00fasqueda y rescate a la ubicaci\u00f3n actual de la baliza cuando llegan al lugar, ya que la baliza puede haberse desviado de la posici\u00f3n transmitida originalmente. La adici\u00f3n de transmisiones de baliza de hombre al agua AIS significa que ResQLink AIS alerta simult\u00e1neamente a todos los buques equipados con transpondedores AIS dentro del alcance de radio VHF de la posici\u00f3n de socorro de la PLB . Esto aumenta enormemente tanto la probabilidad como la velocidad del rescate, ya que los buques cercanos reciben las alertas AIS MOB . Inmediatamente despu\u00e9s de desplegar la baliza, se presenta un mensaje de seguridad AIS o una alarma AIS MOB con el MMSI y la ubicaci\u00f3n de la baliza en cualquier pantalla AIS dentro del alcance. Esto facilita que las embarcaciones cercanas localicen la baliza, ya que es un objetivo AIS activo en sus pantallas.     <\/p>\n<p class=\"ai-optimize-43\">El ResQLink AIS iluminar\u00e1 el camino a medida que los rescatistas llegan a la escena con una luz estrobosc\u00f3pica blanca visible y una luz estrobosc\u00f3pica infrarroja que proporciona a los rescatistas la referencia visual que necesitan durante la noche u otras operaciones de rescate con baja visibilidad.<\/p>\n<h2 class=\"ai-optimize-44\"><strong>Conectividad de tel\u00e9fonos inteligentes mediante Near Field Communication ( NFC )<\/strong><\/h2>\n<p class=\"ai-optimize-45\">La <a href=\"https:\/\/www.youtube.com\/watch?v=WqE0ag4yqG4\">integraci\u00f3n de la tecnolog\u00eda NFC<\/a> permite a los usuarios acceder c\u00f3modamente a los datos de la baliza desde su tel\u00e9fono m\u00f3vil. Con solo acercar el tel\u00e9fono a la baliza, se abre autom\u00e1ticamente la aplicaci\u00f3n de producto ACR y se accede a una gran cantidad de datos de uso, como la duraci\u00f3n de la bater\u00eda, el n\u00famero de autopruebas y pruebas GNSS completadas y, si corresponde, el tiempo que la baliza lleva activada. Tambi\u00e9n se ofrece informaci\u00f3n detallada sobre cada autoprueba y prueba GNSS realizada por la baliza, si se desea. Por cada prueba GNSS realizada correctamente, los usuarios pueden ver un mapa que muestra exactamente d\u00f3nde se realiz\u00f3, la fecha y la hora, el tiempo que la baliza tard\u00f3 en obtener una posici\u00f3n en sus coordenadas GNSS, el n\u00famero de sat\u00e9lites que utiliz\u00f3 para obtener dicha posici\u00f3n y la precisi\u00f3n de la ubicaci\u00f3n.   <\/p>\n<h2 class=\"ai-optimize-46\"><strong>Return Link Service ( RLS )<\/strong><\/h2>\n<p class=\"ai-optimize-47\">La funci\u00f3n RLS funciona enviando una se\u00f1al a trav\u00e9s de la red satelital Galileo para confirmar al usuario de la baliza que su mensaje de socorro ha sido recibido y que la Guardia Costera ha detectado su ubicaci\u00f3n. La confirmaci\u00f3n se indica claramente mediante una luz azul intermitente en la PLB . Al igual que otras balizas ACR que incluyen la importante funci\u00f3n RLS , el ResQLink AIS proporciona la tranquilidad de saber que un mensaje de socorro se ha entregado correctamente.   Comprender que los rescatistas conocen la transmisi\u00f3n y la ubicaci\u00f3n de la baliza reduce el estr\u00e9s que a menudo se asocia con los incidentes de Hombre al Agua.<\/p>\n<h2 class=\"ai-optimize-48\"><strong>Compatibilidad e integraci\u00f3n de PFD<\/strong><\/h2>\n<p class=\"ai-optimize-49\">El ResQLink AIS est\u00e1 dise\u00f1ado para instalarse dentro de un chaleco salvavidas y activarse al inflarlo (semiautom\u00e1tico). Su instalaci\u00f3n es sencilla gracias al clip del tubo de inflado oral incluido, que fija el PLB al chaleco salvavidas mediante una cinta alrededor de la c\u00e1mara del mismo. Una vez instalado correctamente, el inflado del chaleco desencadena el despliegue de la antena y la activaci\u00f3n de la baliza.  <\/p>\n<p class=\"ai-optimize-37\"><strong>Se recomienda consultar al fabricante del chaleco salvavidas antes de la instalaci\u00f3n, ya que modelos espec\u00edficos pueden tener su propio m\u00e9todo de ajuste preferido o recomendaciones de integraci\u00f3n.<\/strong><\/p>\n<p><iframe loading=\"lazy\" title=\"ResQLink AIS: Life Jacket Installation | ACR ARTEX\" width=\"500\" height=\"281\" src=\"https:\/\/www.youtube.com\/embed\/Y7BpQoea-mQ?start=5&#038;feature=oembed\" frameborder=\"0\" allow=\"accelerometer; autoplay; clipboard-write; encrypted-media; gyroscope; picture-in-picture; web-share\" referrerpolicy=\"strict-origin-when-cross-origin\" allowfullscreen><\/iframe><\/p>\n<p class=\"ai-optimize-50\">Los usuarios que no deseen instalar la PLB dentro de un chaleco salvavidas tienen la opci\u00f3n de utilizar el clip de correa incluido para sujetar la baliza a un cintur\u00f3n de tama\u00f1o adecuado o a la correa de un chaleco salvavidas inherentemente flotante.<\/p>\n<p class=\"ai-optimize-51\">La combinaci\u00f3n completa de una Personal Locator Beacon de 406 MHz combinada con una radiobaliza de hombre al agua AIS hacen del nuevo ResQLink AIS la mejor Personal Locator Beacon para que los navegantes sean rescatados r\u00e1pidamente.<\/p>\n","protected":false},"excerpt":{"rendered":"<p>La nueva Personal Locator Beacon ( PLB ) ACR ResQLink AIS es la baliza tecnol\u00f3gicamente m\u00e1s avanzada del mundo, ya que incorpora transpondedores satelitales y locales. Con la incorporaci\u00f3n de la funcionalidad Automatic Identification System ( AIS ), la tecnolog\u00eda Return Link Service ( RLS ) y la capacidad Near Field Communication ( NFC ) en una sola baliza de 406 MHz, la ResQLink AIS representa un avance crucial en la evoluci\u00f3n de la tecnolog\u00eda PLB . <\/p>\n<p>Dise\u00f1ada exclusivamente para uso mar\u00edtimo, la combinaci\u00f3n de 406 MHz y mensajes de socorro AIS integra por primera vez las funciones de rescate global y local en una sola baliza, ampliando el acceso a la Guardia Costera y a las embarcaciones de b\u00fasqueda y rescate, as\u00ed como a las embarcaciones comerciales y recreativas de la zona. Alertar a las embarcaciones locales equipadas con AIS en su proximidad permite que otras embarcaciones respondan directamente a la llamada de socorro digital con su ubicaci\u00f3n precisa. <\/p>\n<p>Adem\u00e1s, <a href=\"https:\/\/www.youtube.com\/watch?v=WqE0ag4yqG4\">la capacidad NFC<\/a> proporciona a los usuarios la primera baliza localizadora personal conectada a un tel\u00e9fono inteligente del mundo, y la nueva funci\u00f3n de servicio Return Link proporciona a los usuarios la tranquilidad de saber que su mensaje de socorro ha sido recibido y su ubicaci\u00f3n detectada por la Guardia Costera.<\/p>\n<p>&nbsp;<\/p>\n<p><a href=\"https:\/\/www.dropbox.com\/s\/8343nj28z0d7bxa\/Prop%2065%20-%20BPA.pdf?dl=0\" data-cke-saved-href=\"https:\/\/www.dropbox.com\/s\/8343nj28z0d7bxa\/Prop%2065%20-%20BPA.pdf?dl=0\">ADVERTENCIA: PROP 65<\/a><\/p>\n","protected":false},"featured_media":31791,"template":"","meta":{"_acf_changed":false,"om_disable_all_campaigns":false},"product_brand":[],"product_cat":[5984,5986,5995,5983,5775,5985,12195],"product_tag":[9565,15822,5824,11542,15627,5821],"class_list":{"0":"post-159841","1":"product","2":"type-product","3":"status-publish","4":"has-post-thumbnail","6":"product_cat-cerca-de-la-costa","7":"product_cat-comercial","8":"product_cat-fuerzas-navales","9":"product_cat-interior","10":"product_cat-marina-es","11":"product_cat-off-shore-es","12":"product_cat-personal-locator-beacon-es","13":"product_tag-ais-es","14":"product_tag-ais-plb-es","15":"product_tag-baliza-localizadora-personal","16":"product_tag-baliza-localizadora-personal-acr","17":"product_tag-personal-locator-beacon-ais-es","18":"product_tag-plb-es","19":"pa_activity-pesca","20":"pa_boat-size-0-20-es","21":"pa_boat-size-21-40-es","22":"pa_boat-size-40-80-es","23":"pa_boat-size-80-es","24":"pa_boat-type-artesania-deportiva","25":"pa_boat-type-buque-de-carga","26":"pa_boat-type-lancha-fuera-borda","27":"pa_boat-type-pesca-comercial","28":"pa_boat-type-remolcador","29":"pa_boat-type-velero","30":"pa_boat-type-yate","31":"pa_boat-type-yate-de-alquiler","32":"pa_product-rescue-beacons-es","34":"first","35":"instock","36":"taxable","37":"shipping-taxable","38":"purchasable","39":"product-type-variable"},"acf":[],"_links":{"self":[{"href":"https:\/\/www.acrartex.com\/es\/wp-json\/wp\/v2\/product\/159841","targetHints":{"allow":["GET"]}}],"collection":[{"href":"https:\/\/www.acrartex.com\/es\/wp-json\/wp\/v2\/product"}],"about":[{"href":"https:\/\/www.acrartex.com\/es\/wp-json\/wp\/v2\/types\/product"}],"wp:featuredmedia":[{"embeddable":true,"href":"https:\/\/www.acrartex.com\/es\/wp-json\/wp\/v2\/media\/31791"}],"wp:attachment":[{"href":"https:\/\/www.acrartex.com\/es\/wp-json\/wp\/v2\/media?parent=159841"}],"wp:term":[{"taxonomy":"product_brand","embeddable":true,"href":"https:\/\/www.acrartex.com\/es\/wp-json\/wp\/v2\/product_brand?post=159841"},{"taxonomy":"product_cat","embeddable":true,"href":"https:\/\/www.acrartex.com\/es\/wp-json\/wp\/v2\/product_cat?post=159841"},{"taxonomy":"product_tag","embeddable":true,"href":"https:\/\/www.acrartex.com\/es\/wp-json\/wp\/v2\/product_tag?post=159841"}],"curies":[{"name":"wp","href":"https:\/\/api.w.org\/{rel}","templated":true}]}}