{"id":159757,"date":"2022-11-14T17:30:44","date_gmt":"2022-11-14T22:30:44","guid":{"rendered":"https:\/\/www.acrartex.com\/products\/epirb-acr-globalfix-v6-con-return-link-service-y-aplicacion-movil\/"},"modified":"2026-03-11T03:42:24","modified_gmt":"2026-03-11T08:42:24","slug":"epirb-acr-globalfix-v6-con-return-link-service-y-aplicacion-movil","status":"publish","type":"product","link":"https:\/\/www.acrartex.com\/es\/products\/epirb-acr-globalfix-v6-con-return-link-service-y-aplicacion-movil\/","title":{"rendered":"EPIRB ACR GlobalFix V6 con Return Link Service y aplicaci\u00f3n m\u00f3vil"},"content":{"rendered":"<p><iframe loading=\"lazy\" title=\"GlobalFix V6 RLS EPIRB with Mobile App | ACR ARTEX\" width=\"500\" height=\"281\" src=\"https:\/\/www.youtube.com\/embed\/hm4YxhdzD5w?feature=oembed\" frameborder=\"0\" allow=\"accelerometer; autoplay; clipboard-write; encrypted-media; gyroscope; picture-in-picture; web-share\" referrerpolicy=\"strict-origin-when-cross-origin\" allowfullscreen><\/iframe><\/p>\n<p>ACR , l\u00edder mundial en dispositivos electr\u00f3nicos de seguridad mar\u00edtima, presenta una nueva EPIRB (radiobaliza de posicionamiento de emergencia) de alta tecnolog\u00eda. La nueva ACR GlobalFix V6 EPIRB utiliza conectividad satelital de 406 MHz para transmitir se\u00f1ales de emergencia al sistema global de rescate por sat\u00e9lite Cospas Sarsat. La tecnolog\u00eda Return Link Service ( RLS ) proporciona confirmaci\u00f3n visual al usuario de que se ha recibido su mensaje de socorro. Una se\u00f1al de localizaci\u00f3n de 121,5 MHz ayuda a los rescatistas a encontrar la baliza activada cuando est\u00e1n en la escena. Las luces estrobosc\u00f3picas visibles e infrarrojas ayudan a identificar objetivos por la noche o cuando la visibilidad es limitada, lo que acelera el rescate y la recuperaci\u00f3n. Una nueva funci\u00f3n llamada Near Field Communication ( NFC ) permite a los usuarios monitorear las funciones de su EPIRB mediante una aplicaci\u00f3n para tel\u00e9fonos inteligentes. ACR se dedica a la seguridad mar\u00edtima y la nueva EPIRB GlobalFix V6 proporciona tecnolog\u00eda de rescate sofisticada en un dispositivo duradero y confiable que funciona en todo el mundo.      <\/p>\n<p>&nbsp;<\/p>\n<h3><strong>Una se\u00f1al digital mundial confiable de socorro indica a los rescatistas d\u00f3nde buscar.<\/strong><\/h3>\n<p>La EPIRB ACR GlobalFix V6 obtiene su posici\u00f3n global con precisi\u00f3n mediante las redes de posicionamiento GNSS ( GPS , Galileo, Glonass). Al activarse, el dispositivo emite una se\u00f1al de socorro digital mediante una transmisi\u00f3n de socorro de 406 MHz que retransmite la posici\u00f3n de la EPIRB GPS (GPIRB), con una precisi\u00f3n de 100 metros, a la red mundial de sat\u00e9lites de b\u00fasqueda y rescate Cospas Sarsat. La informaci\u00f3n de posici\u00f3n y la identificaci\u00f3n de la embarcaci\u00f3n son retransmitidas por los sat\u00e9lites a las estaciones terrestres, lo que ayuda a determinar el alcance de la operaci\u00f3n de rescate. Una vez activada la EPIRB , se transmite una se\u00f1al de 121,5 MHz, adem\u00e1s de la se\u00f1al satelital de mayor frecuencia. Esta se\u00f1al de localizaci\u00f3n de 121,5 MHz ayuda a los rescatistas a encontrar el dispositivo al llegar al lugar del rescate, lo que es especialmente importante si la baliza se ha desviado de su ubicaci\u00f3n original. La EPIRB GlobalFix V6 tambi\u00e9n emite una luz estrobosc\u00f3pica visual e infrarroja para ayudar a los rescatistas a localizar la baliza y agilizar las operaciones de rescate.     <\/p>\n<h3><strong>Near Field Communication ( NFC ) garantiza que la EPIRB funcione correctamente  <\/strong><\/h3>\n<p>Usando <a href=\"https:\/\/www.youtube.com\/watch?v=WqE0ag4yqG4\">la aplicaci\u00f3n gratuita para tel\u00e9fonos inteligentes de ACR y la tecnolog\u00eda NFC ( Near Field Communication ),<\/a> los usuarios pueden acceder f\u00e1cilmente a los diagn\u00f3sticos de la EPIRB . Al colocar un tel\u00e9fono inteligente junto a la EPIRB GlobalFix V6, se abre la aplicaci\u00f3n de producto de ACR , que muestra los datos EPIRB . La aplicaci\u00f3n muestra la duraci\u00f3n actual de la bater\u00eda de la baliza, el n\u00famero de GNSS y autopruebas completadas, y la cantidad de tiempo que la EPIRB ha estado activada. Los usuarios pueden ver informaci\u00f3n detallada sobre cada autoprueba y prueba GNSS realizada por el dispositivo. Las pruebas GNSS incluyen una vista de mapa que muestra d\u00f3nde se realizaron pruebas anteriores, la fecha y hora de las pruebas, cu\u00e1nto tiempo tard\u00f3 la EPIRB en obtener una correcci\u00f3n en las coordenadas GNSS, el n\u00famero de sat\u00e9lites utilizados para obtener esa correcci\u00f3n y la precisi\u00f3n de la correcci\u00f3n. NFC permite a los usuarios verificar rutinariamente el estado de todas las funciones EPIRB para garantizar que funcione correctamente y est\u00e9 lista para funcionar en caso de emergencia.     <\/p>\n<p>&nbsp;<\/p>\n<h3><strong>Return Link Service ( RLS )<\/strong><\/h3>\n<p>Return Link Service indica al usuario que se ha recibido la transmisi\u00f3n de rescate de una EPIRB . La se\u00f1al RLS se env\u00eda de vuelta a trav\u00e9s de la red de sat\u00e9lites Galileo, confirmando la entrega de la se\u00f1al de socorro digital, que incluye la ubicaci\u00f3n precisa de la baliza y los identificadores. Una luz azul intermitente visible indica la recepci\u00f3n correcta del mensaje de Enlace de Retorno por EPIRB a trav\u00e9s de la red de sat\u00e9lites Galileo. Quienes se encuentren en peligro y hayan activado la baliza y recibido la confirmaci\u00f3n RLS saben que los rescatistas ser\u00e1n informados de la activaci\u00f3n y ubicaci\u00f3n EPIRB , y que se iniciar\u00e1n las operaciones de rescate.   <\/p>\n<p>&nbsp;<\/p>\n<p>ACR es un l\u00edder mundial en dispositivos electr\u00f3nicos de rescate marino y otros productos para salvar vidas. Desarrolla soluciones de equipos de rescate de calidad, como la nueva EPIRB ACR GlobalFix V6, apta para todo tipo y tama\u00f1o de embarcaciones, tanto en el sector recreativo como en el comercial. Bater\u00edas de litio de larga duraci\u00f3n, transmisi\u00f3n satelital global de 406 MHz, se\u00f1al de localizaci\u00f3n de 121,5 MHz, luces estrobosc\u00f3picas visuales e infrarrojas, y Return Link Service que informa a los usuarios de la recepci\u00f3n de su se\u00f1al de rescate, todo ello integrado en una baliza resistente al agua. Near Field Communication y la aplicaci\u00f3n gratuita ACR permiten a los usuarios comprobar el estado de EPIRB para una mayor fiabilidad. Los navegantes que navegan por la costa, trabajan en alta mar o cruzan oc\u00e9anos apreciar\u00e1n las funciones avanzadas de la EPIRB GlobalFix V6.    <\/p>\n","protected":false},"excerpt":{"rendered":"<p>La nueva EPIRB ACR GlobalFix V6 es una radiobaliza de localizaci\u00f3n de emergencia vers\u00e1til, ideal para embarcaciones recreativas y comerciales. Sus funciones de alta tecnolog\u00eda, como Return Link Service ( RLS ), ofrecen tranquilidad a los usuarios al confirmar que la radiobaliza ha enviado correctamente el mensaje de socorro y que este se ha recibido. La nueva Near Field Communication ( NFC ) de ACR permite conectar la radiobaliza a un tel\u00e9fono inteligente para un diagn\u00f3stico r\u00e1pido que demuestra que la bater\u00eda est\u00e1 cargada y que la EPIRB funciona correctamente. La GlobalFix V6 es una soluci\u00f3n de seguridad ideal para todo tipo de embarcaciones y actividades, como la navegaci\u00f3n costera, la navegaci\u00f3n en alta mar o la pesca o el trabajo en cualquier oc\u00e9ano.   <\/p>\n<p>&nbsp;<\/p>\n<p><a href=\"https:\/\/www.dropbox.com\/s\/fk04stqsp2hgk5f\/Prop%2065%20-%20DEHP.pdf?dl=0\">ADVERTENCIA: PROP 65<\/a><\/p>\n","protected":false},"featured_media":165562,"template":"","meta":{"_acf_changed":false,"om_disable_all_campaigns":false},"product_brand":[],"product_cat":[5984,5986,15772,5995,5983,5775,5985],"product_tag":[9360,15780,15778,15777,15626,5811,6863,15779,9323,15775,5776,9324,9325,15773,15776],"class_list":{"0":"post-159757","1":"product","2":"type-product","3":"status-publish","4":"has-post-thumbnail","6":"product_cat-cerca-de-la-costa","7":"product_cat-comercial","8":"product_cat-epirb-es","9":"product_cat-fuerzas-navales","10":"product_cat-interior","11":"product_cat-marina-es","12":"product_cat-off-shore-es","13":"product_tag-acr-globalfix-es","14":"product_tag-aplicacion-epirb","15":"product_tag-baliza-de-barco","16":"product_tag-baliza-epirb","17":"product_tag-baliza-gps-de-emergencia","18":"product_tag-base-de-datos-de-referencia-de-productos-quimicos-gpirb","19":"product_tag-cospas-sarsat-es","20":"product_tag-epirb-con-aplicacion-movil","21":"product_tag-epirbs-es","22":"product_tag-globalfix-v6-es","23":"product_tag-radiobaliza-de-emergencia","24":"product_tag-radiobaliza-gps","25":"product_tag-radiobaliza-indicadora-de-posicion-de-emergencia","26":"product_tag-radiofrecuencia-de-rayos-x-de-acr","27":"product_tag-v6-es","28":"pa_activity-pesca","29":"pa_boat-size-0-20-es","30":"pa_boat-size-21-40-es","31":"pa_boat-size-40-80-es","32":"pa_boat-type-artesania-deportiva","33":"pa_boat-type-lancha-fuera-borda","34":"pa_boat-type-pesca-comercial","35":"pa_boat-type-velero","36":"pa_boat-type-yate-de-alquiler","38":"first","39":"instock","40":"taxable","41":"shipping-taxable","42":"purchasable","43":"product-type-variable","44":"has-default-attributes"},"acf":[],"_links":{"self":[{"href":"https:\/\/www.acrartex.com\/es\/wp-json\/wp\/v2\/product\/159757","targetHints":{"allow":["GET"]}}],"collection":[{"href":"https:\/\/www.acrartex.com\/es\/wp-json\/wp\/v2\/product"}],"about":[{"href":"https:\/\/www.acrartex.com\/es\/wp-json\/wp\/v2\/types\/product"}],"wp:featuredmedia":[{"embeddable":true,"href":"https:\/\/www.acrartex.com\/es\/wp-json\/wp\/v2\/media\/165562"}],"wp:attachment":[{"href":"https:\/\/www.acrartex.com\/es\/wp-json\/wp\/v2\/media?parent=159757"}],"wp:term":[{"taxonomy":"product_brand","embeddable":true,"href":"https:\/\/www.acrartex.com\/es\/wp-json\/wp\/v2\/product_brand?post=159757"},{"taxonomy":"product_cat","embeddable":true,"href":"https:\/\/www.acrartex.com\/es\/wp-json\/wp\/v2\/product_cat?post=159757"},{"taxonomy":"product_tag","embeddable":true,"href":"https:\/\/www.acrartex.com\/es\/wp-json\/wp\/v2\/product_tag?post=159757"}],"curies":[{"name":"wp","href":"https:\/\/api.w.org\/{rel}","templated":true}]}}